{"id":1290,"date":"2023-09-11T21:51:26","date_gmt":"2023-09-11T21:51:26","guid":{"rendered":"https:\/\/arpa.trading\/politica-de-privacidade\/"},"modified":"2023-09-12T20:55:50","modified_gmt":"2023-09-12T20:55:50","slug":"politica-de-privacidade","status":"publish","type":"page","link":"https:\/\/arpa.trading\/pt-pt\/politica-de-privacidade\/","title":{"rendered":"Pol\u00edtica de privacidade"},"content":{"rendered":"\t\t<div data-elementor-type=\"wp-page\" data-elementor-id=\"1290\" class=\"elementor elementor-1290 elementor-804\">\n\t\t\t\t\t\t<section class=\"elementor-section elementor-top-section elementor-element elementor-element-92bb70f elementor-section-boxed elementor-section-height-default elementor-section-height-default\" data-id=\"92bb70f\" data-element_type=\"section\" data-e-type=\"section\">\n\t\t\t\t\t\t<div class=\"elementor-container elementor-column-gap-default\">\n\t\t\t\t\t<div class=\"elementor-column elementor-col-100 elementor-top-column elementor-element elementor-element-41d92c0\" data-id=\"41d92c0\" data-element_type=\"column\" data-e-type=\"column\">\n\t\t\t<div class=\"elementor-widget-wrap elementor-element-populated\">\n\t\t\t\t\t\t<div class=\"elementor-element elementor-element-3a0a97a elementor-widget elementor-widget-heading\" data-id=\"3a0a97a\" data-element_type=\"widget\" data-e-type=\"widget\" data-widget_type=\"heading.default\">\n\t\t\t\t<div class=\"elementor-widget-container\">\n\t\t\t\t\t<h2 class=\"elementor-heading-title elementor-size-default\">pol\u00edtica de privacidade<\/h2>\t\t\t\t<\/div>\n\t\t\t\t<\/div>\n\t\t\t\t\t<\/div>\n\t\t<\/div>\n\t\t\t\t\t<\/div>\n\t\t<\/section>\n\t\t\t\t<section class=\"elementor-section elementor-top-section elementor-element elementor-element-9544867 elementor-section-boxed elementor-section-height-default elementor-section-height-default\" data-id=\"9544867\" data-element_type=\"section\" data-e-type=\"section\">\n\t\t\t\t\t\t<div class=\"elementor-container elementor-column-gap-default\">\n\t\t\t\t\t<div class=\"elementor-column elementor-col-100 elementor-top-column elementor-element elementor-element-2e00533\" data-id=\"2e00533\" data-element_type=\"column\" data-e-type=\"column\">\n\t\t\t<div class=\"elementor-widget-wrap elementor-element-populated\">\n\t\t\t\t\t\t<div class=\"elementor-element elementor-element-3a3be94 elementor-widget elementor-widget-text-editor\" data-id=\"3a3be94\" data-element_type=\"widget\" data-e-type=\"widget\" data-widget_type=\"text-editor.default\">\n\t\t\t\t<div class=\"elementor-widget-container\">\n\t\t\t\t\t\t\t\t\t<div>\n<h3><b>POL\u00cdTICA DE DADOS<\/b><\/h3>\n<div><strong>Objeto:<\/strong><\/div>\n<div> <\/div>\n<div>Informa\u00e7\u00e3o nos termos do art. 13 do Regulamento (UE) 679\/2016 e da legisla\u00e7\u00e3o de cada Estado-Membro da UE. Nos termos do art. 13 do Regulamento da UE n.\u00ba 2016\/679 (doravante &#8220;RGPD 2016\/679&#8221;) e da legisla\u00e7\u00e3o de cada Estado-Membro da UE (doravante &#8220;C\u00f3digo de Privacidade&#8221;), que estabelece disposi\u00e7\u00f5es para a prote\u00e7\u00e3o das pessoas e outros sujeitos relativamente ao tratamento de dados pessoais, informamos que os dados pessoais fornecidos ser\u00e3o tratados em conformidade com a lei acima mencionada e com as obriga\u00e7\u00f5es de confidencialidade que todas as empresas pertencentes \u00e0 Arpa Trading s\u00e3o obrigadas a cumprir.<\/div>\n<div> <\/div>\n<div><strong>Que dados tratamos?<\/strong><\/div>\n<div> <\/div>\n<ul>\n<li>Dados introduzidos atrav\u00e9s do preenchimento do formul\u00e1rio de inscri\u00e7\u00e3o (nome, apelido, morada e endere\u00e7o de correio eletr\u00f3nico, n\u00famero de telefone e de telem\u00f3vel) e os dados relativos \u00e0 sua carreira profissional ou as informa\u00e7\u00f5es que divulgou no seu curr\u00edculo, bem como sobre o seu estado de sa\u00fade;<\/li>\n<li>Dados relativos \u00e0 navega\u00e7\u00e3o no nosso s\u00edtio Web, por exemplo. dados relativos ao tr\u00e1fego, localiza\u00e7\u00e3o, visitas ao s\u00edtio Web, blogue, endere\u00e7o IP, sistema operativo e navegador utilizado, cookies;<\/li>\n<li>Dados que nos fornece por correio eletr\u00f3nico, inqu\u00e9rito, bem como atrav\u00e9s dos nossos m\u00f3dulos de contacto ou atrav\u00e9s do LinkedIn.<\/li>\n<\/ul>\n<div><strong>Porque precisamos dos seus dados?<\/strong><\/div>\n<div> <\/div>\n<div>Utilizamos os seus dados para dar seguimento \u00e0 sua eventual entrevista para uma vaga na empresa e para a gest\u00e3o da rela\u00e7\u00e3o de trabalho e para fins comerciais.<\/div>\n<div>Os seus dados s\u00e3o tratados especificamente para:<\/div>\n<div> <\/div>\n<ol>\n<li>As actividades de intermedia\u00e7\u00e3o entre a oferta e a procura de m\u00e3o de obra<\/li>\n<li>As actividades com fins comerciais, o envio de informa\u00e7\u00f5es e boletins informativos.<\/li>\n<li>A partilha dos seus dados com os nossos clientes na Su\u00ed\u00e7a e em pa\u00edses terceiros que estejam \u00e0 procura de pessoal, bem como com os sujeitos p\u00fablicos e privados pelos quais o propriet\u00e1rio foi encarregado de uma das actividades mencionadas no ponto 1). Para al\u00e9m disso, os seus dados s\u00e3o transmitidos a organiza\u00e7\u00f5es e particulares na Su\u00ed\u00e7a e em pa\u00edses terceiros que apoiam o propriet\u00e1rio na presta\u00e7\u00e3o de servi\u00e7os, tais como servi\u00e7os de rede, software, publicidade, etc.).<\/li>\n<li>A partilha dos seus dados com as autoridades policiais em caso de abuso observado. A base jur\u00eddica dessas actividades \u00e9 o cumprimento de requisitos pr\u00e9-contratuais e contratuais relacionados com o servi\u00e7o, bem como a exist\u00eancia de obriga\u00e7\u00f5es legais espec\u00edficas.<\/li>\n<\/ol>\n<div><strong>Como \u00e9 que processamos os seus dados pessoais?<\/strong><\/div>\n<div> <\/div>\n<div>O tratamento dos seus dados pessoais \u00e9 efectuado digitalmente ou em papel por algumas pessoas autorizadas e formadas internamente para o efeito. O tratamento desses dados n\u00e3o inclui a tomada de decis\u00f5es automatizadas, mas envolve a defini\u00e7\u00e3o de perfis para as actividades relacionadas com a navega\u00e7\u00e3o no s\u00edtio Web atrav\u00e9s de ferramentas t\u00e9cnicas como os cookies.<\/div>\n<div> <\/div>\n<div><strong>Durante quanto tempo s\u00e3o armazenados os seus dados?<\/strong><\/div>\n<div> <\/div>\n<div>Os seus dados pessoais ser\u00e3o conservados durante o tempo necess\u00e1rio para cumprir as tarefas relacionadas com a gest\u00e3o do contrato, bem como qualquer obriga\u00e7\u00e3o legal da\u00ed decorrente. Os dados armazenados no s\u00edtio Web do propriet\u00e1rio ser\u00e3o eliminados ap\u00f3s 60 meses de inatividade. 6 meses antes da data de expira\u00e7\u00e3o, receber\u00e1 uma notifica\u00e7\u00e3o por correio eletr\u00f3nico.<\/div>\n<div> <\/div>\n<div>Os dados daqueles que n\u00e3o compram ou utilizam produtos\/servi\u00e7os, mesmo que tenham tido um contacto pr\u00e9vio com representantes da empresa, ser\u00e3o imediatamente cancelados ou processados anonimamente, sempre que a sua preserva\u00e7\u00e3o n\u00e3o se justifique de outra forma, a n\u00e3o ser que tenha sido validamente adquirido o consentimento informado das partes interessadas relativamente a uma subsequente promo\u00e7\u00e3o comercial ou atividade de pesquisa de mercado.<\/div>\n<div> <\/div>\n<div>O per\u00edodo m\u00e1ximo de conserva\u00e7\u00e3o dos dados \u00e9 de 10 anos.<\/div>\n<div> <\/div>\n<div><strong>O que acontece se n\u00e3o nos fornecer os seus dados?<\/strong><\/div>\n<div> <\/div>\n<div>O fornecimento de dados \u00e9 obrigat\u00f3rio para tudo o que \u00e9 exigido pelas obriga\u00e7\u00f5es legais e contratuais e, por conseguinte, qualquer recusa em fornec\u00ea-los, no todo ou em parte, pode dar origem \u00e0 impossibilidade de prestar os servi\u00e7os solicitados pelo propriet\u00e1rio. A empresa processa os dados facultativos dos utilizadores com base no seu consentimento, ou seja, atrav\u00e9s da aprova\u00e7\u00e3o expl\u00edcita da presente pol\u00edtica de privacidade e em rela\u00e7\u00e3o aos m\u00e9todos e finalidades descritos abaixo.<\/div>\n<div> <\/div>\n<div><strong>Quais s\u00e3o os seus direitos?<\/strong><\/div>\n<div> <\/div>\n<div>Nos termos do Regulamento Europeu 679\/2016 (RGPD) e da legisla\u00e7\u00e3o nacional, o interessado pode, de acordo com os procedimentos e dentro dos limites estabelecidos pela legisla\u00e7\u00e3o em vigor, exercer os seguintes direitos:<\/div>\n<div> <\/div>\n<ul>\n<li>Solicitar a confirma\u00e7\u00e3o do tratamento dos seus dados pessoais;<\/li>\n<li>Conhecer a origem, os objectivos do tratamento;<\/li>\n<li>A possibilidade de atualizar e retificar os seus dados, a fim de garantir a sua exatid\u00e3o;<\/li>\n<li>A possibilidade de apagar, na medida do permitido, os seus dados pessoais, bem como de limitar o seu tratamento;<\/li>\n<li>Solicitar a atualiza\u00e7\u00e3o, a corre\u00e7\u00e3o, a integra\u00e7\u00e3o, o cancelamento, a transforma\u00e7\u00e3o em forma an\u00f3nima, o bloqueio dos dados tratados em viola\u00e7\u00e3o da lei, incluindo os que deixaram de ser necess\u00e1rios para a prossecu\u00e7\u00e3o das finalidades para que foram recolhidos;<\/li>\n<li>O direito de apresentar uma queixa \u00e0 autoridade de controlo.<\/li>\n<\/ul>\n<div>O titular do tratamento dos seus dados pessoais \u00e9 a Arpa Trading.<\/div>\n<div> <\/div>\n<div><strong>Informa\u00e7\u00f5es legais importantes e termos de utiliza\u00e7\u00e3o<\/strong><\/div>\n<div> <\/div>\n<div>Solicita-se \u00e0s pessoas que acedem a este s\u00edtio Web que leiam o conte\u00fado desta p\u00e1gina e a declara\u00e7\u00e3o de exonera\u00e7\u00e3o de responsabilidade. Declaram estar de acordo com as seguintes condi\u00e7\u00f5es de utiliza\u00e7\u00e3o, restri\u00e7\u00f5es e restri\u00e7\u00f5es legais. Quem n\u00e3o aceitar o acima exposto n\u00e3o deve aceder ao website da Best Vision Ltd. (Best Vision) (doravante referida como o site da Best Vision) nem a nenhuma das p\u00e1ginas e suas liga\u00e7\u00f5es.<\/div>\n<div> <\/div>\n<div><strong>Utiliza\u00e7\u00e3o do s\u00edtio Best Vision<\/strong><\/div>\n<div> <\/div>\n<div>O s\u00edtio Best Vision est\u00e1 protegido por direitos de autor. \u00c9 poss\u00edvel descarregar ou imprimir a partir do s\u00edtio, desde que os direitos de autor n\u00e3o sejam removidos. Sem o consentimento escrito da Best Vision, \u00e9 proibida a reprodu\u00e7\u00e3o (total ou parcial), a transfer\u00eancia, a modifica\u00e7\u00e3o, a cria\u00e7\u00e3o de liga\u00e7\u00f5es ou a utiliza\u00e7\u00e3o do s\u00edtio Best Vision para qualquer utiliza\u00e7\u00e3o p\u00fablica, privada ou comercial. Ocasionalmente, a Best Vision pode modificar tanto o conte\u00fado desta p\u00e1gina como os termos da declara\u00e7\u00e3o de exonera\u00e7\u00e3o de responsabilidade. Por conseguinte, \u00e9 favor rev\u00ea-las periodicamente. O acesso continuado a este s\u00edtio Web ou o estabelecimento de uma liga\u00e7\u00e3o a este s\u00edtio Web ap\u00f3s a publica\u00e7\u00e3o de altera\u00e7\u00f5es a um deles ou a ambos constituir\u00e1 a sua aceita\u00e7\u00e3o dos mesmos, tal como modificados. Se, em qualquer momento, o utilizador n\u00e3o pretender aceitar o conte\u00fado desta p\u00e1gina, a declara\u00e7\u00e3o de exonera\u00e7\u00e3o de responsabilidade, ou ambos, deve deixar de aceder a este s\u00edtio Web ou de se ligar a ele. Se a utiliza\u00e7\u00e3o deste s\u00edtio Web criar uma rela\u00e7\u00e3o jur\u00eddica entre as pessoas que acedem a este s\u00edtio Web e a Best Vision, esta estar\u00e1 sujeita \u00e0 lei su\u00ed\u00e7a.<\/div>\n<div> <\/div>\n<div><strong>Pol\u00edtica de cookies nos s\u00edtios BestVision<\/strong><\/div>\n<div> <\/div>\n<div>A Best Vision utiliza cookies HTTP para simplificar a utiliza\u00e7\u00e3o dos seus s\u00edtios Internet. Esta declara\u00e7\u00e3o de pol\u00edtica destina-se a informar o utilizador sobre a utiliza\u00e7\u00e3o de cookies nos nossos s\u00edtios Internet.<\/div>\n<div> <\/div>\n<div><strong>O que s\u00e3o bolachas?<\/strong><\/div>\n<div> <\/div>\n<div>Os cookies s\u00e3o pequenos peda\u00e7os de dados enviados por um s\u00edtio Web e armazenados no navegador Web do utilizador enquanto este navega nesse s\u00edtio Web. Permitem recolher um conjunto de informa\u00e7\u00f5es com o objetivo de melhorar os servi\u00e7os acess\u00edveis atrav\u00e9s dos nossos s\u00edtios Internet. Com estas informa\u00e7\u00f5es, \u00e9 poss\u00edvel analisar o tr\u00e1fego nos nossos s\u00edtios Internet (n\u00famero de visitas, endere\u00e7os IP, etc.). Estas informa\u00e7\u00f5es s\u00e3o recolhidas quando o utilizador visita o nosso s\u00edtio Web e permitem-nos saber que partes das nossas p\u00e1ginas interessam mais aos nossos visitantes do s\u00edtio. Assim, podemos conhecer melhor as suas necessidades e melhorar o conte\u00fado do nosso s\u00edtio, fornecendo as informa\u00e7\u00f5es mais adequadas.<\/div>\n<div> <\/div>\n<div><strong>Como gerir os cookies.<\/strong><\/div>\n<div> <\/div>\n<div>O procedimento a seguir para a parametriza\u00e7\u00e3o dos cookies depende do navegador de Internet que utiliza. O pr\u00f3prio utilizador pode decidir se o nosso s\u00edtio Web est\u00e1 autorizado a utilizar cookies no seu computador. O utilizador tem a possibilidade de, a qualquer momento, determinar as op\u00e7\u00f5es do seu browser de forma a que nenhum cookie seja aceite e memorizado. Tem tamb\u00e9m a possibilidade de fazer aparecer uma mensagem de aviso sempre que um cookie \u00e9 aceite.<\/div>\n<div> <\/div>\n<div><strong>Posso recusar a utiliza\u00e7\u00e3o de cookies?<\/strong><\/div>\n<div> <\/div>\n<div>O utilizador pode recusar que os nossos s\u00edtios Internet utilizem cookies quando os visita.<\/div>\n<div>No entanto, a utiliza\u00e7\u00e3o de determinadas fun\u00e7\u00f5es no nosso s\u00edtio Web pode ser limitada ou desactivada se recusar os cookies do nosso s\u00edtio Web.<\/div>\n<\/div>\n\t\t\t\t\t\t\t\t<\/div>\n\t\t\t\t<\/div>\n\t\t\t\t\t<\/div>\n\t\t<\/div>\n\t\t\t\t\t<\/div>\n\t\t<\/section>\n\t\t\t\t<section class=\"elementor-section elementor-top-section elementor-element elementor-element-9d975fd elementor-section-full_width elementor-section-height-default elementor-section-height-default\" data-id=\"9d975fd\" data-element_type=\"section\" data-e-type=\"section\" data-settings=\"{&quot;background_background&quot;:&quot;classic&quot;,&quot;shape_divider_top&quot;:&quot;tilt&quot;}\">\n\t\t\t\t\t<div class=\"elementor-shape elementor-shape-top\" aria-hidden=\"true\" data-negative=\"false\">\n\t\t\t<svg xmlns=\"http:\/\/www.w3.org\/2000\/svg\" viewBox=\"0 0 1000 100\" preserveAspectRatio=\"none\">\n\t<path class=\"elementor-shape-fill\" d=\"M0,6V0h1000v100L0,6z\"\/>\n<\/svg>\t\t<\/div>\n\t\t\t\t\t<div class=\"elementor-container elementor-column-gap-default\">\n\t\t\t\t\t<div class=\"elementor-column elementor-col-100 elementor-top-column elementor-element elementor-element-230c03a\" data-id=\"230c03a\" data-element_type=\"column\" data-e-type=\"column\">\n\t\t\t<div class=\"elementor-widget-wrap\">\n\t\t\t\t\t\t\t<\/div>\n\t\t<\/div>\n\t\t\t\t\t<\/div>\n\t\t<\/section>\n\t\t\t\t<\/div>\n\t\t","protected":false},"excerpt":{"rendered":"<p>pol\u00edtica de privacidade POL\u00cdTICA DE DADOS Objeto: Informa\u00e7\u00e3o nos termos do art. 13 do Regulamento (UE) 679\/2016 e da legisla\u00e7\u00e3o de cada Estado-Membro da UE. Nos termos do art. 13 do Regulamento da UE n.\u00ba 2016\/679 (doravante &#8220;RGPD 2016\/679&#8221;) e da legisla\u00e7\u00e3o de cada Estado-Membro da UE (doravante &#8220;C\u00f3digo de Privacidade&#8221;), que estabelece disposi\u00e7\u00f5es para [&hellip;]<\/p>\n","protected":false},"author":1,"featured_media":0,"parent":0,"menu_order":0,"comment_status":"closed","ping_status":"closed","template":"","meta":{"footnotes":""},"class_list":["post-1290","page","type-page","status-publish","hentry"],"_links":{"self":[{"href":"https:\/\/arpa.trading\/pt-pt\/wp-json\/wp\/v2\/pages\/1290","targetHints":{"allow":["GET"]}}],"collection":[{"href":"https:\/\/arpa.trading\/pt-pt\/wp-json\/wp\/v2\/pages"}],"about":[{"href":"https:\/\/arpa.trading\/pt-pt\/wp-json\/wp\/v2\/types\/page"}],"author":[{"embeddable":true,"href":"https:\/\/arpa.trading\/pt-pt\/wp-json\/wp\/v2\/users\/1"}],"replies":[{"embeddable":true,"href":"https:\/\/arpa.trading\/pt-pt\/wp-json\/wp\/v2\/comments?post=1290"}],"version-history":[{"count":1,"href":"https:\/\/arpa.trading\/pt-pt\/wp-json\/wp\/v2\/pages\/1290\/revisions"}],"predecessor-version":[{"id":1291,"href":"https:\/\/arpa.trading\/pt-pt\/wp-json\/wp\/v2\/pages\/1290\/revisions\/1291"}],"wp:attachment":[{"href":"https:\/\/arpa.trading\/pt-pt\/wp-json\/wp\/v2\/media?parent=1290"}],"curies":[{"name":"wp","href":"https:\/\/api.w.org\/{rel}","templated":true}]}}