{"id":1213,"date":"2023-09-08T11:49:19","date_gmt":"2023-09-08T11:49:19","guid":{"rendered":"https:\/\/arpa.trading\/produtos-de-base\/"},"modified":"2023-09-12T20:38:38","modified_gmt":"2023-09-12T20:38:38","slug":"produtos-de-base","status":"publish","type":"page","link":"https:\/\/arpa.trading\/pt-pt\/produtos-de-base\/","title":{"rendered":"Produtos de base"},"content":{"rendered":"\t\t<div data-elementor-type=\"wp-page\" data-elementor-id=\"1213\" class=\"elementor elementor-1213 elementor-21\">\n\t\t\t\t\t\t<section class=\"elementor-section elementor-top-section elementor-element elementor-element-09ba2d4 elementor-section-height-min-height elementor-section-boxed elementor-section-height-default elementor-section-items-middle\" data-id=\"09ba2d4\" data-element_type=\"section\" data-e-type=\"section\" data-settings=\"{&quot;background_background&quot;:&quot;classic&quot;,&quot;shape_divider_bottom&quot;:&quot;tilt&quot;}\">\n\t\t\t\t\t\t\t<div class=\"elementor-background-overlay\"><\/div>\n\t\t\t\t\t\t<div class=\"elementor-shape elementor-shape-bottom\" aria-hidden=\"true\" data-negative=\"false\">\n\t\t\t<svg xmlns=\"http:\/\/www.w3.org\/2000\/svg\" viewBox=\"0 0 1000 100\" preserveAspectRatio=\"none\">\n\t<path class=\"elementor-shape-fill\" d=\"M0,6V0h1000v100L0,6z\"\/>\n<\/svg>\t\t<\/div>\n\t\t\t\t\t<div class=\"elementor-container elementor-column-gap-default\">\n\t\t\t\t\t<div class=\"elementor-column elementor-col-100 elementor-top-column elementor-element elementor-element-03e78a5\" data-id=\"03e78a5\" data-element_type=\"column\" data-e-type=\"column\">\n\t\t\t<div class=\"elementor-widget-wrap elementor-element-populated\">\n\t\t\t\t\t\t<div class=\"elementor-element elementor-element-86b8d27 elementor-invisible elementor-widget elementor-widget-heading\" data-id=\"86b8d27\" data-element_type=\"widget\" data-e-type=\"widget\" data-settings=\"{&quot;_animation&quot;:&quot;fadeInUp&quot;}\" data-widget_type=\"heading.default\">\n\t\t\t\t<div class=\"elementor-widget-container\">\n\t\t\t\t\t<h2 class=\"elementor-heading-title elementor-size-default\">Produtos de base Minerais e metais<\/h2>\t\t\t\t<\/div>\n\t\t\t\t<\/div>\n\t\t\t\t\t<\/div>\n\t\t<\/div>\n\t\t\t\t\t<\/div>\n\t\t<\/section>\n\t\t\t\t<section class=\"elementor-section elementor-top-section elementor-element elementor-element-e071a9d elementor-section-boxed elementor-section-height-default elementor-section-height-default\" data-id=\"e071a9d\" data-element_type=\"section\" data-e-type=\"section\">\n\t\t\t\t\t\t<div class=\"elementor-container elementor-column-gap-default\">\n\t\t\t\t\t<div class=\"elementor-column elementor-col-50 elementor-top-column elementor-element elementor-element-7c4fe03 elementor-invisible\" data-id=\"7c4fe03\" data-element_type=\"column\" data-e-type=\"column\" data-settings=\"{&quot;animation&quot;:&quot;fadeInLeft&quot;,&quot;animation_mobile&quot;:&quot;fadeInUp&quot;}\">\n\t\t\t<div class=\"elementor-widget-wrap elementor-element-populated\">\n\t\t\t\t\t\t<div class=\"elementor-element elementor-element-126ef69 elementor-widget elementor-widget-image\" data-id=\"126ef69\" data-element_type=\"widget\" data-e-type=\"widget\" data-widget_type=\"image.default\">\n\t\t\t\t<div class=\"elementor-widget-container\">\n\t\t\t\t\t\t\t\t\t\t\t\t\t\t\t<img fetchpriority=\"high\" decoding=\"async\" width=\"640\" height=\"426\" src=\"https:\/\/arpa.trading\/wp-content\/uploads\/2023\/09\/iron-steel-factory-pipe-mill-located-taganrog-south-russia-1024x681.jpg\" class=\"attachment-large size-large wp-image-1078\" alt=\"\" srcset=\"https:\/\/arpa.trading\/wp-content\/uploads\/2023\/09\/iron-steel-factory-pipe-mill-located-taganrog-south-russia-1024x681.jpg 1024w, https:\/\/arpa.trading\/wp-content\/uploads\/2023\/09\/iron-steel-factory-pipe-mill-located-taganrog-south-russia-300x200.jpg 300w, https:\/\/arpa.trading\/wp-content\/uploads\/2023\/09\/iron-steel-factory-pipe-mill-located-taganrog-south-russia-768x511.jpg 768w, https:\/\/arpa.trading\/wp-content\/uploads\/2023\/09\/iron-steel-factory-pipe-mill-located-taganrog-south-russia.jpg 1500w\" sizes=\"(max-width: 640px) 100vw, 640px\" \/>\t\t\t\t\t\t\t\t\t\t\t\t\t\t\t<\/div>\n\t\t\t\t<\/div>\n\t\t\t\t\t<\/div>\n\t\t<\/div>\n\t\t\t\t<div class=\"elementor-column elementor-col-50 elementor-top-column elementor-element elementor-element-172a619 elementor-invisible\" data-id=\"172a619\" data-element_type=\"column\" data-e-type=\"column\" data-settings=\"{&quot;animation&quot;:&quot;fadeInRight&quot;,&quot;animation_mobile&quot;:&quot;fadeInUp&quot;,&quot;animation_delay&quot;:200}\">\n\t\t\t<div class=\"elementor-widget-wrap elementor-element-populated\">\n\t\t\t\t\t\t<div class=\"elementor-element elementor-element-04479ab elementor-widget elementor-widget-text-editor\" data-id=\"04479ab\" data-element_type=\"widget\" data-e-type=\"widget\" data-widget_type=\"text-editor.default\">\n\t\t\t\t<div class=\"elementor-widget-container\">\n\t\t\t\t\t\t\t\t\t<p>No excitante e desafiante mundo dos minerais e metais de base, a Arpa trading &amp; commercial corporation \u00e9 o padr\u00e3o de excel\u00eancia e fiabilidade. O nosso historial de sucesso e o nosso compromisso com a qualidade colocam-nos na vanguarda da ind\u00fastria, prontos para impulsionar o seu neg\u00f3cio para novos patamares.<\/p>\n<p>Como l\u00edder indiscut\u00edvel, cobrimos um vasto espetro de minerais e metais, desde os mais procurados e requisitados at\u00e9 aos menos conhecidos mas igualmente essenciais. mas igualmente essencial. As nossas compet\u00eancias v\u00e3o desde o aprovisionamento, transporte e comercializa\u00e7\u00e3o at\u00e9 \u00e0 gest\u00e3o de riscos e satisfa\u00e7\u00e3o do cliente. gest\u00e3o dos riscos e satisfa\u00e7\u00e3o dos clientes.<\/p>\n\t\t\t\t\t\t\t\t<\/div>\n\t\t\t\t<\/div>\n\t\t\t\t\t<\/div>\n\t\t<\/div>\n\t\t\t\t\t<\/div>\n\t\t<\/section>\n\t\t\t\t<section class=\"elementor-section elementor-top-section elementor-element elementor-element-cf6ccf3 elementor-section-boxed elementor-section-height-default elementor-section-height-default\" data-id=\"cf6ccf3\" data-element_type=\"section\" data-e-type=\"section\" data-settings=\"{&quot;animation_mobile&quot;:&quot;fadeInUp&quot;}\">\n\t\t\t\t\t\t<div class=\"elementor-container elementor-column-gap-default\">\n\t\t\t\t\t<div class=\"elementor-column elementor-col-50 elementor-top-column elementor-element elementor-element-79f410a elementor-invisible\" data-id=\"79f410a\" data-element_type=\"column\" data-e-type=\"column\" data-settings=\"{&quot;animation&quot;:&quot;fadeInLeft&quot;,&quot;animation_mobile&quot;:&quot;fadeInUp&quot;}\">\n\t\t\t<div class=\"elementor-widget-wrap elementor-element-populated\">\n\t\t\t\t\t\t<div class=\"elementor-element elementor-element-943b0e0 elementor-widget elementor-widget-text-editor\" data-id=\"943b0e0\" data-element_type=\"widget\" data-e-type=\"widget\" data-widget_type=\"text-editor.default\">\n\t\t\t\t<div class=\"elementor-widget-container\">\n\t\t\t\t\t\t\t\t\t<p>Num mundo que exige recursos de qualidade e entrega fi\u00e1vel, somos o parceiro em que pode confiar. O nosso compromisso com a sustentabilidade e a responsabilidade ambiental \u00e9 t\u00e3o forte como o a\u00e7o que comercializamos.<\/p>\n<p>E estamos constantemente a explorar novas oportunidades e mercados emergentes para garantir que os nossos clientes est\u00e3o um passo \u00e0 frente num mundo em constante mudan\u00e7a. num mundo em constante mudan\u00e7a.<\/p>\n<p>Na Arpa trading &amp; commercial corporation, n\u00e3o nos limitamos a fornecer minerais e metais, criamos parcerias. e metais, criamos parcerias fortes e duradouras. Se procura um parceiro que compreenda as suas necessidades, ofere\u00e7a solu\u00e7\u00f5es \u00e0 medida e esteja empenhado no sucesso da sua empresa no mercado global de minerais e metais, est\u00e1 prestes a tomar a melhor decis\u00e3o da sua carreira.<\/p>\n\t\t\t\t\t\t\t\t<\/div>\n\t\t\t\t<\/div>\n\t\t\t\t\t<\/div>\n\t\t<\/div>\n\t\t\t\t<div class=\"elementor-column elementor-col-50 elementor-top-column elementor-element elementor-element-b6a6b76 elementor-invisible\" data-id=\"b6a6b76\" data-element_type=\"column\" data-e-type=\"column\" data-settings=\"{&quot;animation&quot;:&quot;fadeInRight&quot;,&quot;animation_mobile&quot;:&quot;fadeInUp&quot;,&quot;animation_delay&quot;:200}\">\n\t\t\t<div class=\"elementor-widget-wrap elementor-element-populated\">\n\t\t\t\t\t\t<div class=\"elementor-element elementor-element-18227a3 elementor-widget elementor-widget-image\" data-id=\"18227a3\" data-element_type=\"widget\" data-e-type=\"widget\" data-widget_type=\"image.default\">\n\t\t\t\t<div class=\"elementor-widget-container\">\n\t\t\t\t\t\t\t\t\t\t\t\t\t\t\t<img decoding=\"async\" width=\"640\" height=\"426\" src=\"https:\/\/arpa.trading\/wp-content\/uploads\/2023\/09\/numerology-concept-still-life-1024x681.jpg\" class=\"attachment-large size-large wp-image-1132\" alt=\"\" srcset=\"https:\/\/arpa.trading\/wp-content\/uploads\/2023\/09\/numerology-concept-still-life-1024x681.jpg 1024w, https:\/\/arpa.trading\/wp-content\/uploads\/2023\/09\/numerology-concept-still-life-300x200.jpg 300w, https:\/\/arpa.trading\/wp-content\/uploads\/2023\/09\/numerology-concept-still-life-768x511.jpg 768w, https:\/\/arpa.trading\/wp-content\/uploads\/2023\/09\/numerology-concept-still-life.jpg 1500w\" sizes=\"(max-width: 640px) 100vw, 640px\" \/>\t\t\t\t\t\t\t\t\t\t\t\t\t\t\t<\/div>\n\t\t\t\t<\/div>\n\t\t\t\t\t<\/div>\n\t\t<\/div>\n\t\t\t\t\t<\/div>\n\t\t<\/section>\n\t\t\t\t<section class=\"elementor-section elementor-top-section elementor-element elementor-element-ea7a198 elementor-section-boxed elementor-section-height-default elementor-section-height-default elementor-invisible\" data-id=\"ea7a198\" data-element_type=\"section\" data-e-type=\"section\" data-settings=\"{&quot;animation&quot;:&quot;fadeInUp&quot;}\">\n\t\t\t\t\t\t<div class=\"elementor-container elementor-column-gap-default\">\n\t\t\t\t\t<div class=\"elementor-column elementor-col-100 elementor-top-column elementor-element elementor-element-8418b2b\" data-id=\"8418b2b\" data-element_type=\"column\" data-e-type=\"column\">\n\t\t\t<div class=\"elementor-widget-wrap elementor-element-populated\">\n\t\t\t\t\t\t<div class=\"elementor-element elementor-element-d722d64 elementor-widget elementor-widget-heading\" data-id=\"d722d64\" data-element_type=\"widget\" data-e-type=\"widget\" data-widget_type=\"heading.default\">\n\t\t\t\t<div class=\"elementor-widget-container\">\n\t\t\t\t\t<h2 class=\"elementor-heading-title elementor-size-default\">Junte-se a n\u00f3s e experimente a excel\u00eancia em cada tonelada, o empenho em cada entrega e o sucesso em cada transa\u00e7\u00e3o. O futuro do seu neg\u00f3cio est\u00e1 aqui na Arpa trading &amp; commercial corporation.<\/h2>\t\t\t\t<\/div>\n\t\t\t\t<\/div>\n\t\t\t\t\t<\/div>\n\t\t<\/div>\n\t\t\t\t\t<\/div>\n\t\t<\/section>\n\t\t\t\t<section class=\"elementor-section elementor-top-section elementor-element elementor-element-70dee3e elementor-section-full_width elementor-section-height-default elementor-section-height-default\" data-id=\"70dee3e\" data-element_type=\"section\" data-e-type=\"section\" data-settings=\"{&quot;background_background&quot;:&quot;classic&quot;,&quot;shape_divider_top&quot;:&quot;tilt&quot;}\">\n\t\t\t\t\t<div class=\"elementor-shape elementor-shape-top\" aria-hidden=\"true\" data-negative=\"false\">\n\t\t\t<svg xmlns=\"http:\/\/www.w3.org\/2000\/svg\" viewBox=\"0 0 1000 100\" preserveAspectRatio=\"none\">\n\t<path class=\"elementor-shape-fill\" d=\"M0,6V0h1000v100L0,6z\"\/>\n<\/svg>\t\t<\/div>\n\t\t\t\t\t<div class=\"elementor-container elementor-column-gap-default\">\n\t\t\t\t\t<div class=\"elementor-column elementor-col-100 elementor-top-column elementor-element elementor-element-6ac2a47\" data-id=\"6ac2a47\" data-element_type=\"column\" data-e-type=\"column\">\n\t\t\t<div class=\"elementor-widget-wrap\">\n\t\t\t\t\t\t\t<\/div>\n\t\t<\/div>\n\t\t\t\t\t<\/div>\n\t\t<\/section>\n\t\t\t\t<\/div>\n\t\t","protected":false},"excerpt":{"rendered":"<p>Produtos de base Minerais e metais No excitante e desafiante mundo dos minerais e metais de base, a Arpa trading &amp; commercial corporation \u00e9 o padr\u00e3o de excel\u00eancia e fiabilidade. O nosso historial de sucesso e o nosso compromisso com a qualidade colocam-nos na vanguarda da ind\u00fastria, prontos para impulsionar o seu neg\u00f3cio para novos [&hellip;]<\/p>\n","protected":false},"author":1,"featured_media":0,"parent":0,"menu_order":0,"comment_status":"closed","ping_status":"closed","template":"","meta":{"footnotes":""},"class_list":["post-1213","page","type-page","status-publish","hentry"],"_links":{"self":[{"href":"https:\/\/arpa.trading\/pt-pt\/wp-json\/wp\/v2\/pages\/1213","targetHints":{"allow":["GET"]}}],"collection":[{"href":"https:\/\/arpa.trading\/pt-pt\/wp-json\/wp\/v2\/pages"}],"about":[{"href":"https:\/\/arpa.trading\/pt-pt\/wp-json\/wp\/v2\/types\/page"}],"author":[{"embeddable":true,"href":"https:\/\/arpa.trading\/pt-pt\/wp-json\/wp\/v2\/users\/1"}],"replies":[{"embeddable":true,"href":"https:\/\/arpa.trading\/pt-pt\/wp-json\/wp\/v2\/comments?post=1213"}],"version-history":[{"count":1,"href":"https:\/\/arpa.trading\/pt-pt\/wp-json\/wp\/v2\/pages\/1213\/revisions"}],"predecessor-version":[{"id":1214,"href":"https:\/\/arpa.trading\/pt-pt\/wp-json\/wp\/v2\/pages\/1213\/revisions\/1214"}],"wp:attachment":[{"href":"https:\/\/arpa.trading\/pt-pt\/wp-json\/wp\/v2\/media?parent=1213"}],"curies":[{"name":"wp","href":"https:\/\/api.w.org\/{rel}","templated":true}]}}