{"id":1200,"date":"2023-09-08T11:49:31","date_gmt":"2023-09-08T11:49:31","guid":{"rendered":"https:\/\/arpa.trading\/produtos-quimicos\/"},"modified":"2023-09-12T20:37:13","modified_gmt":"2023-09-12T20:37:13","slug":"produtos-quimicos","status":"publish","type":"page","link":"https:\/\/arpa.trading\/pt-pt\/produtos-quimicos\/","title":{"rendered":"Produtos qu\u00edmicos"},"content":{"rendered":"\t\t<div data-elementor-type=\"wp-page\" data-elementor-id=\"1200\" class=\"elementor elementor-1200 elementor-23\">\n\t\t\t\t\t\t<section class=\"elementor-section elementor-top-section elementor-element elementor-element-5bd4fb2 elementor-section-height-min-height elementor-section-boxed elementor-section-height-default elementor-section-items-middle\" data-id=\"5bd4fb2\" data-element_type=\"section\" data-e-type=\"section\" data-settings=\"{&quot;background_background&quot;:&quot;classic&quot;,&quot;shape_divider_bottom&quot;:&quot;tilt&quot;}\">\n\t\t\t\t\t\t\t<div class=\"elementor-background-overlay\"><\/div>\n\t\t\t\t\t\t<div class=\"elementor-shape elementor-shape-bottom\" aria-hidden=\"true\" data-negative=\"false\">\n\t\t\t<svg xmlns=\"http:\/\/www.w3.org\/2000\/svg\" viewBox=\"0 0 1000 100\" preserveAspectRatio=\"none\">\n\t<path class=\"elementor-shape-fill\" d=\"M0,6V0h1000v100L0,6z\"\/>\n<\/svg>\t\t<\/div>\n\t\t\t\t\t<div class=\"elementor-container elementor-column-gap-default\">\n\t\t\t\t\t<div class=\"elementor-column elementor-col-100 elementor-top-column elementor-element elementor-element-7af2917\" data-id=\"7af2917\" data-element_type=\"column\" data-e-type=\"column\">\n\t\t\t<div class=\"elementor-widget-wrap elementor-element-populated\">\n\t\t\t\t\t\t<div class=\"elementor-element elementor-element-f17b928 elementor-invisible elementor-widget elementor-widget-heading\" data-id=\"f17b928\" data-element_type=\"widget\" data-e-type=\"widget\" data-settings=\"{&quot;_animation&quot;:&quot;fadeInUp&quot;}\" data-widget_type=\"heading.default\">\n\t\t\t\t<div class=\"elementor-widget-container\">\n\t\t\t\t\t<h2 class=\"elementor-heading-title elementor-size-default\">Produtos qu\u00edmicos<\/h2>\t\t\t\t<\/div>\n\t\t\t\t<\/div>\n\t\t\t\t\t<\/div>\n\t\t<\/div>\n\t\t\t\t\t<\/div>\n\t\t<\/section>\n\t\t\t\t<section class=\"elementor-section elementor-top-section elementor-element elementor-element-335b787 elementor-section-boxed elementor-section-height-default elementor-section-height-default\" data-id=\"335b787\" data-element_type=\"section\" data-e-type=\"section\">\n\t\t\t\t\t\t<div class=\"elementor-container elementor-column-gap-default\">\n\t\t\t\t\t<div class=\"elementor-column elementor-col-50 elementor-top-column elementor-element elementor-element-1b27efa elementor-invisible\" data-id=\"1b27efa\" data-element_type=\"column\" data-e-type=\"column\" data-settings=\"{&quot;animation&quot;:&quot;fadeInLeft&quot;,&quot;animation_mobile&quot;:&quot;fadeInUp&quot;}\">\n\t\t\t<div class=\"elementor-widget-wrap elementor-element-populated\">\n\t\t\t\t\t\t<div class=\"elementor-element elementor-element-a754191 elementor-widget elementor-widget-image\" data-id=\"a754191\" data-element_type=\"widget\" data-e-type=\"widget\" data-widget_type=\"image.default\">\n\t\t\t\t<div class=\"elementor-widget-container\">\n\t\t\t\t\t\t\t\t\t\t\t\t\t\t\t<img fetchpriority=\"high\" decoding=\"async\" width=\"640\" height=\"427\" src=\"https:\/\/arpa.trading\/wp-content\/uploads\/2023\/09\/car-mechanic-replacing-pouring-fresh-oil-into-engine-maintenance-repair-service-station-1024x683.jpg\" class=\"attachment-large size-large wp-image-1090\" alt=\"\" srcset=\"https:\/\/arpa.trading\/wp-content\/uploads\/2023\/09\/car-mechanic-replacing-pouring-fresh-oil-into-engine-maintenance-repair-service-station-1024x683.jpg 1024w, https:\/\/arpa.trading\/wp-content\/uploads\/2023\/09\/car-mechanic-replacing-pouring-fresh-oil-into-engine-maintenance-repair-service-station-300x200.jpg 300w, https:\/\/arpa.trading\/wp-content\/uploads\/2023\/09\/car-mechanic-replacing-pouring-fresh-oil-into-engine-maintenance-repair-service-station-768x512.jpg 768w, https:\/\/arpa.trading\/wp-content\/uploads\/2023\/09\/car-mechanic-replacing-pouring-fresh-oil-into-engine-maintenance-repair-service-station.jpg 1500w\" sizes=\"(max-width: 640px) 100vw, 640px\" \/>\t\t\t\t\t\t\t\t\t\t\t\t\t\t\t<\/div>\n\t\t\t\t<\/div>\n\t\t\t\t\t<\/div>\n\t\t<\/div>\n\t\t\t\t<div class=\"elementor-column elementor-col-50 elementor-top-column elementor-element elementor-element-740f919 elementor-invisible\" data-id=\"740f919\" data-element_type=\"column\" data-e-type=\"column\" data-settings=\"{&quot;animation&quot;:&quot;fadeInRight&quot;,&quot;animation_mobile&quot;:&quot;fadeInUp&quot;,&quot;animation_delay&quot;:200}\">\n\t\t\t<div class=\"elementor-widget-wrap elementor-element-populated\">\n\t\t\t\t\t\t<div class=\"elementor-element elementor-element-79a73f5 elementor-widget elementor-widget-text-editor\" data-id=\"79a73f5\" data-element_type=\"widget\" data-e-type=\"widget\" data-widget_type=\"text-editor.default\">\n\t\t\t\t<div class=\"elementor-widget-container\">\n\t\t\t\t\t\t\t\t\t<p>No mundo competitivo e din\u00e2mico do com\u00e9rcio de produtos qu\u00edmicos, a Arpa trading &amp; commercial corporation \u00e9 um farol de excel\u00eancia e fiabilidade. A nossa paix\u00e3o pela qu\u00edmica, apoiada por d\u00e9cadas de experi\u00eancia d\u00e9cadas de experi\u00eancia, coloca-nos no topo da ind\u00fastria, prontos para impulsionar os seus produtos qu\u00edmicos para impulsionar os seus produtos qu\u00edmicos para o sucesso global.<\/p>\n<p>Somos mais do que comerciantes; somos facilitadores da inova\u00e7\u00e3o e parceiros estrat\u00e9gicos no mercado dos produtos qu\u00edmicos. e parceiros estrat\u00e9gicos no mercado dos produtos qu\u00edmicos. Desde compostos essenciais a solu\u00e7\u00f5es especiais, dominamos um espetro diversificado de produtos qu\u00edmicos que impulsionam ind\u00fastrias inteiras. A nossa rede global, os nossos especialistas do sector e a nossa preocupa\u00e7\u00e3o constante com a qualidade garantem que os seus produtos chegam onde devem chegar, quando devem chegar, quando devem chegar.<\/p>\n\t\t\t\t\t\t\t\t<\/div>\n\t\t\t\t<\/div>\n\t\t\t\t\t<\/div>\n\t\t<\/div>\n\t\t\t\t\t<\/div>\n\t\t<\/section>\n\t\t\t\t<section class=\"elementor-section elementor-top-section elementor-element elementor-element-b06186f elementor-section-boxed elementor-section-height-default elementor-section-height-default\" data-id=\"b06186f\" data-element_type=\"section\" data-e-type=\"section\">\n\t\t\t\t\t\t<div class=\"elementor-container elementor-column-gap-default\">\n\t\t\t\t\t<div class=\"elementor-column elementor-col-50 elementor-top-column elementor-element elementor-element-987cbf3 elementor-invisible\" data-id=\"987cbf3\" data-element_type=\"column\" data-e-type=\"column\" data-settings=\"{&quot;animation&quot;:&quot;fadeInLeft&quot;,&quot;animation_mobile&quot;:&quot;fadeInUp&quot;}\">\n\t\t\t<div class=\"elementor-widget-wrap elementor-element-populated\">\n\t\t\t\t\t\t<div class=\"elementor-element elementor-element-0988244 elementor-widget elementor-widget-text-editor\" data-id=\"0988244\" data-element_type=\"widget\" data-e-type=\"widget\" data-widget_type=\"text-editor.default\">\n\t\t\t\t<div class=\"elementor-widget-container\">\n\t\t\t\t\t\t\t\t\t<p>Na Arpa trading &amp; commercial corporation, a seguran\u00e7a, a sustentabilidade e a responsabilidade s\u00e3o t\u00e3o cruciais como a pureza dos nossos produtos.<\/p>\n<p>Cumprimos as normas mais rigorosas e trabalhamos incansavelmente para as exceder. Estamos empenhados num mundo mais limpo e mais saud\u00e1vel, e isso reflecte-se em tudo o que fazemos.<\/p>\n<p>Se procura um parceiro que o eleve acima da concorr\u00eancia e lhe d\u00ea acesso a mercados globais, est\u00e1 prestes a tomar a decis\u00e3o mais inteligente da sua carreira.<\/p>\n\t\t\t\t\t\t\t\t<\/div>\n\t\t\t\t<\/div>\n\t\t\t\t\t<\/div>\n\t\t<\/div>\n\t\t\t\t<div class=\"elementor-column elementor-col-50 elementor-top-column elementor-element elementor-element-f52aaec elementor-invisible\" data-id=\"f52aaec\" data-element_type=\"column\" data-e-type=\"column\" data-settings=\"{&quot;animation&quot;:&quot;fadeInRight&quot;,&quot;animation_mobile&quot;:&quot;fadeInUp&quot;,&quot;animation_delay&quot;:200}\">\n\t\t\t<div class=\"elementor-widget-wrap elementor-element-populated\">\n\t\t\t\t\t\t<div class=\"elementor-element elementor-element-128dd02 elementor-widget elementor-widget-image\" data-id=\"128dd02\" data-element_type=\"widget\" data-e-type=\"widget\" data-widget_type=\"image.default\">\n\t\t\t\t<div class=\"elementor-widget-container\">\n\t\t\t\t\t\t\t\t\t\t\t\t\t\t\t<img decoding=\"async\" width=\"640\" height=\"427\" src=\"https:\/\/arpa.trading\/wp-content\/uploads\/2023\/09\/clinical-worker-dressed-white-gown-gloves-holding-glass-beakers-with-blue-liquid-1-1024x683.jpg\" class=\"attachment-large size-large wp-image-1096\" alt=\"\" srcset=\"https:\/\/arpa.trading\/wp-content\/uploads\/2023\/09\/clinical-worker-dressed-white-gown-gloves-holding-glass-beakers-with-blue-liquid-1-1024x683.jpg 1024w, https:\/\/arpa.trading\/wp-content\/uploads\/2023\/09\/clinical-worker-dressed-white-gown-gloves-holding-glass-beakers-with-blue-liquid-1-300x200.jpg 300w, https:\/\/arpa.trading\/wp-content\/uploads\/2023\/09\/clinical-worker-dressed-white-gown-gloves-holding-glass-beakers-with-blue-liquid-1-768x512.jpg 768w, https:\/\/arpa.trading\/wp-content\/uploads\/2023\/09\/clinical-worker-dressed-white-gown-gloves-holding-glass-beakers-with-blue-liquid-1.jpg 1500w\" sizes=\"(max-width: 640px) 100vw, 640px\" \/>\t\t\t\t\t\t\t\t\t\t\t\t\t\t\t<\/div>\n\t\t\t\t<\/div>\n\t\t\t\t\t<\/div>\n\t\t<\/div>\n\t\t\t\t\t<\/div>\n\t\t<\/section>\n\t\t\t\t<section class=\"elementor-section elementor-top-section elementor-element elementor-element-af05835 elementor-section-boxed elementor-section-height-default elementor-section-height-default\" data-id=\"af05835\" data-element_type=\"section\" data-e-type=\"section\">\n\t\t\t\t\t\t<div class=\"elementor-container elementor-column-gap-default\">\n\t\t\t\t\t<div class=\"elementor-column elementor-col-100 elementor-top-column elementor-element elementor-element-3f5a6e5\" data-id=\"3f5a6e5\" data-element_type=\"column\" data-e-type=\"column\" data-settings=\"{&quot;animation_mobile&quot;:&quot;fadeInUp&quot;}\">\n\t\t\t<div class=\"elementor-widget-wrap elementor-element-populated\">\n\t\t\t\t\t\t<div class=\"elementor-element elementor-element-186cd40 elementor-invisible elementor-widget elementor-widget-heading\" data-id=\"186cd40\" data-element_type=\"widget\" data-e-type=\"widget\" data-settings=\"{&quot;_animation&quot;:&quot;fadeInUp&quot;}\" data-widget_type=\"heading.default\">\n\t\t\t\t<div class=\"elementor-widget-container\">\n\t\t\t\t\t<h2 class=\"elementor-heading-title elementor-size-default\">Junte-se a n\u00f3s e experimente a excel\u00eancia em cada mol\u00e9cula, o empenho em cada entrega e o sucesso em cada transa\u00e7\u00e3o. O seu futuro no mercado qu\u00edmico come\u00e7a aqui na Arpa trading &amp; commercial corporation.<\/h2>\t\t\t\t<\/div>\n\t\t\t\t<\/div>\n\t\t\t\t\t<\/div>\n\t\t<\/div>\n\t\t\t\t\t<\/div>\n\t\t<\/section>\n\t\t\t\t<section class=\"elementor-section elementor-top-section elementor-element elementor-element-ee8df24 elementor-section-full_width elementor-section-height-default elementor-section-height-default\" data-id=\"ee8df24\" data-element_type=\"section\" data-e-type=\"section\" data-settings=\"{&quot;background_background&quot;:&quot;classic&quot;,&quot;shape_divider_top&quot;:&quot;tilt&quot;}\">\n\t\t\t\t\t<div class=\"elementor-shape elementor-shape-top\" aria-hidden=\"true\" data-negative=\"false\">\n\t\t\t<svg xmlns=\"http:\/\/www.w3.org\/2000\/svg\" viewBox=\"0 0 1000 100\" preserveAspectRatio=\"none\">\n\t<path class=\"elementor-shape-fill\" d=\"M0,6V0h1000v100L0,6z\"\/>\n<\/svg>\t\t<\/div>\n\t\t\t\t\t<div class=\"elementor-container elementor-column-gap-default\">\n\t\t\t\t\t<div class=\"elementor-column elementor-col-100 elementor-top-column elementor-element elementor-element-2ecb76d\" data-id=\"2ecb76d\" data-element_type=\"column\" data-e-type=\"column\">\n\t\t\t<div class=\"elementor-widget-wrap\">\n\t\t\t\t\t\t\t<\/div>\n\t\t<\/div>\n\t\t\t\t\t<\/div>\n\t\t<\/section>\n\t\t\t\t<\/div>\n\t\t","protected":false},"excerpt":{"rendered":"<p>Produtos qu\u00edmicos No mundo competitivo e din\u00e2mico do com\u00e9rcio de produtos qu\u00edmicos, a Arpa trading &amp; commercial corporation \u00e9 um farol de excel\u00eancia e fiabilidade. A nossa paix\u00e3o pela qu\u00edmica, apoiada por d\u00e9cadas de experi\u00eancia d\u00e9cadas de experi\u00eancia, coloca-nos no topo da ind\u00fastria, prontos para impulsionar os seus produtos qu\u00edmicos para impulsionar os seus produtos [&hellip;]<\/p>\n","protected":false},"author":1,"featured_media":0,"parent":0,"menu_order":0,"comment_status":"closed","ping_status":"closed","template":"","meta":{"footnotes":""},"class_list":["post-1200","page","type-page","status-publish","hentry"],"_links":{"self":[{"href":"https:\/\/arpa.trading\/pt-pt\/wp-json\/wp\/v2\/pages\/1200","targetHints":{"allow":["GET"]}}],"collection":[{"href":"https:\/\/arpa.trading\/pt-pt\/wp-json\/wp\/v2\/pages"}],"about":[{"href":"https:\/\/arpa.trading\/pt-pt\/wp-json\/wp\/v2\/types\/page"}],"author":[{"embeddable":true,"href":"https:\/\/arpa.trading\/pt-pt\/wp-json\/wp\/v2\/users\/1"}],"replies":[{"embeddable":true,"href":"https:\/\/arpa.trading\/pt-pt\/wp-json\/wp\/v2\/comments?post=1200"}],"version-history":[{"count":1,"href":"https:\/\/arpa.trading\/pt-pt\/wp-json\/wp\/v2\/pages\/1200\/revisions"}],"predecessor-version":[{"id":1201,"href":"https:\/\/arpa.trading\/pt-pt\/wp-json\/wp\/v2\/pages\/1200\/revisions\/1201"}],"wp:attachment":[{"href":"https:\/\/arpa.trading\/pt-pt\/wp-json\/wp\/v2\/media?parent=1200"}],"curies":[{"name":"wp","href":"https:\/\/api.w.org\/{rel}","templated":true}]}}