{"id":1300,"date":"2023-09-11T21:21:20","date_gmt":"2023-09-11T21:21:20","guid":{"rendered":"https:\/\/arpa.trading\/condizioni-di-utilizzo\/"},"modified":"2023-09-12T20:57:50","modified_gmt":"2023-09-12T20:57:50","slug":"condizioni-di-utilizzo","status":"publish","type":"page","link":"https:\/\/arpa.trading\/it\/condizioni-di-utilizzo\/","title":{"rendered":"Condizioni di utilizzo"},"content":{"rendered":"\t\t<div data-elementor-type=\"wp-page\" data-elementor-id=\"1300\" class=\"elementor elementor-1300 elementor-774\">\n\t\t\t\t\t\t<section class=\"elementor-section elementor-top-section elementor-element elementor-element-e299c7e elementor-section-boxed elementor-section-height-default elementor-section-height-default\" data-id=\"e299c7e\" data-element_type=\"section\" data-e-type=\"section\">\n\t\t\t\t\t\t<div class=\"elementor-container elementor-column-gap-default\">\n\t\t\t\t\t<div class=\"elementor-column elementor-col-100 elementor-top-column elementor-element elementor-element-38a83ea\" data-id=\"38a83ea\" data-element_type=\"column\" data-e-type=\"column\">\n\t\t\t<div class=\"elementor-widget-wrap elementor-element-populated\">\n\t\t\t\t\t\t<div class=\"elementor-element elementor-element-6dbfc02 elementor-widget elementor-widget-heading\" data-id=\"6dbfc02\" data-element_type=\"widget\" data-e-type=\"widget\" data-widget_type=\"heading.default\">\n\t\t\t\t<div class=\"elementor-widget-container\">\n\t\t\t\t\t<h2 class=\"elementor-heading-title elementor-size-default\">Condizioni di utilizzo<\/h2>\t\t\t\t<\/div>\n\t\t\t\t<\/div>\n\t\t\t\t\t<\/div>\n\t\t<\/div>\n\t\t\t\t\t<\/div>\n\t\t<\/section>\n\t\t\t\t<section class=\"elementor-section elementor-top-section elementor-element elementor-element-47159aa elementor-section-boxed elementor-section-height-default elementor-section-height-default\" data-id=\"47159aa\" data-element_type=\"section\" data-e-type=\"section\">\n\t\t\t\t\t\t<div class=\"elementor-container elementor-column-gap-default\">\n\t\t\t\t\t<div class=\"elementor-column elementor-col-100 elementor-top-column elementor-element elementor-element-7e890a8\" data-id=\"7e890a8\" data-element_type=\"column\" data-e-type=\"column\">\n\t\t\t<div class=\"elementor-widget-wrap elementor-element-populated\">\n\t\t\t\t\t\t<div class=\"elementor-element elementor-element-b8dae0a elementor-widget elementor-widget-text-editor\" data-id=\"b8dae0a\" data-element_type=\"widget\" data-e-type=\"widget\" data-widget_type=\"text-editor.default\">\n\t\t\t\t<div class=\"elementor-widget-container\">\n\t\t\t\t\t\t\t\t\t<div>\n<h3>Termini e condizioni d&#8217;uso<\/h3>\n<div><strong>Regole generali e definizioni<\/strong><\/div>\n<div> <\/div>\n<div>Utilizzando i servizi collegati al sito Arpa Trading (di seguito denominati &#8220;i servizi&#8221; o &#8220;il servizio&#8221;), l&#8217;utente \u00e8 tenuto a rispettare le condizioni e i termini di utilizzo di seguito riportati.<\/div>\n<div> <\/div>\n<div>Le presenti condizioni si applicano ad Arpa Trading, titolare di Arpa Trading e amministratore dei contenuti del sito e dei relativi servizi.<\/div>\n<div> <\/div>\n<div>Arpa Trading si riserva il diritto di modificare, aggiungere o rimuovere parti delle presenti condizioni, informando gli interessati attraverso la pubblicazione delle modifiche sul sito direttamente o via e-mail. \u00c8 necessario che ogni utente controlli periodicamente queste condizioni per determinare le modifiche intervenute dopo l&#8217;ultima visita al sito.<\/div>\n<div> <\/div>\n<div>In ogni caso, l&#8217;utilizzo del sito e dei suoi servizi implica l&#8217;accettazione delle modifiche intervenute nel frattempo. Se le modifiche non vengono accettate, l&#8217;utente pu\u00f2 cancellare il proprio account in qualsiasi momento scrivendo a info@arpa.trading o inviando una lettera certificata con ricevuta di ritorno indirizzata ad Arpa Trading, fermo restando che la prosecuzione dell&#8217;utilizzo dei servizi implica l&#8217;accettazione delle nuove condizioni.<\/div>\n<div> <\/div>\n<div>Arpa Trading si riserva il diritto di modificare, sospendere o anche interrompere parzialmente i servizi, compreso l&#8217;accesso al database o ai contenuti. Arpa Trading pu\u00f2 anche introdurre restrizioni di accesso o di servizio, in tutto o in parte, senza preavviso e senza assumersi la responsabilit\u00e0 di tale limitazione di servizio.<\/div>\n<div> <\/div>\n<div><strong>Contenuti e servizi del sito arpa.trading e utilizzo da parte degli utenti<\/strong><\/div>\n<div> <\/div>\n<div>I contenuti e i servizi del sito arpa.trading sono destinati a un uso personale e non professionale.<\/div>\n<div> <\/div>\n<div>Tutti i materiali pubblicati sul sito (tra cui, a titolo esemplificativo, articoli informativi, fotografie, immagini, illustrazioni, registrazioni audio e\/o video, di seguito denominati anche &#8220;contenuti&#8221;) sono protetti dalle leggi sul diritto d&#8217;autore e sono di propriet\u00e0 dell&#8217;editore o di chi ne detiene legittimamente i diritti. L&#8217;utente deve attenersi a tutte le informazioni aggiuntive che possono essere presenti sul sito in relazione alla propriet\u00e0 intellettuale dei contenuti a cui si accede attraverso i servizi del sito.<\/div>\n<div> <\/div>\n<div>I servizi del sito e i suoi contenuti sono protetti dalle leggi sul copyright in vigore in Svizzera e negli Stati Uniti e dalle leggi internazionali sul copyright. L&#8217;utente non \u00e8 autorizzato a modificare, pubblicare, trasmettere, condividere, trasferire in uso a qualsiasi titolo, riprodurre (oltre i limiti specificati di seguito), rielaborare, distribuire, eseguire, dare accesso o sfruttare commercialmente i contenuti o i servizi di qualsiasi tipo (compreso il software) di questo sito, anche parzialmente.<\/div>\n<div> <\/div>\n<div>L&#8217;utente, solo per uso personale, \u00e8 autorizzato a scaricare o copiare i contenuti e qualsiasi altro materiale scaricabile disponibile attraverso i servizi del sito, a condizione che riporti fedelmente tutte le indicazioni di copyright e le altre indicazioni informate sul sito.<\/div>\n<div> <\/div>\n<div>La riproduzione e la raccolta di qualsiasi contenuto per motivi diversi dall&#8217;uso personale \u00e8 espressamente vietata in assenza di un&#8217;espressa autorizzazione preventiva rilasciata per iscritto dall&#8217;editore o dal titolare del copyright, come indicato sul sito. I contenuti che provengono da agenzie di stampa o da altri siti, sono pubblicati dall&#8217;editore che non si assume alcuna responsabilit\u00e0 per incompletezze, imprecisioni, errori, omissioni riguardanti l&#8217;integrit\u00e0 delle informazioni e non \u00e8 responsabile per eventuali danni conseguenti.<\/div>\n<div> <\/div>\n<div>Il servizio rss, costituito da contenuti informativi che possono essere scaricati sul computer attraverso &#8216;programmi di aggregazione&#8217;, \u00e8 reso accessibile solo per uso personale ed \u00e8 escluso qualsiasi uso a fini commerciali. \u00c8 vietato qualsiasi uso diverso, compresi, ad esempio, l&#8217;inserimento di messaggi pubblicitari, l&#8217;abbinamento a prodotti o la consegna prolungata a fini pubblicitari. L&#8217;utente non pu\u00f2 modificare o distribuire in alcun modo i servizi di rss e le connessioni che provengono dal sito arpa.trading a terzi. Il servizio rss e i relativi contenuti sono protetti dalle leggi italiane sul diritto d&#8217;autore e dalle relative normative internazionali.<\/div>\n<div> <\/div>\n<div>L&#8217;editore si riserva il diritto di interrompere il servizio rss in qualsiasi momento e di impedire all&#8217;utente di utilizzare il materiale scaricato in qualsiasi modo, senza limitazioni e senza preavviso.<\/div>\n<div> <\/div>\n<div>L&#8217;editore non si assume alcuna responsabilit\u00e0 in relazione ai contenuti e al servizio rss e al suo utilizzo per quanto riguarda danni o limitazioni d&#8217;uso di siti web, computer che hanno utilizzato i contenuti e i servizi citati.<\/div>\n<div> <\/div>\n<div><strong>Accesso e disponibilit\u00e0 di servizi. Uso dei link<\/strong><\/div>\n<div> <\/div>\n<div>Il sito arpa.trading contiene collegamenti ad altre risorse Internet. L&#8217;editore non \u00e8 responsabile dell&#8217;effettiva accessibilit\u00e0 e disponibilit\u00e0 di queste risorse esterne al proprio sito, n\u00e9 dei loro contenuti. Pertanto, l&#8217;utente \u00e8 invitato a contattare l&#8217;amministratore o il webmaster dei siti esterni qualora riscontri problemi con i contenuti in questione.<\/div>\n<div> <\/div>\n<div><strong>Registrazione e sicurezza<\/strong><\/div>\n<div> <\/div>\n<div>Come parte del processo di registrazione, l&#8217;utente deve scegliere il proprio ID utente e la propria password.<\/div>\n<div> <\/div>\n<div>L&#8217;utente non pu\u00f2 scegliere l&#8217;ID utente di un&#8217;altra persona con l&#8217;intenzione di utilizzarne l&#8217;identit\u00e0. Inoltre, non \u00e8 possibile utilizzare l&#8217;ID utente di un&#8217;altra persona senza la sua esplicita autorizzazione. \u00c8 inoltre vietato utilizzare un ID utente che l&#8217;editore, a sua discrezione, ritenga lesivo dei diritti di terzi, o comunque offensivo o scandaloso.<\/div>\n<div> <\/div>\n<div>La password scelta dall&#8217;utente al momento della registrazione ai servizi e inserita nel relativo modulo o nella scheda di registrazione \u00e8 personale e non pu\u00f2 essere trasferita. Gli utenti devono conservare la password con la massima cura e mantenerla riservata per evitare l&#8217;utilizzo del servizio da parte di terzi non autorizzati. Pertanto, essi saranno responsabili dell&#8217;utilizzo, da parte di terzi autorizzati o non autorizzati, dei suddetti identificativi, nonch\u00e9 di eventuali danni causati al titolare del blog, all&#8217;editore e\/o a terzi, a causa della mancata osservanza di quanto sopra.<\/div>\n<div> <\/div>\n<div>La mancata osservanza di queste regole comporta la violazione delle presenti condizioni generali d&#8217;uso e pu\u00f2 comportare l&#8217;immediata cancellazione dell&#8217;account del trasgressore.<\/div>\n<div> <\/div>\n<div>In caso di effettivo o potenziale utilizzo non autorizzato del proprio account, l&#8217;utente \u00e8 invitato a segnalarlo scrivendo a info@bestvision.ch o inviando una lettera certificata con ricevuta di ritorno indirizzata ad Arpa Trading, fornendo ogni informazione dettagliata sulla violazione e sulla notifica di smarrimento, compromissione non autorizzata della password, furto di informazioni personali.<\/div>\n<div> <\/div>\n<div>L&#8217;utente \u00e8 consapevole che per iscriversi al servizio deve avere almeno 18 anni, anche se al servizio possono accedere persone di tutte le et\u00e0. I minori di 18 anni devono essere assistiti e autorizzati dall&#8217;autorit\u00e0 parentale. L&#8217;utente \u00e8 pienamente responsabile di qualsiasi azione intrapresa tramite il suo account, sia direttamente che tramite terzi da lui autorizzati.<\/div>\n<div> <\/div>\n<div>Qualsiasi uso abusivo, fraudolento o comunque illegale \u00e8 causa dell&#8217;immediata cancellazione dell&#8217;account, a discrezione dell&#8217;editore o dell&#8217;amministratore del sito, fatto salvo l&#8217;esercizio di qualsiasi azione legale da parte degli aventi diritto.<\/div>\n<div> <\/div>\n<div><strong>Costi di servizio e pagamenti<\/strong><\/div>\n<div> <\/div>\n<div>I servizi del sito sono gratuiti se non diversamente specificato.<\/div>\n<div> <\/div>\n<div>L&#8217;editore e l&#8217;amministratore del sito si riservano il diritto di prevedere una tariffa per l&#8217;accesso a parti del sito, a servizi specifici o all&#8217;intero sito.<\/div>\n<div> <\/div>\n<div>In ogni caso, l&#8217;editore non richieder\u00e0 il pagamento di alcun corrispettivo se non ha precedentemente ottenuto un&#8217;espressa adesione a questa offerta.<\/div>\n<div>Pertanto, qualora l&#8217;editore o l&#8217;amministratore del sito richieda in futuro un corrispettivo per l&#8217;accesso a parti del sito o a servizi attualmente gratuiti, l&#8217;utente ricever\u00e0 una specifica comunicazione con l&#8217;indicazione dettagliata di tali costi, fornendo all&#8217;utente l&#8217;esplicita possibilit\u00e0 di scegliere se aderire al servizio. In caso di accettazione, l&#8217;utente pagher\u00e0 questo canone nelle forme da lui scelte al costo che sar\u00e0 definito al momento dell&#8217;accettazione del servizio.<\/div>\n<div> <\/div>\n<div><strong>Comunicazioni tra l&#8217;editor e l&#8217;amministratore del sito e l&#8217;utente<\/strong><\/div>\n<div> <\/div>\n<div>Se l&#8217;utente deve indicare nel modulo di registrazione online che desidera ricevere informazioni dall&#8217;editore, dall&#8217;amministratore del sito e dai soggetti correlati, con il suo consenso, ai sensi della normativa vigente, i dati di contatto dell&#8217;utente possono essere utilizzati, ad esempio per l&#8217;invio di materiale promozionale relativo a tali argomenti.<\/div>\n<div> <\/div>\n<div>L&#8217;editore e l&#8217;amministratore del sito si riservano in ogni caso il diritto di inviare all&#8217;utente comunicazioni via e-mail per informarlo di modifiche o integrazioni relative al sito e ai relativi servizi.<\/div>\n<div> <\/div>\n<div>I dati statistici e quelli relativi all&#8217;utilizzo del sito, dopo essere stati anonimizzati, possono essere utilizzati dall&#8217;editore e dall&#8217;amministratore del sito per attivit\u00e0 di ricerca e analisi. Per maggiori dettagli, l&#8217;utente pu\u00f2 consultare le informazioni relative al trattamento dei suoi dati personali.<\/div>\n<div> <\/div>\n<div>L&#8217;editore e l&#8217;amministratore del sito possono contattare l&#8217;utente via e-mail per partecipare a sondaggi, richieste di commenti sul sito e su prodotti e servizi esistenti o da creare.<\/div>\n<div> <\/div>\n<div>Queste informazioni non saranno condivise con terzi, se non in forma aggregata, e saranno utilizzate solo per migliorare il sito e i servizi.<\/div>\n<div> <\/div>\n<div><strong>Licenze d&#8217;uso del software<\/strong><\/div>\n<div> <\/div>\n<div>L&#8217;utente non acquisisce alcun diritto in relazione all&#8217;utilizzo del software presente sul sito al di fuori dell&#8217;utilizzo necessario per usufruire dei servizi.<\/div>\n<div> <\/div>\n<div>Pertanto, l&#8217;utente non pu\u00f2 concedere diritti d&#8217;uso, cedere o trasferire licenze in relazione a tale software. L&#8217;utente \u00e8 autorizzato esclusivamente a fare una copia del software per uso personale, fermo restando il divieto di distribuire, modificare, rielaborare o trarre opere derivate dal software in questione.<\/div>\n<div> <\/div>\n<div><strong>Durata del conto.<\/strong><\/div>\n<div> <\/div>\n<div>L&#8217;utente pu\u00f2 cancellare il proprio account in qualsiasi momento scrivendo a info@bestvision.ch o inviando una lettera certificata con ricevuta di ritorno ad Arpa Trading. L&#8217;utente ricever\u00e0 una comunicazione che conferma la ricezione della richiesta e la conseguente cancellazione dell&#8217;account.<\/div>\n<div> <\/div>\n<div>Resta inteso che l&#8217;utente \u00e8 responsabile di tutte le attivit\u00e0 svolte con l&#8217;account fino al momento dell&#8217;effettiva disattivazione.<\/div>\n<div> <\/div>\n<div>L&#8217;editore e l&#8217;amministratore del sito possono, a loro discrezione, cancellare o sospendere temporaneamente l&#8217;accesso a tutto o a parte del sito e dei servizi per qualsiasi motivo, compresa, a titolo esemplificativo, qualsiasi violazione delle regole descritte nelle presenti condizioni di accesso al servizio.<\/div>\n<div> <\/div>\n<div><strong>Vari<\/strong><\/div>\n<div> <\/div>\n<div>Le presenti condizioni di accesso sono state formulate alla luce delle leggi vigenti in Svizzera. Il tribunale competente per l&#8217;applicazione di queste regole \u00e8 il Tribunale di Ginevra.<\/div>\n<div> <\/div>\n<div>Le presenti condizioni di accesso devono essere applicate e interpretate in conformit\u00e0 alle regole generali stabilite sul sito arpa.trading.<\/div>\n<div> <\/div>\n<div>L&#8217;utente pu\u00f2 contattare Arpa Trading inviando un&#8217;e-mail a info@bestvision.ch per qualsiasi comunicazione sulle presenti condizioni di accesso.<\/div>\n<div> <\/div>\n<div>L&#8217;utente dichiara di impegnarsi a informare l&#8217;editore di qualsiasi violazione delle presenti condizioni di accesso non appena ne venga a conoscenza. In particolare, in caso di azioni legali relative alla violazione del diritto d&#8217;autore in relazione ai materiali pubblicati dal sito o dai servizi collegati, l&#8217;utente \u00e8 invitato a segnalare qualsiasi informazione in suo possesso scrivendo a info@bestvision.ch o inviando una raccomandata A\/R indirizzata ad Arpa Trading.<\/div>\n<div> <\/div>\n<div><strong>Protezione dei dati personali.<\/strong><\/div>\n<div> <\/div>\n<div>I dati personali forniti dall&#8217;utente sono tutelati in conformit\u00e0 alle disposizioni del D.Lgs. 196\/2003 &#8216;Codice in materia di protezione dei dati personali&#8217; e sue modifiche e successive integrazioni. L&#8217;editore rende note le modalit\u00e0 di gestione utilizzate per proteggere la privacy dei lettori che consultano il sito nella Privacy Policy (indicata sul sito).<\/div>\n<div> <\/div>\n<div>Tutte le informazioni personali inviate al sito saranno trattate in conformit\u00e0 alla legge sulla protezione dei dati. Qualsiasi informazione non personale comunicata all&#8217;editore, all&#8217;amministratore del sito e al proprietario del blog (tra cui idee, disegni, progetti, ecc.) dar\u00e0 a questi ultimi il diritto di utilizzare, riprodurre, visualizzare, eseguire, modificare, pubblicare e distribuire tali informazioni non personali. La comunicazione di tali informazioni comporter\u00e0 automaticamente il trasferimento delle stesse, a titolo gratuito e con ogni pi\u00f9 ampio diritto e facolt\u00e0, ad Arpa Trading.<\/div>\n<div> <\/div>\n<div>Il sito offre contenuti informativi e interattivi. Durante la navigazione del sito, \u00e8 possibile acquisire informazioni sull&#8217;utente, o pi\u00f9 in generale sul visitatore, nei seguenti modi:<\/div>\n<div> <\/div>\n<div><strong>Dati di navigazione<\/strong><\/div>\n<div> <\/div>\n<div>Il sito web raccoglie informazioni tecniche relative all&#8217;hardware e al software utilizzati dai visitatori, utilizzando strumenti autonomi di analisi dei file di connessione. Queste informazioni si riferiscono a:<\/div>\n<ul>\n<li>Indirizzo IP<\/li>\n<li>Tipo di browser<\/li>\n<li>Fornitore di servizi Internet<\/li>\n<li>Sistema operativo<\/li>\n<li>Nome del dominio e indirizzi dei siti web da cui si \u00e8 acceduto o si \u00e8 prodotto (pagine di riferimento\/di uscita)<\/li>\n<li>Informazioni sulle pagine visitate dai lettori all&#8217;interno del sito<\/li>\n<li>Tempo di accesso<\/li>\n<li>Rimanere su una pagina<\/li>\n<li>Analisi del percorso interno (clickstream)<\/li>\n<li>Risoluzione video<\/li>\n<li>Tipo di connessione<\/li>\n<li>Paese dal quale l&#8217;utente si connette<\/li>\n<li>Presenza di plugin java installati<\/li>\n<\/ul>\n<div>Queste informazioni non forniscono i dati personali dell&#8217;utente, ma solo dati tecnici\/informatici che vengono raccolti e utilizzati in modo aggregato e anonimo al solo scopo di migliorare la qualit\u00e0 del servizio e fornire informazioni sull&#8217;utilizzo del sito. Questi dati vengono cancellati immediatamente dopo l&#8217;elaborazione.<\/div>\n<div> <\/div>\n<div><strong>Dati forniti dall&#8217;utente<\/strong><\/div>\n<div> <\/div>\n<div>Sono i casi in cui \u00e8 l&#8217;utente stesso a rilasciare i propri dati personali sul sito, dopo aver letto le informazioni per accedere a determinati servizi o inviare richieste via e-mail. Ci\u00f2 comporta l&#8217;acquisizione da parte del titolare del sito dell&#8217;indirizzo del mittente e\/o di altri eventuali dati personali che verranno trattati esclusivamente per rispondere alle richieste effettuate o per fornire il servizio richiesto. In tutti i casi, prima di procedere all&#8217;attivazione di uno specifico servizio, verr\u00e0 fornita un&#8217;adeguata informativa e, quando necessario, verr\u00e0 acquisito il relativo consenso al trattamento dei dati personali. Tale consenso potr\u00e0 essere successivamente revocato in qualsiasi momento, invalidando la possibilit\u00e0 di usufruire del servizio in questione. I dati raccolti vengono conservati per il tempo strettamente necessario al raggiungimento della finalit\u00e0 per cui il trattamento viene effettuato, ovvero l&#8217;attivazione\/gestione del servizio richiesto.<\/div>\n<div> <\/div>\n<div><strong>Biscotti<\/strong><\/div>\n<div> <\/div>\n<div>I cookie sono informazioni che possono essere memorizzate sul computer durante la navigazione di un sito web, per elaborare e identificare i dati di utilizzo. Il file cookie \u00e8 solitamente molto piccolo e non contribuisce alla saturazione dello spazio fisico del disco rigido. Il cookie viene trasferito sul disco dell&#8217;utente a scopo di registrazione per &#8220;memorizzare&#8221; quali aree di un sito web sono state visitate. Questa opzione consente di risparmiare tempo, permettendo all&#8217;utente di raggiungere pi\u00f9 velocemente le parti principali di un sito gi\u00e0 visitato. Esistono diversi tipi di cookie:<\/div>\n<div> <\/div>\n<div>Permanenti, cio\u00e8 rimangono sul disco rigido, anche una volta chiuso il browser<\/div>\n<div>temporanei o di sessione, che vengono memorizzati solo per la durata della navigazione e vengono rimossi dal computer alla chiusura del browser<\/div>\n<div>Da terzi, generati da un sito web diverso da quello che state visitando.<\/div>\n<div>I cookie utilizzati dal proprietario del sito web sono una combinazione di questi tre tipi: alcuni sono utilizzati solo per aprire e mantenere una sessione (cookie temporanei). In questo caso, la chiusura della sessione o del browser li render\u00e0 inutilizzabili sia da noi che da terzi, anche se rimarranno fisicamente sul PC utilizzato (cookie permanenti).<\/div>\n<div> <\/div>\n<div>A fini puramente statistici, vengono rilasciati anche cookie di terze parti per la misurazione di informazioni aggregate. Per offrire un sito che risponda alle aspettative e agli interessi dell&#8217;utente, viene effettuata una costante analisi dei dati raccolti nei cookie, che indicano solo e in forma anonima come viene utilizzato il sito, ovvero le aree e le sezioni ritenute di maggiore interesse e utilit\u00e0 per i navigatori.<\/div>\n<div> <\/div>\n<div>L&#8217;utente ha il diritto di configurare il proprio browser in modo che accetti tutti i cookie, solo alcuni o li rifiuti.<\/div>\n<div> <\/div>\n<div>Tuttavia, si segnala che la mancata accettazione dei cookie potrebbe rendere impossibile l&#8217;erogazione del servizio in caso di accesso ad alcune aree del sito. Si ricorda inoltre che, al termine di ogni sessione di navigazione, l&#8217;utente pu\u00f2 in ogni caso cancellare dal proprio disco rigido sia la cache di navigazione che i cookie raccolti.<\/div>\n<div> <\/div>\n<div>Il trattamento viene effettuato attraverso strumenti automatizzati (ad esempio, utilizzando procedure e mezzi elettronici) e\/o manuali (ad esempio, su supporto cartaceo) per il tempo strettamente necessario a conseguire gli scopi per cui i dati sono stati raccolti e, comunque, nel rispetto della normativa vigente.<\/div>\n<div> <\/div>\n<div><strong>Disattivare i cookie nel browser<\/strong><\/div>\n<div> <\/div>\n<div>Queste sono le istruzioni per configurare i cookie nei principali browser:<\/div>\n<div> <\/div>\n<div>Chrome: Impostazioni-&gt;Mostra opzioni avanzate-&gt;Privacy-&gt;Impostazioni dei contenuti<\/div>\n<div>Per ulteriori informazioni, consultare il supporto di Google o la Guida del browser.<\/div>\n<div> <\/div>\n<div>Firefox: Strumenti-&gt;Opzioni-&gt;Privacy-&gt;Cronologia-&gt;Impostazioni personalizzate.<\/div>\n<div>Per ulteriori informazioni, consultare il supporto Mozilla o la Guida del browser.<\/div>\n<div> <\/div>\n<div>Internet Explorer: Strumenti-&gt;Opzioni Internet-&gt;Privacy-&gt;Impostazione.<\/div>\n<div>Per ulteriori informazioni, consultare il supporto Microsoft o la Guida del browser.<\/div>\n<div> <\/div>\n<div>Safari: Preferenze-&gt; Sicurezza.<\/div>\n<div>Per ulteriori informazioni, consultare il supporto Apple o la Guida del browser.<\/div>\n<\/div>\n\t\t\t\t\t\t\t\t<\/div>\n\t\t\t\t<\/div>\n\t\t\t\t\t<\/div>\n\t\t<\/div>\n\t\t\t\t\t<\/div>\n\t\t<\/section>\n\t\t\t\t<section class=\"elementor-section elementor-top-section elementor-element elementor-element-9f5e0ef elementor-section-full_width elementor-section-height-default elementor-section-height-default\" data-id=\"9f5e0ef\" data-element_type=\"section\" data-e-type=\"section\" data-settings=\"{&quot;background_background&quot;:&quot;classic&quot;,&quot;shape_divider_top&quot;:&quot;tilt&quot;}\">\n\t\t\t\t\t<div class=\"elementor-shape elementor-shape-top\" aria-hidden=\"true\" data-negative=\"false\">\n\t\t\t<svg xmlns=\"http:\/\/www.w3.org\/2000\/svg\" viewBox=\"0 0 1000 100\" preserveAspectRatio=\"none\">\n\t<path class=\"elementor-shape-fill\" d=\"M0,6V0h1000v100L0,6z\"\/>\n<\/svg>\t\t<\/div>\n\t\t\t\t\t<div class=\"elementor-container elementor-column-gap-default\">\n\t\t\t\t\t<div class=\"elementor-column elementor-col-100 elementor-top-column elementor-element elementor-element-8e73067\" data-id=\"8e73067\" data-element_type=\"column\" data-e-type=\"column\">\n\t\t\t<div class=\"elementor-widget-wrap\">\n\t\t\t\t\t\t\t<\/div>\n\t\t<\/div>\n\t\t\t\t\t<\/div>\n\t\t<\/section>\n\t\t\t\t<\/div>\n\t\t","protected":false},"excerpt":{"rendered":"<p>Condizioni di utilizzo Termini e condizioni d&#8217;uso Regole generali e definizioni Utilizzando i servizi collegati al sito Arpa Trading (di seguito denominati &#8220;i servizi&#8221; o &#8220;il servizio&#8221;), l&#8217;utente \u00e8 tenuto a rispettare le condizioni e i termini di utilizzo di seguito riportati. Le presenti condizioni si applicano ad Arpa Trading, titolare di Arpa Trading e [&hellip;]<\/p>\n","protected":false},"author":1,"featured_media":0,"parent":0,"menu_order":0,"comment_status":"closed","ping_status":"closed","template":"","meta":{"footnotes":""},"class_list":["post-1300","page","type-page","status-publish","hentry"],"_links":{"self":[{"href":"https:\/\/arpa.trading\/it\/wp-json\/wp\/v2\/pages\/1300","targetHints":{"allow":["GET"]}}],"collection":[{"href":"https:\/\/arpa.trading\/it\/wp-json\/wp\/v2\/pages"}],"about":[{"href":"https:\/\/arpa.trading\/it\/wp-json\/wp\/v2\/types\/page"}],"author":[{"embeddable":true,"href":"https:\/\/arpa.trading\/it\/wp-json\/wp\/v2\/users\/1"}],"replies":[{"embeddable":true,"href":"https:\/\/arpa.trading\/it\/wp-json\/wp\/v2\/comments?post=1300"}],"version-history":[{"count":1,"href":"https:\/\/arpa.trading\/it\/wp-json\/wp\/v2\/pages\/1300\/revisions"}],"predecessor-version":[{"id":1301,"href":"https:\/\/arpa.trading\/it\/wp-json\/wp\/v2\/pages\/1300\/revisions\/1301"}],"wp:attachment":[{"href":"https:\/\/arpa.trading\/it\/wp-json\/wp\/v2\/media?parent=1300"}],"curies":[{"name":"wp","href":"https:\/\/api.w.org\/{rel}","templated":true}]}}