{"id":1276,"date":"2023-09-11T21:22:26","date_gmt":"2023-09-11T21:22:26","guid":{"rendered":"https:\/\/arpa.trading\/responsabilita\/"},"modified":"2023-09-12T20:52:59","modified_gmt":"2023-09-12T20:52:59","slug":"responsabilita","status":"publish","type":"page","link":"https:\/\/arpa.trading\/it\/responsabilita\/","title":{"rendered":"Responsabilit\u00e0"},"content":{"rendered":"\t\t<div data-elementor-type=\"wp-page\" data-elementor-id=\"1276\" class=\"elementor elementor-1276 elementor-778\">\n\t\t\t\t\t\t<section class=\"elementor-section elementor-top-section elementor-element elementor-element-b1be998 elementor-section-boxed elementor-section-height-default elementor-section-height-default\" data-id=\"b1be998\" data-element_type=\"section\" data-e-type=\"section\">\n\t\t\t\t\t\t<div class=\"elementor-container elementor-column-gap-default\">\n\t\t\t\t\t<div class=\"elementor-column elementor-col-100 elementor-top-column elementor-element elementor-element-b52364a\" data-id=\"b52364a\" data-element_type=\"column\" data-e-type=\"column\">\n\t\t\t<div class=\"elementor-widget-wrap elementor-element-populated\">\n\t\t\t\t\t\t<div class=\"elementor-element elementor-element-ec0a602 elementor-widget elementor-widget-heading\" data-id=\"ec0a602\" data-element_type=\"widget\" data-e-type=\"widget\" data-widget_type=\"heading.default\">\n\t\t\t\t<div class=\"elementor-widget-container\">\n\t\t\t\t\t<h2 class=\"elementor-heading-title elementor-size-default\">Responsabilit\u00e0<\/h2>\t\t\t\t<\/div>\n\t\t\t\t<\/div>\n\t\t\t\t\t<\/div>\n\t\t<\/div>\n\t\t\t\t\t<\/div>\n\t\t<\/section>\n\t\t\t\t<section class=\"elementor-section elementor-top-section elementor-element elementor-element-9386340 elementor-section-boxed elementor-section-height-default elementor-section-height-default\" data-id=\"9386340\" data-element_type=\"section\" data-e-type=\"section\">\n\t\t\t\t\t\t<div class=\"elementor-container elementor-column-gap-default\">\n\t\t\t\t\t<div class=\"elementor-column elementor-col-100 elementor-top-column elementor-element elementor-element-fd67fb6\" data-id=\"fd67fb6\" data-element_type=\"column\" data-e-type=\"column\">\n\t\t\t<div class=\"elementor-widget-wrap elementor-element-populated\">\n\t\t\t\t\t\t<div class=\"elementor-element elementor-element-24ff90a elementor-widget elementor-widget-text-editor\" data-id=\"24ff90a\" data-element_type=\"widget\" data-e-type=\"widget\" data-widget_type=\"text-editor.default\">\n\t\t\t\t<div class=\"elementor-widget-container\">\n\t\t\t\t\t\t\t\t\t<div>\n<h3>Termini e condizioni d&#8217;uso<\/h3>\n<div>Il sito arpa.trading \u00e8 di propriet\u00e0 esclusiva di Arpa Trading, (di seguito &#8220;Arpa Trading&#8221; o &#8220;arpa.trading&#8221;). L&#8217;accesso e la navigazione sul sito da parte dei singoli utenti \u00e8 gratuita e subordinata all&#8217;accettazione dei termini e delle condizioni delle presenti note legali. L&#8217;utente riconosce e, in ogni caso, accetta: (i) che Arpa Trading si riserva il diritto di modificare in qualsiasi momento i termini e le condizioni delle presenti note legali, comunicando le modifiche agli utenti mediante un avviso generale allegato al sito o mediante un link al presente avviso e (ii) che, dal momento di ogni avviso generale ora menzionato, le note legali modificate costituiranno i nuovi termini e condizioni di accesso e navigazione del Sito (tali note legali, come via via le &#8220;Note legali&#8221;, sono soggette a continue potenziali modifiche).<\/div>\n<div> <\/div>\n<div><b>Legge applicabile<\/b><\/div>\n<div> <\/div>\n<div>Per l&#8217;Europa, le note legali sono regolate dal diritto svizzero, Tribunale di Ginevra. Per l&#8217;America, le note legali sono regolate dalla legge degli Stati Uniti d&#8217;America, la Corte di Miami.<\/div>\n<div> <\/div>\n<div>Per l&#8217;Africa, le note legali sono regolate dal diritto svizzero, Corte di Ginevra.<\/div>\n<div> <\/div>\n<div>Per l&#8217;Asia, le note legali sono regolate dal diritto svizzero, Corte di Ginevra.<\/div>\n<div> <\/div>\n<div>Per l&#8217;Australia, le note legali saranno regolate dalla legge degli Stati Uniti d&#8217;America, Tribunale di Miami.<\/div>\n<div> <\/div>\n<div><b>Diritti di propriet\u00e0 intellettuale<\/b><\/div>\n<ul>\n<li>I contenuti del Sito, a titolo esemplificativo e non esaustivo, le opere, le immagini, le fotografie, i dialoghi, le musiche, i suoni, i video, i testi ed ogni altro materiale in qualsiasi formato, ivi compresi, a titolo esemplificativo e non esaustivo, i menu, le pagine web, la grafica, i colori, gli schemi, gli strumenti, i caratteri, il design, i diagrammi, i progetti, i metodi, i processi, le funzioni ed il software (singolarmente e\/o collettivamente &#8216;Contenuti&#8217;) ed i segni e\/o i relativi loghi distintivi sono di esclusiva propriet\u00e0 di arpa.trading o nella sua esclusiva disponibilit\u00e0, e in nessun caso possono essere utilizzati in qualsiasi modo e\/o forma senza il preventivo consenso scritto di Arpa Trading.<\/li>\n<li>Se non espressamente indicato diversamente sul Sito, il contenuto pu\u00f2 essere guardato e\/o ascoltato solo in modalit\u00e0 &#8220;Streaming&#8221;. Per &#8216;Streaming&#8217; si intende la modalit\u00e0 di visualizzazione e\/o ascolto dei contenuti in tempo reale e non \u00e8 necessaria e\/o possibile la riproduzione, temporanea o permanente, la distribuzione, la ridistribuzione, la comunicazione al pubblico o altro utilizzo, in qualsiasi forma o modalit\u00e0 diversa dallo &#8216;Streaming&#8217; qui definito.<\/li>\n<li>Nel caso in cui sul Sito Embedding vengano forniti codici di collegamento relativi a specifici contenuti, tali codici potranno essere utilizzati dagli utenti solo per il proprio uso diretto, personale e privato e purch\u00e9 il suddetto utilizzo non avvenga per scopi di tipo diretto o indiretto.<\/li>\n<li>Qualsiasi utilizzo di codici e\/o contenuti in violazione dei limiti indicati nelle Note Legali, o comunque contrario alla legge, \u00e8 illegale e, pertanto, sar\u00e0 sanzionato da Arpa Trading.<\/li>\n<li>I marchi registrati e i loghi &#8220;Arpa Trading&#8221;, compreso il dominio &#8220;arpa.trading&#8221;, sono disponibili esclusivamente per le societ\u00e0 Arpa Trading. Questi marchi, loghi e domini non possono essere utilizzati in alcun modo senza il preventivo consenso scritto di Arpa Trading.<\/li>\n<\/ul>\n<div><strong>Link ad altri siti web<\/strong><\/div>\n<ul>\n<li>Il Sito pu\u00f2 contenere link testuali (i &#8220;link&#8221;) ad altri siti web che non hanno alcun collegamento con il Sito. Arpa Trading non controlla n\u00e9 supervisiona questi siti web, i loro contenuti e le loro regole.<\/li>\n<li>Ogni link ad altri siti web non deve essere inteso in alcun modo come un&#8217;attivit\u00e0 di Arpa Trading volta a promuovere gli stessi e\/o i contenuti in essi pubblicati.<\/li>\n<\/ul>\n<div><strong>Biscotti<\/strong><\/div>\n<div> <\/div>\n<div>Il Sito pu\u00f2 contenere cookie di sessione (che non vengono memorizzati in modo permanente sul computer dell&#8217;utente e scompaiono alla chiusura del browser) per consentire agli utenti di utilizzare meglio il Sito. Per ricevere i cookie \u00e8 possibile configurare il browser con l&#8217;intenzione di essere avvisati della presenza dei cookie e quindi decidere se accettarli o meno.<\/div>\n<div> <\/div>\n<div>Anche il browser pu\u00f2 essere configurato per rifiutare automaticamente tutti i cookie; in questo caso, tuttavia, \u00e8 possibile che l&#8217;utente non possa accedere a tutti i servizi disponibili sul Sito.<\/div>\n<div> <\/div>\n<div><strong>Limitazioni di responsabilit\u00e0<\/strong><\/div>\n<div> <\/div>\n<ul>\n<li>L&#8217;utente riconosce e accetta che il suo accesso e la sua navigazione nel Sito avvengono a proprio rischio e sotto la sua esclusiva responsabilit\u00e0.<\/li>\n<li>L&#8217;utente riconosce e accetta inoltre che il Sito viene fornito &#8220;cos\u00ec com&#8217;\u00e8&#8221; e &#8220;come disponibile&#8221; e che potrebbe essere temporaneamente inaccessibile o contenere difetti o ritardi attuali.<\/li>\n<li>Arpa Trading non si assume alcuna responsabilit\u00e0 per i contenuti, i materiali e\/o le informazioni inserite sul Sito dagli utenti negli spazi virtuali che Arpa Trading mette a disposizione degli utenti per l&#8217;interazione con il Sito (&#8216;User Content&#8217;).<\/li>\n<li>Arpa Trading non sar\u00e0 responsabile di alcuna perdita o danno derivante o correlato in qualsiasi modo all&#8217;utilizzo o al funzionamento del Sito, inclusi, tra gli altri, i danni per perdita di affari, perdita di profitti, interruzione dell&#8217;attivit\u00e0, perdita di informazioni commerciali e\/o qualsiasi altro tipo di perdita pecuniaria, salvo i casi di cattiva condotta intenzionale o di grave negligenza di Arpa Trading.<\/li>\n<\/ul>\n<div><strong>Rapporto sugli abusi<\/strong><\/div>\n<div> <\/div>\n<ul>\n<li>Gli utenti che abbiano individuato un qualsiasi Contenuto dell&#8217;utente che ritengano illegale, inappropriato, offensivo o volgare devono informare immediatamente Arpa Trading, compilando il modulo di segnalazione abusi disponibile sul Sito, in fondo alla home page.<\/li>\n<li>L&#8217;utente \u00e8 invitato a un uso responsabile dei propri rapporti. Le segnalazioni che si rivelano infondate e\/o illegittime saranno fonte di responsabilit\u00e0 per voi.<\/li>\n<\/ul>\n<div><strong>Legge applicabile<\/strong><\/div>\n<div> <\/div>\n<div>Le note legali sono regolate dal diritto svizzero, Tribunale di Ginevra.<\/div>\n<div>Arpa Trading<\/div>\n<\/div>\n\t\t\t\t\t\t\t\t<\/div>\n\t\t\t\t<\/div>\n\t\t\t\t\t<\/div>\n\t\t<\/div>\n\t\t\t\t\t<\/div>\n\t\t<\/section>\n\t\t\t\t<section class=\"elementor-section elementor-top-section elementor-element elementor-element-5ed7277 elementor-section-full_width elementor-section-height-default elementor-section-height-default\" data-id=\"5ed7277\" data-element_type=\"section\" data-e-type=\"section\" data-settings=\"{&quot;background_background&quot;:&quot;classic&quot;,&quot;shape_divider_top&quot;:&quot;tilt&quot;}\">\n\t\t\t\t\t<div class=\"elementor-shape elementor-shape-top\" aria-hidden=\"true\" data-negative=\"false\">\n\t\t\t<svg xmlns=\"http:\/\/www.w3.org\/2000\/svg\" viewBox=\"0 0 1000 100\" preserveAspectRatio=\"none\">\n\t<path class=\"elementor-shape-fill\" d=\"M0,6V0h1000v100L0,6z\"\/>\n<\/svg>\t\t<\/div>\n\t\t\t\t\t<div class=\"elementor-container elementor-column-gap-default\">\n\t\t\t\t\t<div class=\"elementor-column elementor-col-100 elementor-top-column elementor-element elementor-element-07aa57d\" data-id=\"07aa57d\" data-element_type=\"column\" data-e-type=\"column\">\n\t\t\t<div class=\"elementor-widget-wrap\">\n\t\t\t\t\t\t\t<\/div>\n\t\t<\/div>\n\t\t\t\t\t<\/div>\n\t\t<\/section>\n\t\t\t\t<\/div>\n\t\t","protected":false},"excerpt":{"rendered":"<p>Responsabilit\u00e0 Termini e condizioni d&#8217;uso Il sito arpa.trading \u00e8 di propriet\u00e0 esclusiva di Arpa Trading, (di seguito &#8220;Arpa Trading&#8221; o &#8220;arpa.trading&#8221;). L&#8217;accesso e la navigazione sul sito da parte dei singoli utenti \u00e8 gratuita e subordinata all&#8217;accettazione dei termini e delle condizioni delle presenti note legali. L&#8217;utente riconosce e, in ogni caso, accetta: (i) che [&hellip;]<\/p>\n","protected":false},"author":1,"featured_media":0,"parent":0,"menu_order":0,"comment_status":"closed","ping_status":"closed","template":"","meta":{"footnotes":""},"class_list":["post-1276","page","type-page","status-publish","hentry"],"_links":{"self":[{"href":"https:\/\/arpa.trading\/it\/wp-json\/wp\/v2\/pages\/1276","targetHints":{"allow":["GET"]}}],"collection":[{"href":"https:\/\/arpa.trading\/it\/wp-json\/wp\/v2\/pages"}],"about":[{"href":"https:\/\/arpa.trading\/it\/wp-json\/wp\/v2\/types\/page"}],"author":[{"embeddable":true,"href":"https:\/\/arpa.trading\/it\/wp-json\/wp\/v2\/users\/1"}],"replies":[{"embeddable":true,"href":"https:\/\/arpa.trading\/it\/wp-json\/wp\/v2\/comments?post=1276"}],"version-history":[{"count":1,"href":"https:\/\/arpa.trading\/it\/wp-json\/wp\/v2\/pages\/1276\/revisions"}],"predecessor-version":[{"id":1277,"href":"https:\/\/arpa.trading\/it\/wp-json\/wp\/v2\/pages\/1276\/revisions\/1277"}],"wp:attachment":[{"href":"https:\/\/arpa.trading\/it\/wp-json\/wp\/v2\/media?parent=1276"}],"curies":[{"name":"wp","href":"https:\/\/api.w.org\/{rel}","templated":true}]}}