{"id":1194,"date":"2023-09-08T11:49:31","date_gmt":"2023-09-08T11:49:31","guid":{"rendered":"https:\/\/arpa.trading\/produits-chimiques\/"},"modified":"2023-09-12T20:36:38","modified_gmt":"2023-09-12T20:36:38","slug":"produits-chimiques","status":"publish","type":"page","link":"https:\/\/arpa.trading\/fr\/produits-chimiques\/","title":{"rendered":"Produits chimiques"},"content":{"rendered":"\t\t<div data-elementor-type=\"wp-page\" data-elementor-id=\"1194\" class=\"elementor elementor-1194 elementor-23\">\n\t\t\t\t\t\t<section class=\"elementor-section elementor-top-section elementor-element elementor-element-5bd4fb2 elementor-section-height-min-height elementor-section-boxed elementor-section-height-default elementor-section-items-middle\" data-id=\"5bd4fb2\" data-element_type=\"section\" data-e-type=\"section\" data-settings=\"{&quot;background_background&quot;:&quot;classic&quot;,&quot;shape_divider_bottom&quot;:&quot;tilt&quot;}\">\n\t\t\t\t\t\t\t<div class=\"elementor-background-overlay\"><\/div>\n\t\t\t\t\t\t<div class=\"elementor-shape elementor-shape-bottom\" aria-hidden=\"true\" data-negative=\"false\">\n\t\t\t<svg xmlns=\"http:\/\/www.w3.org\/2000\/svg\" viewBox=\"0 0 1000 100\" preserveAspectRatio=\"none\">\n\t<path class=\"elementor-shape-fill\" d=\"M0,6V0h1000v100L0,6z\"\/>\n<\/svg>\t\t<\/div>\n\t\t\t\t\t<div class=\"elementor-container elementor-column-gap-default\">\n\t\t\t\t\t<div class=\"elementor-column elementor-col-100 elementor-top-column elementor-element elementor-element-7af2917\" data-id=\"7af2917\" data-element_type=\"column\" data-e-type=\"column\">\n\t\t\t<div class=\"elementor-widget-wrap elementor-element-populated\">\n\t\t\t\t\t\t<div class=\"elementor-element elementor-element-f17b928 elementor-invisible elementor-widget elementor-widget-heading\" data-id=\"f17b928\" data-element_type=\"widget\" data-e-type=\"widget\" data-settings=\"{&quot;_animation&quot;:&quot;fadeInUp&quot;}\" data-widget_type=\"heading.default\">\n\t\t\t\t<div class=\"elementor-widget-container\">\n\t\t\t\t\t<h2 class=\"elementor-heading-title elementor-size-default\">Produits chimiques<\/h2>\t\t\t\t<\/div>\n\t\t\t\t<\/div>\n\t\t\t\t\t<\/div>\n\t\t<\/div>\n\t\t\t\t\t<\/div>\n\t\t<\/section>\n\t\t\t\t<section class=\"elementor-section elementor-top-section elementor-element elementor-element-335b787 elementor-section-boxed elementor-section-height-default elementor-section-height-default\" data-id=\"335b787\" data-element_type=\"section\" data-e-type=\"section\">\n\t\t\t\t\t\t<div class=\"elementor-container elementor-column-gap-default\">\n\t\t\t\t\t<div class=\"elementor-column elementor-col-50 elementor-top-column elementor-element elementor-element-1b27efa elementor-invisible\" data-id=\"1b27efa\" data-element_type=\"column\" data-e-type=\"column\" data-settings=\"{&quot;animation&quot;:&quot;fadeInLeft&quot;,&quot;animation_mobile&quot;:&quot;fadeInUp&quot;}\">\n\t\t\t<div class=\"elementor-widget-wrap elementor-element-populated\">\n\t\t\t\t\t\t<div class=\"elementor-element elementor-element-a754191 elementor-widget elementor-widget-image\" data-id=\"a754191\" data-element_type=\"widget\" data-e-type=\"widget\" data-widget_type=\"image.default\">\n\t\t\t\t<div class=\"elementor-widget-container\">\n\t\t\t\t\t\t\t\t\t\t\t\t\t\t\t<img fetchpriority=\"high\" decoding=\"async\" width=\"640\" height=\"427\" src=\"https:\/\/arpa.trading\/wp-content\/uploads\/2023\/09\/car-mechanic-replacing-pouring-fresh-oil-into-engine-maintenance-repair-service-station-1024x683.jpg\" class=\"attachment-large size-large wp-image-1087\" alt=\"\" srcset=\"https:\/\/arpa.trading\/wp-content\/uploads\/2023\/09\/car-mechanic-replacing-pouring-fresh-oil-into-engine-maintenance-repair-service-station-1024x683.jpg 1024w, https:\/\/arpa.trading\/wp-content\/uploads\/2023\/09\/car-mechanic-replacing-pouring-fresh-oil-into-engine-maintenance-repair-service-station-300x200.jpg 300w, https:\/\/arpa.trading\/wp-content\/uploads\/2023\/09\/car-mechanic-replacing-pouring-fresh-oil-into-engine-maintenance-repair-service-station-768x512.jpg 768w, https:\/\/arpa.trading\/wp-content\/uploads\/2023\/09\/car-mechanic-replacing-pouring-fresh-oil-into-engine-maintenance-repair-service-station.jpg 1500w\" sizes=\"(max-width: 640px) 100vw, 640px\" \/>\t\t\t\t\t\t\t\t\t\t\t\t\t\t\t<\/div>\n\t\t\t\t<\/div>\n\t\t\t\t\t<\/div>\n\t\t<\/div>\n\t\t\t\t<div class=\"elementor-column elementor-col-50 elementor-top-column elementor-element elementor-element-740f919 elementor-invisible\" data-id=\"740f919\" data-element_type=\"column\" data-e-type=\"column\" data-settings=\"{&quot;animation&quot;:&quot;fadeInRight&quot;,&quot;animation_mobile&quot;:&quot;fadeInUp&quot;,&quot;animation_delay&quot;:200}\">\n\t\t\t<div class=\"elementor-widget-wrap elementor-element-populated\">\n\t\t\t\t\t\t<div class=\"elementor-element elementor-element-79a73f5 elementor-widget elementor-widget-text-editor\" data-id=\"79a73f5\" data-element_type=\"widget\" data-e-type=\"widget\" data-widget_type=\"text-editor.default\">\n\t\t\t\t<div class=\"elementor-widget-container\">\n\t\t\t\t\t\t\t\t\t<p>Dans le monde comp\u00e9titif et dynamique du commerce des produits chimiques, Arpa trading &amp; commercial corporation est un symbole d&rsquo;excellence et de fiabilit\u00e9. Notre passion pour la chimie, \u00e9tay\u00e9e par des d\u00e9cennies d&rsquo;exp\u00e9rience, nous place au sommet de l&rsquo;industrie, pr\u00eats \u00e0 propulser vos produits chimiques vers un succ\u00e8s mondial.<\/p>\n<p>Nous sommes plus que des n\u00e9gociants ; nous sommes des facilitateurs d&rsquo;innovation et des partenaires strat\u00e9giques sur le march\u00e9 des produits chimiques. et des partenaires strat\u00e9giques sur le march\u00e9 des produits chimiques. Des compos\u00e9s essentiels aux solutions sp\u00e9cialis\u00e9es, nous ma\u00eetrisons un large \u00e9ventail de produits chimiques qui font tourner des industries enti\u00e8res. Notre r\u00e9seau mondial, nos experts industriels et notre souci constant de la qualit\u00e9 garantissent que vos produits arrivent l\u00e0 o\u00f9 ils doivent arriver, quand ils doivent arriver, quand ils doivent arriver.<\/p>\n\t\t\t\t\t\t\t\t<\/div>\n\t\t\t\t<\/div>\n\t\t\t\t\t<\/div>\n\t\t<\/div>\n\t\t\t\t\t<\/div>\n\t\t<\/section>\n\t\t\t\t<section class=\"elementor-section elementor-top-section elementor-element elementor-element-b06186f elementor-section-boxed elementor-section-height-default elementor-section-height-default\" data-id=\"b06186f\" data-element_type=\"section\" data-e-type=\"section\">\n\t\t\t\t\t\t<div class=\"elementor-container elementor-column-gap-default\">\n\t\t\t\t\t<div class=\"elementor-column elementor-col-50 elementor-top-column elementor-element elementor-element-987cbf3 elementor-invisible\" data-id=\"987cbf3\" data-element_type=\"column\" data-e-type=\"column\" data-settings=\"{&quot;animation&quot;:&quot;fadeInLeft&quot;,&quot;animation_mobile&quot;:&quot;fadeInUp&quot;}\">\n\t\t\t<div class=\"elementor-widget-wrap elementor-element-populated\">\n\t\t\t\t\t\t<div class=\"elementor-element elementor-element-0988244 elementor-widget elementor-widget-text-editor\" data-id=\"0988244\" data-element_type=\"widget\" data-e-type=\"widget\" data-widget_type=\"text-editor.default\">\n\t\t\t\t<div class=\"elementor-widget-container\">\n\t\t\t\t\t\t\t\t\t<p>Chez Arpa trading &amp; commercial corporation, la s\u00e9curit\u00e9, la durabilit\u00e9 et la responsabilit\u00e9 sont aussi importantes que la puret\u00e9 de nos produits.<\/p>\n<p>Nous r\u00e9pondons aux normes les plus rigoureuses et travaillons sans rel\u00e2che pour les d\u00e9passer. Nous nous engageons en faveur d&rsquo;un monde plus propre et plus sain, et cela se refl\u00e8te dans tout ce que nous faisons.<\/p>\n<p>Si vous \u00eates \u00e0 la recherche d&rsquo;un partenaire qui vous hissera au-dessus de la concurrence et vous donnera acc\u00e8s aux march\u00e9s mondiaux, vous \u00eates sur le point de prendre la d\u00e9cision la plus judicieuse de votre carri\u00e8re.<\/p>\n\t\t\t\t\t\t\t\t<\/div>\n\t\t\t\t<\/div>\n\t\t\t\t\t<\/div>\n\t\t<\/div>\n\t\t\t\t<div class=\"elementor-column elementor-col-50 elementor-top-column elementor-element elementor-element-f52aaec elementor-invisible\" data-id=\"f52aaec\" data-element_type=\"column\" data-e-type=\"column\" data-settings=\"{&quot;animation&quot;:&quot;fadeInRight&quot;,&quot;animation_mobile&quot;:&quot;fadeInUp&quot;,&quot;animation_delay&quot;:200}\">\n\t\t\t<div class=\"elementor-widget-wrap elementor-element-populated\">\n\t\t\t\t\t\t<div class=\"elementor-element elementor-element-128dd02 elementor-widget elementor-widget-image\" data-id=\"128dd02\" data-element_type=\"widget\" data-e-type=\"widget\" data-widget_type=\"image.default\">\n\t\t\t\t<div class=\"elementor-widget-container\">\n\t\t\t\t\t\t\t\t\t\t\t\t\t\t\t<img decoding=\"async\" width=\"640\" height=\"427\" src=\"https:\/\/arpa.trading\/wp-content\/uploads\/2023\/09\/clinical-worker-dressed-white-gown-gloves-holding-glass-beakers-with-blue-liquid-1-1024x683.jpg\" class=\"attachment-large size-large wp-image-1093\" alt=\"\" srcset=\"https:\/\/arpa.trading\/wp-content\/uploads\/2023\/09\/clinical-worker-dressed-white-gown-gloves-holding-glass-beakers-with-blue-liquid-1-1024x683.jpg 1024w, https:\/\/arpa.trading\/wp-content\/uploads\/2023\/09\/clinical-worker-dressed-white-gown-gloves-holding-glass-beakers-with-blue-liquid-1-300x200.jpg 300w, https:\/\/arpa.trading\/wp-content\/uploads\/2023\/09\/clinical-worker-dressed-white-gown-gloves-holding-glass-beakers-with-blue-liquid-1-768x512.jpg 768w, https:\/\/arpa.trading\/wp-content\/uploads\/2023\/09\/clinical-worker-dressed-white-gown-gloves-holding-glass-beakers-with-blue-liquid-1.jpg 1500w\" sizes=\"(max-width: 640px) 100vw, 640px\" \/>\t\t\t\t\t\t\t\t\t\t\t\t\t\t\t<\/div>\n\t\t\t\t<\/div>\n\t\t\t\t\t<\/div>\n\t\t<\/div>\n\t\t\t\t\t<\/div>\n\t\t<\/section>\n\t\t\t\t<section class=\"elementor-section elementor-top-section elementor-element elementor-element-af05835 elementor-section-boxed elementor-section-height-default elementor-section-height-default\" data-id=\"af05835\" data-element_type=\"section\" data-e-type=\"section\">\n\t\t\t\t\t\t<div class=\"elementor-container elementor-column-gap-default\">\n\t\t\t\t\t<div class=\"elementor-column elementor-col-100 elementor-top-column elementor-element elementor-element-3f5a6e5\" data-id=\"3f5a6e5\" data-element_type=\"column\" data-e-type=\"column\" data-settings=\"{&quot;animation_mobile&quot;:&quot;fadeInUp&quot;}\">\n\t\t\t<div class=\"elementor-widget-wrap elementor-element-populated\">\n\t\t\t\t\t\t<div class=\"elementor-element elementor-element-186cd40 elementor-invisible elementor-widget elementor-widget-heading\" data-id=\"186cd40\" data-element_type=\"widget\" data-e-type=\"widget\" data-settings=\"{&quot;_animation&quot;:&quot;fadeInUp&quot;}\" data-widget_type=\"heading.default\">\n\t\t\t\t<div class=\"elementor-widget-container\">\n\t\t\t\t\t<h2 class=\"elementor-heading-title elementor-size-default\">Rejoignez-nous et faites l'exp\u00e9rience de l'excellence dans chaque mol\u00e9cule, de l'engagement dans chaque livraison et de la r\u00e9ussite dans chaque transaction. Votre avenir sur le march\u00e9 de la chimie commence ici, chez Arpa trading &amp; commercial corporation.<\/h2>\t\t\t\t<\/div>\n\t\t\t\t<\/div>\n\t\t\t\t\t<\/div>\n\t\t<\/div>\n\t\t\t\t\t<\/div>\n\t\t<\/section>\n\t\t\t\t<section class=\"elementor-section elementor-top-section elementor-element elementor-element-ee8df24 elementor-section-full_width elementor-section-height-default elementor-section-height-default\" data-id=\"ee8df24\" data-element_type=\"section\" data-e-type=\"section\" data-settings=\"{&quot;background_background&quot;:&quot;classic&quot;,&quot;shape_divider_top&quot;:&quot;tilt&quot;}\">\n\t\t\t\t\t<div class=\"elementor-shape elementor-shape-top\" aria-hidden=\"true\" data-negative=\"false\">\n\t\t\t<svg xmlns=\"http:\/\/www.w3.org\/2000\/svg\" viewBox=\"0 0 1000 100\" preserveAspectRatio=\"none\">\n\t<path class=\"elementor-shape-fill\" d=\"M0,6V0h1000v100L0,6z\"\/>\n<\/svg>\t\t<\/div>\n\t\t\t\t\t<div class=\"elementor-container elementor-column-gap-default\">\n\t\t\t\t\t<div class=\"elementor-column elementor-col-100 elementor-top-column elementor-element elementor-element-2ecb76d\" data-id=\"2ecb76d\" data-element_type=\"column\" data-e-type=\"column\">\n\t\t\t<div class=\"elementor-widget-wrap\">\n\t\t\t\t\t\t\t<\/div>\n\t\t<\/div>\n\t\t\t\t\t<\/div>\n\t\t<\/section>\n\t\t\t\t<\/div>\n\t\t","protected":false},"excerpt":{"rendered":"<p>Produits chimiques Dans le monde comp\u00e9titif et dynamique du commerce des produits chimiques, Arpa trading &amp; commercial corporation est un symbole d&rsquo;excellence et de fiabilit\u00e9. Notre passion pour la chimie, \u00e9tay\u00e9e par des d\u00e9cennies d&rsquo;exp\u00e9rience, nous place au sommet de l&rsquo;industrie, pr\u00eats \u00e0 propulser vos produits chimiques vers un succ\u00e8s mondial. Nous sommes plus que [&hellip;]<\/p>\n","protected":false},"author":1,"featured_media":0,"parent":0,"menu_order":0,"comment_status":"closed","ping_status":"closed","template":"","meta":{"footnotes":""},"class_list":["post-1194","page","type-page","status-publish","hentry"],"_links":{"self":[{"href":"https:\/\/arpa.trading\/fr\/wp-json\/wp\/v2\/pages\/1194","targetHints":{"allow":["GET"]}}],"collection":[{"href":"https:\/\/arpa.trading\/fr\/wp-json\/wp\/v2\/pages"}],"about":[{"href":"https:\/\/arpa.trading\/fr\/wp-json\/wp\/v2\/types\/page"}],"author":[{"embeddable":true,"href":"https:\/\/arpa.trading\/fr\/wp-json\/wp\/v2\/users\/1"}],"replies":[{"embeddable":true,"href":"https:\/\/arpa.trading\/fr\/wp-json\/wp\/v2\/comments?post=1194"}],"version-history":[{"count":1,"href":"https:\/\/arpa.trading\/fr\/wp-json\/wp\/v2\/pages\/1194\/revisions"}],"predecessor-version":[{"id":1195,"href":"https:\/\/arpa.trading\/fr\/wp-json\/wp\/v2\/pages\/1194\/revisions\/1195"}],"wp:attachment":[{"href":"https:\/\/arpa.trading\/fr\/wp-json\/wp\/v2\/media?parent=1194"}],"curies":[{"name":"wp","href":"https:\/\/api.w.org\/{rel}","templated":true}]}}