{"id":1313,"date":"2023-09-11T21:21:20","date_gmt":"2023-09-11T21:21:20","guid":{"rendered":"https:\/\/arpa.trading\/condiciones-de-uso\/"},"modified":"2023-09-12T21:10:22","modified_gmt":"2023-09-12T21:10:22","slug":"condiciones-de-uso","status":"publish","type":"page","link":"https:\/\/arpa.trading\/es\/condiciones-de-uso\/","title":{"rendered":"Condiciones de uso"},"content":{"rendered":"\t\t<div data-elementor-type=\"wp-page\" data-elementor-id=\"1313\" class=\"elementor elementor-1313 elementor-774\">\n\t\t\t\t\t\t<section class=\"elementor-section elementor-top-section elementor-element elementor-element-e299c7e elementor-section-boxed elementor-section-height-default elementor-section-height-default\" data-id=\"e299c7e\" data-element_type=\"section\" data-e-type=\"section\">\n\t\t\t\t\t\t<div class=\"elementor-container elementor-column-gap-default\">\n\t\t\t\t\t<div class=\"elementor-column elementor-col-100 elementor-top-column elementor-element elementor-element-38a83ea\" data-id=\"38a83ea\" data-element_type=\"column\" data-e-type=\"column\">\n\t\t\t<div class=\"elementor-widget-wrap elementor-element-populated\">\n\t\t\t\t\t\t<div class=\"elementor-element elementor-element-6dbfc02 elementor-widget elementor-widget-heading\" data-id=\"6dbfc02\" data-element_type=\"widget\" data-e-type=\"widget\" data-widget_type=\"heading.default\">\n\t\t\t\t<div class=\"elementor-widget-container\">\n\t\t\t\t\t<h2 class=\"elementor-heading-title elementor-size-default\">Condiciones de uso<\/h2>\t\t\t\t<\/div>\n\t\t\t\t<\/div>\n\t\t\t\t\t<\/div>\n\t\t<\/div>\n\t\t\t\t\t<\/div>\n\t\t<\/section>\n\t\t\t\t<section class=\"elementor-section elementor-top-section elementor-element elementor-element-47159aa elementor-section-boxed elementor-section-height-default elementor-section-height-default\" data-id=\"47159aa\" data-element_type=\"section\" data-e-type=\"section\">\n\t\t\t\t\t\t<div class=\"elementor-container elementor-column-gap-default\">\n\t\t\t\t\t<div class=\"elementor-column elementor-col-100 elementor-top-column elementor-element elementor-element-7e890a8\" data-id=\"7e890a8\" data-element_type=\"column\" data-e-type=\"column\">\n\t\t\t<div class=\"elementor-widget-wrap elementor-element-populated\">\n\t\t\t\t\t\t<div class=\"elementor-element elementor-element-b8dae0a elementor-widget elementor-widget-text-editor\" data-id=\"b8dae0a\" data-element_type=\"widget\" data-e-type=\"widget\" data-widget_type=\"text-editor.default\">\n\t\t\t\t<div class=\"elementor-widget-container\">\n\t\t\t\t\t\t\t\t\t<div>\n<h3>Condiciones de uso<\/h3>\n<div><strong>Normas generales y definiciones<\/strong><\/div>\n<div> <\/div>\n<div>Al utilizar los servicios conectados al sitio Arpa Trading (en lo sucesivo denominados \u00ablos servicios\u00bb o \u00abel servicio\u00bb), el usuario debe cumplir las condiciones y t\u00e9rminos de uso establecidos a continuaci\u00f3n.<\/div>\n<div> <\/div>\n<div>Estas condiciones se aplican a Arpa Trading, titular de Arpa Trading y administrador de los contenidos del sitio y los servicios relacionados.<\/div>\n<div> <\/div>\n<div>Arpa Trading se reserva el derecho de modificar, a\u00f1adir o eliminar partes de estas condiciones, informando a las partes interesadas a trav\u00e9s de la publicaci\u00f3n de los cambios en el sitio directamente o por correo electr\u00f3nico. Se requiere que cada usuario compruebe peri\u00f3dicamente estas condiciones para determinar los cambios ocurridos despu\u00e9s de la \u00faltima visita al sitio.<\/div>\n<div> <\/div>\n<div>En cualquier caso, el uso del sitio y de sus servicios implica la aceptaci\u00f3n de los cambios que se hayan producido entretanto. Si no se aceptan los cambios, el usuario puede cancelar su cuenta en cualquier momento escribiendo a info@arpa.trading o enviando una carta certificada con acuse de recibo dirigida a Arpa Trading, sin perjuicio de que el uso continuado de los servicios implique la aceptaci\u00f3n de las nuevas condiciones.<\/div>\n<div> <\/div>\n<div>Arpa Trading se reserva el derecho de modificar, suspender o incluso interrumpir parcialmente los servicios, incluido el acceso a la base de datos o a los contenidos. Arpa Trading tambi\u00e9n puede introducir restricciones de acceso o servicio, en su totalidad o en parte sin previo aviso y sin asumir la responsabilidad de dicha limitaci\u00f3n del servicio.<\/div>\n<div> <\/div>\n<div><strong>Contenido y servicios del sitio arpa.trading y uso por parte de los usuarios<\/strong><\/div>\n<div> <\/div>\n<div>Los contenidos y servicios del sitio arpa.trading est\u00e1n destinados a un uso personal y no profesional.<\/div>\n<div> <\/div>\n<div>Todos los materiales publicados en el sitio (incluidos, por ejemplo, art\u00edculos informativos, fotograf\u00edas, im\u00e1genes, ilustraciones, grabaciones de audio y\/o v\u00eddeo, en lo sucesivo tambi\u00e9n denominados \u00abcontenidos\u00bb) est\u00e1n protegidos por las leyes de propiedad intelectual y son propiedad del editor o de quienes leg\u00edtimamente tengan derechos relativos. El usuario deber\u00e1 respetar cualquier informaci\u00f3n adicional que pueda estar presente en el sitio en relaci\u00f3n con la propiedad intelectual de los contenidos a los que acceda a trav\u00e9s de los servicios del sitio.<\/div>\n<div> <\/div>\n<div>Los servicios del sitio y su contenido est\u00e1n protegidos por las leyes de derechos de autor vigentes en Suiza y EE.UU. y por las leyes internacionales de derechos de autor. El usuario no est\u00e1 autorizado a modificar, publicar, transmitir, compartir, transferir en uso por cualquier motivo, reproducir (m\u00e1s all\u00e1 de los l\u00edmites especificados a continuaci\u00f3n), reprocesar, distribuir, ejecutar, dar acceso o explotar comercialmente los contenidos o servicios de cualquier modo (incluido el software) de este sitio, ni siquiera parcialmente.<\/div>\n<div> <\/div>\n<div>El usuario, s\u00f3lo para uso personal, est\u00e1 autorizado a descargar o copiar los contenidos y cualquier otro material descargable disponible a trav\u00e9s de los servicios del sitio, siempre que informe fielmente de todas las indicaciones de copyright y otras indicaciones informadas en el sitio.<\/div>\n<div> <\/div>\n<div>Queda expresamente prohibida la reproducci\u00f3n y recopilaci\u00f3n de cualquier contenido para fines distintos del uso personal, salvo autorizaci\u00f3n expresa previa y por escrito del editor o del titular de los derechos de autor, tal como se indica en el sitio. Los contenidos que provienen de agencias de prensa u otros sitios, son publicados por el editor que no asume ninguna responsabilidad por lo incompleto, inexactitudes, errores, omisiones con respecto a la integridad de la informaci\u00f3n y no es responsable de cualquier da\u00f1o consecuente.<\/div>\n<div> <\/div>\n<div>El servicio rss, consistente en contenidos informativos que pueden descargarse en el ordenador a trav\u00e9s de \u00abprogramas de agregaci\u00f3n\u00bb, s\u00f3lo es accesible para uso personal y queda excluido cualquier uso con fines comerciales. Cualquier uso diferente, incluyendo, por ejemplo, la inserci\u00f3n de mensajes publicitarios, la combinaci\u00f3n con productos o la entrega ampliada con fines publicitarios est\u00e1n prohibidos de cualquier manera. El usuario no puede modificar o distribuir de ninguna manera los servicios de rss y las conexiones que provienen del sitio arpa.trading a terceros. El servicio rss y los contenidos relativos est\u00e1n protegidos por las leyes italianas sobre derechos de autor y las normativas internacionales relacionadas.<\/div>\n<div> <\/div>\n<div>El editor se reserva el derecho a interrumpir el servicio rss en cualquier momento y a impedir que el usuario utilice el material descargado de cualquier forma, sin limitaciones y sin previo aviso.<\/div>\n<div> <\/div>\n<div>El editor no asume ninguna responsabilidad en relaci\u00f3n con los contenidos y el servicio rss y su uso con respecto a da\u00f1os o limitaciones de uso de sitios web, ordenadores que se han utilizado los contenidos y servicios mencionados.<\/div>\n<div> <\/div>\n<div><strong>Acceso y disponibilidad de servicios. Uso de enlaces<\/strong><\/div>\n<div> <\/div>\n<div>El sitio arpa.trading contiene enlaces a otros recursos de internet. El editor no se hace responsable de la accesibilidad y disponibilidad reales de estos recursos externos a su sitio, ni de sus contenidos. Por lo tanto, se invita al usuario a ponerse en contacto con el administrador o el webmaster de los sitios externos si encuentra problemas con el contenido en cuesti\u00f3n.<\/div>\n<div> <\/div>\n<div><strong>Registro y seguridad<\/strong><\/div>\n<div> <\/div>\n<div>Como parte del proceso de registro, el usuario debe elegir su propio nombre de usuario y contrase\u00f1a.<\/div>\n<div> <\/div>\n<div>El usuario no puede elegir el identificador de usuario de otra persona con la intenci\u00f3n de utilizar su identidad. Adem\u00e1s, no puede utilizar el identificador de usuario de otra persona sin su autorizaci\u00f3n expresa. Tambi\u00e9n est\u00e1 prohibido utilizar un identificador de usuario que el editor, a su discreci\u00f3n, considere perjudicial para los derechos de terceros, o en cualquier caso ofensivo o escandaloso.<\/div>\n<div> <\/div>\n<div>La contrase\u00f1a elegida por el usuario al darse de alta en los servicios e insertada en el correspondiente formulario o ficha de registro es personal e intransferible. Los usuarios deben guardar la contrase\u00f1a con el mayor cuidado y mantenerla confidencial para evitar el uso del servicio por terceros no autorizados. Por tanto, ser\u00e1n responsables del uso, realizado por terceros autorizados o no, de los citados identificadores, as\u00ed como de los da\u00f1os y perjuicios causados al titular del blog, editor y\/o terceros, por la falta de cumplimiento de lo anterior.<\/div>\n<div> <\/div>\n<div>El incumplimiento de estas normas supondr\u00e1 la violaci\u00f3n de las presentes condiciones generales de uso y podr\u00e1 dar lugar a la cancelaci\u00f3n inmediata de la cuenta del infractor.<\/div>\n<div> <\/div>\n<div>En caso de uso no autorizado real o potencial de su cuenta, el usuario est\u00e1 invitado a informar por escrito a info@bestvision.ch o mediante el env\u00edo de una carta certificada con acuse de recibo dirigida a Arpa Trading, proporcionando cualquier informaci\u00f3n detallada acerca de la violaci\u00f3n y la notificaci\u00f3n de p\u00e9rdida, compromiso de contrase\u00f1a no autorizada, robo de informaci\u00f3n personal.<\/div>\n<div> <\/div>\n<div>El usuario es consciente de que debe tener al menos 18 a\u00f1os para registrarse en el servicio, aunque pueden acceder a \u00e9l personas de todas las edades. Los menores de 18 a\u00f1os deben ser asistidos y autorizados por la autoridad parental. El usuario es plenamente responsable de cualquier acci\u00f3n realizada a trav\u00e9s de su cuenta, ya sea directamente o a trav\u00e9s de terceros autorizados por \u00e9l.<\/div>\n<div> <\/div>\n<div>Cualquier uso abusivo, fraudulento o en cualquier forma ilegal es causa de la cancelaci\u00f3n inmediata de la cuenta, a discreci\u00f3n del editor o administrador del sitio, sin perjuicio del ejercicio de cualquier acci\u00f3n legal por las partes tituladas.<\/div>\n<div> <\/div>\n<div><strong>Costes de servicios y pagos<\/strong><\/div>\n<div> <\/div>\n<div>Los servicios del sitio son gratuitos salvo que se especifique lo contrario.<\/div>\n<div> <\/div>\n<div>El editor y el administrador del sitio se reservan el derecho de cobrar por el acceso a partes del sitio, a servicios espec\u00edficos o a todo el sitio.<\/div>\n<div> <\/div>\n<div>En cualquier caso, el editor no solicitar\u00e1 el pago de ninguna tasa si previamente no ha obtenido una adhesi\u00f3n expresa a esta oferta.<\/div>\n<div>Por lo tanto, si el editor o el administrador del sitio solicitan en el futuro el pago de una tasa para acceder a partes del sitio o a servicios que actualmente son gratuitos, el usuario recibir\u00e1 una comunicaci\u00f3n espec\u00edfica con una indicaci\u00f3n detallada de estos costes, d\u00e1ndole la oportunidad expl\u00edcita de elegir si desea adherirse al servicio. En caso de aceptaci\u00f3n, el usuario pagar\u00e1 esta tasa en las formas que elija al coste que se definir\u00e1 en el momento de la aceptaci\u00f3n del servicio.<\/div>\n<div> <\/div>\n<div><strong>Comunicaciones entre el editor y el administrador del sitio y el usuario<\/strong><\/div>\n<div> <\/div>\n<div>Si el usuario debe indicar en el formulario de registro en l\u00ednea que desea recibir informaci\u00f3n del editor, el administrador del sitio y los sujetos correlacionados, con su consentimiento, de conformidad con la legislaci\u00f3n vigente, los datos de contacto del usuario pueden ser utilizados, por ejemplo, para el env\u00edo de material promocional relacionado con estos temas.<\/div>\n<div> <\/div>\n<div>El editor y el administrador del sitio se reservan en todo caso el derecho de enviar al usuario comunicaciones por correo electr\u00f3nico para informarle de los cambios o adiciones relacionados con el sitio y los servicios conexos.<\/div>\n<div> <\/div>\n<div>Los datos estad\u00edsticos y los relacionados con el uso del sitio, una vez anonimizados, pueden ser utilizados por el editor y el administrador del sitio para actividades de investigaci\u00f3n y an\u00e1lisis. Para m\u00e1s detalles, el usuario puede consultar la informaci\u00f3n relativa al tratamiento de sus datos personales.<\/div>\n<div> <\/div>\n<div>El editor y el administrador del sitio pueden ponerse en contacto con el usuario por correo electr\u00f3nico para participar en encuestas, solicitudes de comentarios sobre el sitio web y sobre los productos y servicios existentes o por crear.<\/div>\n<div> <\/div>\n<div>Esta informaci\u00f3n no se compartir\u00e1 con terceros, salvo en forma agregada, y s\u00f3lo se utilizar\u00e1 para mejorar el sitio y los servicios.<\/div>\n<div> <\/div>\n<div><strong>Licencias de uso de software<\/strong><\/div>\n<div> <\/div>\n<div>El usuario no adquiere ning\u00fan derecho en relaci\u00f3n con el uso del software presente en el sitio fuera del uso necesario para utilizar los servicios.<\/div>\n<div> <\/div>\n<div>Por lo tanto, el usuario no puede conceder derechos de uso, ceder o transferir licencias en relaci\u00f3n con dicho software. El usuario est\u00e1 exclusivamente autorizado a realizar una copia del software para uso personal, sin perjuicio de la prohibici\u00f3n de distribuir, modificar, reelaborar o dibujar obras derivadas del software en cuesti\u00f3n.<\/div>\n<div> <\/div>\n<div><strong>Duraci\u00f3n de la cuenta.<\/strong><\/div>\n<div> <\/div>\n<div>El usuario puede cancelar su cuenta en cualquier momento escribiendo a info@bestvision.ch o enviando una carta certificada con acuse de recibo a Arpa Trading. El usuario recibir\u00e1 una comunicaci\u00f3n confirmando la recepci\u00f3n de la solicitud y la consiguiente cancelaci\u00f3n de la cuenta.<\/div>\n<div> <\/div>\n<div>Se entiende que el usuario es responsable de todas las actividades realizadas con la cuenta hasta el momento de la desactivaci\u00f3n efectiva.<\/div>\n<div> <\/div>\n<div>El editor y el administrador del sitio pueden, a su discreci\u00f3n, cancelar o suspender temporalmente el acceso a la totalidad o parte del sitio y los servicios por cualquier motivo, incluyendo, sin limitaci\u00f3n, cualquier violaci\u00f3n de las normas descritas en estas condiciones de acceso al servicio.<\/div>\n<div> <\/div>\n<div><strong>Varios<\/strong><\/div>\n<div> <\/div>\n<div>Estas condiciones de acceso se han formulado teniendo en cuenta la legislaci\u00f3n vigente en Suiza. El tribunal competente para la aplicaci\u00f3n de estas normas es el Tribunal de Ginebra.<\/div>\n<div> <\/div>\n<div>Estas condiciones de acceso deben aplicarse e interpretarse de acuerdo con las normas generales establecidas en el sitio arpa.trading.<\/div>\n<div> <\/div>\n<div>El usuario puede ponerse en contacto con Arpa Trading enviando un correo electr\u00f3nico a info@bestvision.ch para cualquier comunicaci\u00f3n sobre estas condiciones de acceso.<\/div>\n<div> <\/div>\n<div>El usuario declara que se compromete a informar al editor de cualquier violaci\u00f3n relacionada con estas condiciones de acceso en cuanto tenga conocimiento de ella. En particular, en caso de acciones legales relacionadas con la violaci\u00f3n de los derechos de autor en relaci\u00f3n con los materiales publicados por el sitio o por los servicios conectados, el usuario est\u00e1 invitado a reportar cualquier informaci\u00f3n que tenga en su poder por escrito a info@bestvision.ch o mediante el env\u00edo de una carta certificada A \/ R dirigida a Arpa Trading.<\/div>\n<div> <\/div>\n<div><strong>Protecci\u00f3n de datos personales.<\/strong><\/div>\n<div> <\/div>\n<div>Los datos personales proporcionados por el usuario est\u00e1n protegidos de conformidad con lo dispuesto en el Decreto Legislativo 196\/2003 \u00abC\u00f3digo en materia de protecci\u00f3n de datos personales\u00bb y sus modificaciones y adiciones posteriores. El editor da a conocer los m\u00e9todos de gesti\u00f3n utilizados para proteger la privacidad de los lectores que consultan el sitio en la Pol\u00edtica de Privacidad (indicada en el sitio).<\/div>\n<div> <\/div>\n<div>Cualquier informaci\u00f3n personal enviada al sitio ser\u00e1 tratada de acuerdo con la ley de protecci\u00f3n de datos. Cualquier informaci\u00f3n no personal comunicada al editor, al administrador del sitio y al propietario del blog (incluyendo, ideas, dibujos, proyectos, etc.) dar\u00e1 a este \u00faltimo el derecho a utilizar, reproducir, mostrar, ejecutar, modificar, publicar y distribuir dicha informaci\u00f3n no personal. La comunicaci\u00f3n de dicha informaci\u00f3n supondr\u00e1 autom\u00e1ticamente la cesi\u00f3n de la misma, de forma gratuita y con todos los derechos y facultades m\u00e1s amplios, a Arpa Trading.<\/div>\n<div> <\/div>\n<div>El sitio ofrece contenidos informativos e interactivos. Durante la navegaci\u00f3n por el sitio, se puede obtener informaci\u00f3n sobre el usuario, o m\u00e1s en general sobre el visitante, de las siguientes maneras:<\/div>\n<div> <\/div>\n<div><strong>Datos de navegaci\u00f3n<\/strong><\/div>\n<div> <\/div>\n<div>El sitio web recopila informaci\u00f3n t\u00e9cnica relacionada con el hardware y el software utilizados por los visitantes, mediante el uso de herramientas aut\u00f3nomas para analizar los archivos de conexi\u00f3n. Esta informaci\u00f3n se refiere a:<\/div>\n<ul>\n<li>Direcci\u00f3n IP<\/li>\n<li>Tipo de navegador<\/li>\n<li>Proveedor de servicios de Internet<\/li>\n<li>Sistema operativo<\/li>\n<li>Nombre del dominio y direcciones de los sitios web desde los que ha accedido o a los que ha dado salida (p\u00e1ginas de referencia \/ salida)<\/li>\n<li>Informaci\u00f3n sobre las p\u00e1ginas visitadas por los lectores dentro del sitio<\/li>\n<li>Tiempo de acceso<\/li>\n<li>Mant\u00e9ngase en una p\u00e1gina<\/li>\n<li>An\u00e1lisis de rutas internas (clickstream)<\/li>\n<li>Resoluci\u00f3n de v\u00eddeo<\/li>\n<li>Tipo de conexi\u00f3n<\/li>\n<li>Pa\u00eds desde el que se conecta el usuario<\/li>\n<li>Presencia de plugins java instalados<\/li>\n<\/ul>\n<div>Esta informaci\u00f3n no proporciona los datos personales del usuario, sino s\u00f3lo datos t\u00e9cnicos \/ inform\u00e1ticos que se recogen y utilizan de forma agregada y an\u00f3nima con el \u00fanico prop\u00f3sito de mejorar la calidad del servicio y proporcionar sobre el uso del sitio. Estos datos se suprimen inmediatamente despu\u00e9s de su tratamiento.<\/div>\n<div> <\/div>\n<div><strong>Datos proporcionados por el usuario<\/strong><\/div>\n<div> <\/div>\n<div>Son los casos en los que el propio usuario emite sus datos personales en el sitio, tras leer informaci\u00f3n para acceder a determinados servicios o enviar solicitudes por correo electr\u00f3nico. Esto implica la adquisici\u00f3n por parte del propietario del sitio de la direcci\u00f3n del remitente y \/ o cualquier otro dato personal que ser\u00e1 procesado exclusivamente para responder a las solicitudes formuladas o para prestar el servicio solicitado. En todos los casos, antes de proceder a la activaci\u00f3n de un servicio espec\u00edfico, se proporcionar\u00e1 informaci\u00f3n adecuada y, cuando sea necesario, se obtendr\u00e1 el consentimiento relativo para el tratamiento de los datos personales. Este consentimiento puede ser revocado posteriormente en cualquier momento, invalidando la posibilidad de utilizar el servicio en cuesti\u00f3n. Los datos recogidos se conservan durante el tiempo estrictamente necesario para alcanzar la finalidad para la que se efect\u00faa el tratamiento, es decir, la activaci\u00f3n\/gesti\u00f3n del servicio solicitado.<\/div>\n<div> <\/div>\n<div><strong>Cookies<\/strong><\/div>\n<div> <\/div>\n<div>Las cookies son fragmentos de informaci\u00f3n que pueden almacenarse en el ordenador mientras se navega por un sitio web, para procesar e identificar datos de uso. El archivo cookie suele ser muy peque\u00f1o y no contribuye a saturar el espacio f\u00edsico del disco duro. La cookie se transfiere al disco del usuario con fines de registro para \u00abmemorizar\u00bb qu\u00e9 \u00e1reas de un sitio web se han visitado. Esta opci\u00f3n ahorra tiempo, permitiendo al usuario llegar m\u00e1s r\u00e1pidamente a las partes principales de un sitio visitado previamente. Existen diferentes tipos de cookies:<\/div>\n<div> <\/div>\n<div>Permanentes, es decir, que permanecen en el disco duro, incluso una vez cerrado el navegador<\/div>\n<div>Temporales o de sesi\u00f3n, que se memorizan s\u00f3lo mientras dura la navegaci\u00f3n y se eliminan del ordenador al cerrar el navegador.<\/div>\n<div>De terceros, generados por un sitio web distinto del que est\u00e1 visitando actualmente.<\/div>\n<div>Las cookies utilizadas por el propietario del sitio web son una combinaci\u00f3n de estos tres tipos: algunas se utilizan \u00fanicamente para abrir y mantener una sesi\u00f3n (cookies temporales). En este caso, el cierre de la sesi\u00f3n o del navegador las inutilizar\u00e1 tanto para nosotros como para terceros, aunque permanezcan f\u00edsicamente en el PC utilizado (cookies permanentes).<\/div>\n<div> <\/div>\n<div>Con fines puramente estad\u00edsticos, tambi\u00e9n se emiten cookies de terceros para la medici\u00f3n de informaci\u00f3n agregada. Para ofrecer un sitio que responda a las expectativas e intereses del usuario, se realiza un an\u00e1lisis constante de los datos recogidos en las cookies; estos datos indican \u00fanicamente y de forma an\u00f3nima c\u00f3mo se utiliza el sitio, es decir, las \u00e1reas y secciones que se consideran de mayor inter\u00e9s y utilidad para los navegantes.<\/div>\n<div> <\/div>\n<div>El usuario tiene derecho a configurar su navegador para aceptar todas las cookies, s\u00f3lo algunas o rechazarlas.<\/div>\n<div> <\/div>\n<div>No obstante, advertimos que el hecho de no aceptar las cookies podr\u00eda imposibilitar la prestaci\u00f3n del servicio en caso de acceder a determinadas \u00e1reas del sitio. Asimismo, cabe recordar que al final de cada sesi\u00f3n de navegaci\u00f3n, el usuario puede, en cualquier caso, eliminar de su disco duro tanto la cach\u00e9 de navegaci\u00f3n como las cookies recogidas.<\/div>\n<div> <\/div>\n<div>El tratamiento se realiza mediante herramientas automatizadas (por ejemplo, utilizando procedimientos y medios electr\u00f3nicos) y\/o manuales (por ejemplo, en soporte papel) durante el tiempo estrictamente necesario para alcanzar los fines para los que se recogieron los datos y, en todo caso, de conformidad con la legislaci\u00f3n vigente.<\/div>\n<div> <\/div>\n<div><strong>Desactivar las cookies en el navegador<\/strong><\/div>\n<div> <\/div>\n<div>Estas son las instrucciones para configurar las cookies en los principales navegadores:<\/div>\n<div> <\/div>\n<div>Chrome: Configuraci\u00f3n-&gt;Mostrar opciones avanzadas-&gt;Privacidad-&gt;Configuraci\u00f3n de contenido<\/div>\n<div>Para m\u00e1s informaci\u00f3n, consulta el soporte de Google o la Ayuda del navegador.<\/div>\n<div> <\/div>\n<div>Firefox: Herramientas-&gt;Opciones-&gt;Privacidad-&gt;Historial-&gt;Configuraci\u00f3n personalizada.<\/div>\n<div>Para m\u00e1s informaci\u00f3n, consulte el soporte de Mozilla o la Ayuda del navegador.<\/div>\n<div> <\/div>\n<div>Internet Explorer: Herramientas-&gt;Opciones de Internet-&gt;Privacidad-&gt;Configuraci\u00f3n.<\/div>\n<div>Para m\u00e1s informaci\u00f3n, consulte el soporte de Microsoft o la Ayuda del navegador.<\/div>\n<div> <\/div>\n<div>Safari: Preferencias-&gt; Seguridad.<\/div>\n<div>Para m\u00e1s informaci\u00f3n, consulte el soporte de Apple o la Ayuda del navegador.<\/div>\n<\/div>\n\t\t\t\t\t\t\t\t<\/div>\n\t\t\t\t<\/div>\n\t\t\t\t\t<\/div>\n\t\t<\/div>\n\t\t\t\t\t<\/div>\n\t\t<\/section>\n\t\t\t\t<section class=\"elementor-section elementor-top-section elementor-element elementor-element-9f5e0ef elementor-section-full_width elementor-section-height-default elementor-section-height-default\" data-id=\"9f5e0ef\" data-element_type=\"section\" data-e-type=\"section\" data-settings=\"{&quot;background_background&quot;:&quot;classic&quot;,&quot;shape_divider_top&quot;:&quot;tilt&quot;}\">\n\t\t\t\t\t<div class=\"elementor-shape elementor-shape-top\" aria-hidden=\"true\" data-negative=\"false\">\n\t\t\t<svg xmlns=\"http:\/\/www.w3.org\/2000\/svg\" viewBox=\"0 0 1000 100\" preserveAspectRatio=\"none\">\n\t<path class=\"elementor-shape-fill\" d=\"M0,6V0h1000v100L0,6z\"\/>\n<\/svg>\t\t<\/div>\n\t\t\t\t\t<div class=\"elementor-container elementor-column-gap-default\">\n\t\t\t\t\t<div class=\"elementor-column elementor-col-100 elementor-top-column elementor-element elementor-element-8e73067\" data-id=\"8e73067\" data-element_type=\"column\" data-e-type=\"column\">\n\t\t\t<div class=\"elementor-widget-wrap\">\n\t\t\t\t\t\t\t<\/div>\n\t\t<\/div>\n\t\t\t\t\t<\/div>\n\t\t<\/section>\n\t\t\t\t<\/div>\n\t\t","protected":false},"excerpt":{"rendered":"<p>Condiciones de uso Condiciones de uso Normas generales y definiciones Al utilizar los servicios conectados al sitio Arpa Trading (en lo sucesivo denominados \u00ablos servicios\u00bb o \u00abel servicio\u00bb), el usuario debe cumplir las condiciones y t\u00e9rminos de uso establecidos a continuaci\u00f3n. Estas condiciones se aplican a Arpa Trading, titular de Arpa Trading y administrador de [&hellip;]<\/p>\n","protected":false},"author":1,"featured_media":0,"parent":0,"menu_order":0,"comment_status":"closed","ping_status":"closed","template":"","meta":{"footnotes":""},"class_list":["post-1313","page","type-page","status-publish","hentry"],"_links":{"self":[{"href":"https:\/\/arpa.trading\/es\/wp-json\/wp\/v2\/pages\/1313","targetHints":{"allow":["GET"]}}],"collection":[{"href":"https:\/\/arpa.trading\/es\/wp-json\/wp\/v2\/pages"}],"about":[{"href":"https:\/\/arpa.trading\/es\/wp-json\/wp\/v2\/types\/page"}],"author":[{"embeddable":true,"href":"https:\/\/arpa.trading\/es\/wp-json\/wp\/v2\/users\/1"}],"replies":[{"embeddable":true,"href":"https:\/\/arpa.trading\/es\/wp-json\/wp\/v2\/comments?post=1313"}],"version-history":[{"count":1,"href":"https:\/\/arpa.trading\/es\/wp-json\/wp\/v2\/pages\/1313\/revisions"}],"predecessor-version":[{"id":1314,"href":"https:\/\/arpa.trading\/es\/wp-json\/wp\/v2\/pages\/1313\/revisions\/1314"}],"wp:attachment":[{"href":"https:\/\/arpa.trading\/es\/wp-json\/wp\/v2\/media?parent=1313"}],"curies":[{"name":"wp","href":"https:\/\/api.w.org\/{rel}","templated":true}]}}