{"id":1294,"date":"2023-09-11T21:51:26","date_gmt":"2023-09-11T21:51:26","guid":{"rendered":"https:\/\/arpa.trading\/politica-de-privacidad\/"},"modified":"2023-09-12T20:56:14","modified_gmt":"2023-09-12T20:56:14","slug":"politica-de-privacidad","status":"publish","type":"page","link":"https:\/\/arpa.trading\/es\/politica-de-privacidad\/","title":{"rendered":"Pol\u00edtica de privacidad"},"content":{"rendered":"\t\t<div data-elementor-type=\"wp-page\" data-elementor-id=\"1294\" class=\"elementor elementor-1294 elementor-804\">\n\t\t\t\t\t\t<section class=\"elementor-section elementor-top-section elementor-element elementor-element-92bb70f elementor-section-boxed elementor-section-height-default elementor-section-height-default\" data-id=\"92bb70f\" data-element_type=\"section\" data-e-type=\"section\">\n\t\t\t\t\t\t<div class=\"elementor-container elementor-column-gap-default\">\n\t\t\t\t\t<div class=\"elementor-column elementor-col-100 elementor-top-column elementor-element elementor-element-41d92c0\" data-id=\"41d92c0\" data-element_type=\"column\" data-e-type=\"column\">\n\t\t\t<div class=\"elementor-widget-wrap elementor-element-populated\">\n\t\t\t\t\t\t<div class=\"elementor-element elementor-element-3a0a97a elementor-widget elementor-widget-heading\" data-id=\"3a0a97a\" data-element_type=\"widget\" data-e-type=\"widget\" data-widget_type=\"heading.default\">\n\t\t\t\t<div class=\"elementor-widget-container\">\n\t\t\t\t\t<h2 class=\"elementor-heading-title elementor-size-default\">pol\u00edtica de privacidad<\/h2>\t\t\t\t<\/div>\n\t\t\t\t<\/div>\n\t\t\t\t\t<\/div>\n\t\t<\/div>\n\t\t\t\t\t<\/div>\n\t\t<\/section>\n\t\t\t\t<section class=\"elementor-section elementor-top-section elementor-element elementor-element-9544867 elementor-section-boxed elementor-section-height-default elementor-section-height-default\" data-id=\"9544867\" data-element_type=\"section\" data-e-type=\"section\">\n\t\t\t\t\t\t<div class=\"elementor-container elementor-column-gap-default\">\n\t\t\t\t\t<div class=\"elementor-column elementor-col-100 elementor-top-column elementor-element elementor-element-2e00533\" data-id=\"2e00533\" data-element_type=\"column\" data-e-type=\"column\">\n\t\t\t<div class=\"elementor-widget-wrap elementor-element-populated\">\n\t\t\t\t\t\t<div class=\"elementor-element elementor-element-3a3be94 elementor-widget elementor-widget-text-editor\" data-id=\"3a3be94\" data-element_type=\"widget\" data-e-type=\"widget\" data-widget_type=\"text-editor.default\">\n\t\t\t\t<div class=\"elementor-widget-container\">\n\t\t\t\t\t\t\t\t\t<div>\n<h3><b>POL\u00cdTICA DE DATOS<\/b><\/h3>\n<div><strong>Objeto:<\/strong><\/div>\n<div> <\/div>\n<div>Informaci\u00f3n de conformidad con el art. 13 del Reglamento (UE) 679\/2016 y la legislaci\u00f3n de cada Estado miembro de la UE. De conformidad con el art. 13 del Reglamento UE n.2016\/679 (en adelante \u00abGDPR 2016\/679\u00bb) y de la legislaci\u00f3n de cada uno de los Estados miembros de la UE (en adelante \u00abC\u00f3digo de Privacidad\u00bb), que establecen disposiciones para la protecci\u00f3n de las personas y otros sujetos en relaci\u00f3n con el tratamiento de datos personales, deseamos informarle de que los datos personales que nos facilite ser\u00e1n tratados en cumplimiento de la citada ley y de las obligaciones de confidencialidad con respecto a las cuales todas las empresas pertenecientes a Arpa Trading est\u00e1n obligadas a cumplir.<\/div>\n<div> <\/div>\n<div><strong>\u00bfQu\u00e9 datos tratamos?<\/strong><\/div>\n<div> <\/div>\n<ul>\n<li>Los datos introducidos al cumplimentar el formulario de inscripci\u00f3n (nombre, apellidos, direcci\u00f3n postal y electr\u00f3nica, n\u00famero de tel\u00e9fono fijo y m\u00f3vil) y los datos relativos a su trayectoria profesional o los que haya revelado en su curr\u00edculum vitae, as\u00ed como los relativos a su estado de salud;<\/li>\n<li>Datos relativos a la navegaci\u00f3n en nuestro sitio web, por ejemplo datos relacionados con el tr\u00e1fico, la ubicaci\u00f3n, las visitas al sitio web, el weblog, la direcci\u00f3n IP, el sistema operativo y el navegador utilizados, las cookies;<\/li>\n<li>Datos que nos proporciona por correo electr\u00f3nico, encuesta, as\u00ed como a trav\u00e9s de nuestros m\u00f3dulos de contacto o a trav\u00e9s de LinkedIn.<\/li>\n<\/ul>\n<div><strong>\u00bfPor qu\u00e9 necesitamos sus datos?<\/strong><\/div>\n<div> <\/div>\n<div>Utilizamos sus datos para el seguimiento de su eventual entrevista para una vacante en la empresa y para la gesti\u00f3n de la relaci\u00f3n laboral y con fines comerciales.<\/div>\n<div>Sus datos se procesan espec\u00edficamente para:<\/div>\n<div> <\/div>\n<ol>\n<li>Las actividades relativas a la intermediaci\u00f3n entre la oferta y la demanda de mano de obra<\/li>\n<li>Las actividades con fines comerciales, el env\u00edo de informaci\u00f3n y boletines informativos.<\/li>\n<li>El intercambio de sus datos con nuestros clientes en Suiza y terceros pa\u00edses que buscan personal, as\u00ed como con aquellos sujetos p\u00fablicos y privados por los que el propietario fue encargado de una de las actividades mencionadas en el punto 1). Adem\u00e1s, sus datos se transmiten a las organizaciones y personas privadas en Suiza y terceros pa\u00edses que apoyan al propietario con la prestaci\u00f3n de servicios, tales como servicios de red, software, publicidad, etc.).<\/li>\n<li>Compartir sus datos con las autoridades policiales en caso de que se observe alg\u00fan abuso. La base jur\u00eddica de tales actividades es el cumplimiento de los requisitos precontractuales y contractuales relacionados con el servicio, as\u00ed como la existencia de obligaciones legales espec\u00edficas.<\/li>\n<\/ol>\n<div><strong>\u00bfC\u00f3mo tratamos sus datos personales?<\/strong><\/div>\n<div> <\/div>\n<div>El tratamiento de sus datos personales se realiza de forma digital o en papel por algunas personas que est\u00e1n internamente autorizadas y formadas para ello. El tratamiento de estos datos no incluye la toma de decisiones automatizada, pero implica la elaboraci\u00f3n de perfiles para las actividades relacionadas con la navegaci\u00f3n en el sitio web a trav\u00e9s de herramientas t\u00e9cnicas como las cookies.<\/div>\n<div> <\/div>\n<div><strong>\u00bfCu\u00e1nto tiempo se almacenan sus datos?<\/strong><\/div>\n<div> <\/div>\n<div>Sus datos personales se conservar\u00e1n durante el tiempo necesario para llevar a cabo las tareas relacionadas con la gesti\u00f3n del contrato, as\u00ed como cualquier obligaci\u00f3n legal resultante. Los datos almacenados en el sitio web del propietario se eliminar\u00e1n tras 60 meses de inactividad. 6 meses antes de la fecha de expiraci\u00f3n recibir\u00e1 una notificaci\u00f3n por correo electr\u00f3nico.<\/div>\n<div> <\/div>\n<div>Los datos de quienes no compren o utilicen productos\/servicios, aunque hayan tenido un contacto previo con representantes de la empresa, ser\u00e1n inmediatamente cancelados o tratados de forma an\u00f3nima, cuando su conservaci\u00f3n no est\u00e9 justificada de otro modo, salvo que se haya recabado v\u00e1lidamente el consentimiento informado de los interesados en relaci\u00f3n con una posterior actividad de promoci\u00f3n comercial o estudio de mercado.<\/div>\n<div> <\/div>\n<div>El periodo m\u00e1ximo de conservaci\u00f3n de datos es de 10 a\u00f1os.<\/div>\n<div> <\/div>\n<div><strong>\u00bfQu\u00e9 ocurre si no nos facilita sus datos?<\/strong><\/div>\n<div> <\/div>\n<div>El suministro de datos es obligatorio para todo aquello que sea requerido por las obligaciones legales y contractuales, por lo que cualquier negativa a suministrarlos total o parcialmente puede dar lugar a la imposibilidad de prestar los servicios solicitados por el titular. La empresa procesa los datos opcionales de los usuarios bas\u00e1ndose en su consentimiento, es decir, mediante la aprobaci\u00f3n expl\u00edcita de esta pol\u00edtica de privacidad y en relaci\u00f3n con los m\u00e9todos y fines descritos a continuaci\u00f3n.<\/div>\n<div> <\/div>\n<div><strong>\u00bfCu\u00e1les son sus derechos?<\/strong><\/div>\n<div> <\/div>\n<div>De conformidad con el Reglamento Europeo 679\/2016 (GDPR) y la legislaci\u00f3n nacional, el interesado puede, de acuerdo con los procedimientos y dentro de los l\u00edmites establecidos por la legislaci\u00f3n vigente, ejercer los siguientes derechos:<\/div>\n<div> <\/div>\n<ul>\n<li>Solicitar la confirmaci\u00f3n del tratamiento de sus datos personales;<\/li>\n<li>Conocer el origen, los fines del tratamiento;<\/li>\n<li>La posibilidad de actualizar y rectificar sus datos para garantizar su exactitud;<\/li>\n<li>La posibilidad de suprimir, en la medida permitida, sus datos personales, as\u00ed como de limitar el tratamiento de los mismos;<\/li>\n<li>Solicitar la actualizaci\u00f3n, rectificaci\u00f3n, integraci\u00f3n, cancelaci\u00f3n, transformaci\u00f3n en forma an\u00f3nima, bloqueo de los datos tratados en violaci\u00f3n de la ley, incluidos aquellos que ya no son necesarios para la consecuci\u00f3n de los fines para los que fueron recogidos;<\/li>\n<li>Derecho a presentar una reclamaci\u00f3n ante la autoridad de control.<\/li>\n<\/ul>\n<div>El titular del tratamiento de sus datos personales es Arpa Trading.<\/div>\n<div> <\/div>\n<div><strong>Informaci\u00f3n legal importante y condiciones de uso<\/strong><\/div>\n<div> <\/div>\n<div>Se ruega a las personas que accedan a este sitio web que lean tanto el contenido de esta p\u00e1gina como el descargo de responsabilidad. Declaran estar de acuerdo con las siguientes condiciones de uso, restricciones y limitaciones legales. Quien no acepte lo anterior no deber\u00e1 acceder al sitio Web de Best Vision Ltd. (en adelante, el sitio BestVision) ni a ninguna de las p\u00e1ginas y sus enlaces. (Best Vision) (en lo sucesivo, el sitio BestVision) ni a ninguna de las p\u00e1ginas y sus enlaces.<\/div>\n<div> <\/div>\n<div><strong>Utilizaci\u00f3n del sitio Best Vision<\/strong><\/div>\n<div> <\/div>\n<div>El sitio Best Vision est\u00e1 protegido por derechos de autor. Es posible descargar o imprimir desde el sitio siempre que no se elimine el copyright. Sin el consentimiento por escrito de Best Vision, queda prohibida la reproducci\u00f3n (total o parcial), transferencia, modificaci\u00f3n, creaci\u00f3n de enlaces o utilizaci\u00f3n del sitio Best Vision para cualquier uso p\u00fablico, privado o comercial. De vez en cuando, Best Vision puede modificar tanto el contenido de esta p\u00e1gina como los t\u00e9rminos del descargo de responsabilidad. En consecuencia, le rogamos que las revise de vez en cuando. Su acceso continuado a este sitio Web o el establecimiento de un enlace a este sitio Web despu\u00e9s de la publicaci\u00f3n de modificaciones a uno de ellos o a ambos constituir\u00e1 su aceptaci\u00f3n de los mismos, tal y como hayan sido modificados. Si, en cualquier momento, no desea aceptar tanto el contenido de esta p\u00e1gina como la cl\u00e1usula de exenci\u00f3n de responsabilidad, o ambos, deber\u00e1 dejar de acceder a este sitio web o de establecer enlaces con \u00e9l. En caso de que el uso de este sitio Web cree una relaci\u00f3n jur\u00eddica entre las personas que accedan a este sitio Web y Best Vision, \u00e9sta estar\u00e1 sujeta a la legislaci\u00f3n suiza.<\/div>\n<div> <\/div>\n<div><strong>Pol\u00edtica de cookies en los sitios de BestVision<\/strong><\/div>\n<div> <\/div>\n<div>Best Vision utiliza cookies HTTP para simplificar el uso de sus sitios de Internet. Esta declaraci\u00f3n pol\u00edtica tiene por objeto informarle sobre el uso de cookies en nuestros sitios de Internet.<\/div>\n<div> <\/div>\n<div><strong>\u00bfQu\u00e9 son las cookies?<\/strong><\/div>\n<div> <\/div>\n<div>Las cookies son peque\u00f1os fragmentos de datos enviados desde un sitio web y almacenados en el navegador del usuario mientras \u00e9ste navega por dicho sitio. Permiten recopilar un conjunto de informaci\u00f3n con el fin de mejorar los servicios accesibles a trav\u00e9s de nuestros sitios de Internet. Con esta informaci\u00f3n, es posible analizar el tr\u00e1fico en nuestros sitios de Internet (n\u00famero de visitas, direcciones IP, etc.). Esta informaci\u00f3n se recoge cuando usted visita nuestro sitio web y nos permite saber qu\u00e9 partes de nuestras p\u00e1ginas interesan m\u00e1s a nuestros visitantes del sitio. De este modo podemos conocer mejor sus necesidades y mejorar el contenido de nuestro sitio proporcion\u00e1ndole la informaci\u00f3n m\u00e1s adecuada.<\/div>\n<div> <\/div>\n<div><strong>C\u00f3mo gestionar las cookies.<\/strong><\/div>\n<div> <\/div>\n<div>El procedimiento a seguir para la parametrizaci\u00f3n de las cookies depende del navegador de Internet que utilice. Usted mismo puede decidir si nuestro sitio web est\u00e1 autorizado a utilizar cookies en su ordenador. Usted tiene la opci\u00f3n en cualquier momento de determinar las opciones de su navegador de tal manera que ninguna cookie sea aceptada y memorizada. Tambi\u00e9n tiene la posibilidad de que se muestre un mensaje de advertencia cada vez que se acepte una cookie.<\/div>\n<div> <\/div>\n<div><strong>\u00bfPuedo rechazar el uso de cookies?<\/strong><\/div>\n<div> <\/div>\n<div>Puede negarse a que nuestros sitios de Internet utilicen cookies cuando los visite.<\/div>\n<div>No obstante, el uso de determinadas funciones de nuestro sitio web puede verse limitado o desactivado si rechaza las cookies de nuestro sitio de Internet.<\/div>\n<\/div>\n\t\t\t\t\t\t\t\t<\/div>\n\t\t\t\t<\/div>\n\t\t\t\t\t<\/div>\n\t\t<\/div>\n\t\t\t\t\t<\/div>\n\t\t<\/section>\n\t\t\t\t<section class=\"elementor-section elementor-top-section elementor-element elementor-element-9d975fd elementor-section-full_width elementor-section-height-default elementor-section-height-default\" data-id=\"9d975fd\" data-element_type=\"section\" data-e-type=\"section\" data-settings=\"{&quot;background_background&quot;:&quot;classic&quot;,&quot;shape_divider_top&quot;:&quot;tilt&quot;}\">\n\t\t\t\t\t<div class=\"elementor-shape elementor-shape-top\" aria-hidden=\"true\" data-negative=\"false\">\n\t\t\t<svg xmlns=\"http:\/\/www.w3.org\/2000\/svg\" viewBox=\"0 0 1000 100\" preserveAspectRatio=\"none\">\n\t<path class=\"elementor-shape-fill\" d=\"M0,6V0h1000v100L0,6z\"\/>\n<\/svg>\t\t<\/div>\n\t\t\t\t\t<div class=\"elementor-container elementor-column-gap-default\">\n\t\t\t\t\t<div class=\"elementor-column elementor-col-100 elementor-top-column elementor-element elementor-element-230c03a\" data-id=\"230c03a\" data-element_type=\"column\" data-e-type=\"column\">\n\t\t\t<div class=\"elementor-widget-wrap\">\n\t\t\t\t\t\t\t<\/div>\n\t\t<\/div>\n\t\t\t\t\t<\/div>\n\t\t<\/section>\n\t\t\t\t<\/div>\n\t\t","protected":false},"excerpt":{"rendered":"<p>pol\u00edtica de privacidad POL\u00cdTICA DE DATOS Objeto: Informaci\u00f3n de conformidad con el art. 13 del Reglamento (UE) 679\/2016 y la legislaci\u00f3n de cada Estado miembro de la UE. De conformidad con el art. 13 del Reglamento UE n.2016\/679 (en adelante \u00abGDPR 2016\/679\u00bb) y de la legislaci\u00f3n de cada uno de los Estados miembros de la [&hellip;]<\/p>\n","protected":false},"author":1,"featured_media":0,"parent":0,"menu_order":0,"comment_status":"closed","ping_status":"closed","template":"","meta":{"footnotes":""},"class_list":["post-1294","page","type-page","status-publish","hentry"],"_links":{"self":[{"href":"https:\/\/arpa.trading\/es\/wp-json\/wp\/v2\/pages\/1294","targetHints":{"allow":["GET"]}}],"collection":[{"href":"https:\/\/arpa.trading\/es\/wp-json\/wp\/v2\/pages"}],"about":[{"href":"https:\/\/arpa.trading\/es\/wp-json\/wp\/v2\/types\/page"}],"author":[{"embeddable":true,"href":"https:\/\/arpa.trading\/es\/wp-json\/wp\/v2\/users\/1"}],"replies":[{"embeddable":true,"href":"https:\/\/arpa.trading\/es\/wp-json\/wp\/v2\/comments?post=1294"}],"version-history":[{"count":1,"href":"https:\/\/arpa.trading\/es\/wp-json\/wp\/v2\/pages\/1294\/revisions"}],"predecessor-version":[{"id":1295,"href":"https:\/\/arpa.trading\/es\/wp-json\/wp\/v2\/pages\/1294\/revisions\/1295"}],"wp:attachment":[{"href":"https:\/\/arpa.trading\/es\/wp-json\/wp\/v2\/media?parent=1294"}],"curies":[{"name":"wp","href":"https:\/\/api.w.org\/{rel}","templated":true}]}}