{"id":1282,"date":"2023-09-11T21:22:26","date_gmt":"2023-09-11T21:22:26","guid":{"rendered":"https:\/\/arpa.trading\/responsabilidad\/"},"modified":"2023-09-12T20:53:30","modified_gmt":"2023-09-12T20:53:30","slug":"responsabilidad","status":"publish","type":"page","link":"https:\/\/arpa.trading\/es\/responsabilidad\/","title":{"rendered":"Responsabilidad"},"content":{"rendered":"\t\t<div data-elementor-type=\"wp-page\" data-elementor-id=\"1282\" class=\"elementor elementor-1282 elementor-778\">\n\t\t\t\t\t\t<section class=\"elementor-section elementor-top-section elementor-element elementor-element-b1be998 elementor-section-boxed elementor-section-height-default elementor-section-height-default\" data-id=\"b1be998\" data-element_type=\"section\" data-e-type=\"section\">\n\t\t\t\t\t\t<div class=\"elementor-container elementor-column-gap-default\">\n\t\t\t\t\t<div class=\"elementor-column elementor-col-100 elementor-top-column elementor-element elementor-element-b52364a\" data-id=\"b52364a\" data-element_type=\"column\" data-e-type=\"column\">\n\t\t\t<div class=\"elementor-widget-wrap elementor-element-populated\">\n\t\t\t\t\t\t<div class=\"elementor-element elementor-element-ec0a602 elementor-widget elementor-widget-heading\" data-id=\"ec0a602\" data-element_type=\"widget\" data-e-type=\"widget\" data-widget_type=\"heading.default\">\n\t\t\t\t<div class=\"elementor-widget-container\">\n\t\t\t\t\t<h2 class=\"elementor-heading-title elementor-size-default\">Responsabilidad<\/h2>\t\t\t\t<\/div>\n\t\t\t\t<\/div>\n\t\t\t\t\t<\/div>\n\t\t<\/div>\n\t\t\t\t\t<\/div>\n\t\t<\/section>\n\t\t\t\t<section class=\"elementor-section elementor-top-section elementor-element elementor-element-9386340 elementor-section-boxed elementor-section-height-default elementor-section-height-default\" data-id=\"9386340\" data-element_type=\"section\" data-e-type=\"section\">\n\t\t\t\t\t\t<div class=\"elementor-container elementor-column-gap-default\">\n\t\t\t\t\t<div class=\"elementor-column elementor-col-100 elementor-top-column elementor-element elementor-element-fd67fb6\" data-id=\"fd67fb6\" data-element_type=\"column\" data-e-type=\"column\">\n\t\t\t<div class=\"elementor-widget-wrap elementor-element-populated\">\n\t\t\t\t\t\t<div class=\"elementor-element elementor-element-24ff90a elementor-widget elementor-widget-text-editor\" data-id=\"24ff90a\" data-element_type=\"widget\" data-e-type=\"widget\" data-widget_type=\"text-editor.default\">\n\t\t\t\t<div class=\"elementor-widget-container\">\n\t\t\t\t\t\t\t\t\t<div>\n<h3>Condiciones de uso<\/h3>\n<div>El sitio arpa.trading es de propiedad exclusiva de Arpa Trading, (en lo sucesivo, \u00abArpa Trading\u00bb o \u00abarpa.trading\u00bb). El acceso y la navegaci\u00f3n en el sitio por parte de los usuarios individuales son gratuitos y est\u00e1n sujetos a la aceptaci\u00f3n de los t\u00e9rminos y condiciones de estos avisos legales. El usuario reconoce y, en cualquier caso, acepta: (i) que Arpa Trading se reserva el derecho de modificar los t\u00e9rminos y condiciones de estas notas legales en cualquier momento, comunicando las modificaciones a los usuarios mediante un aviso general adjunto al sitio o mediante un enlace a este aviso y (ii) que, a partir de cada aviso general ahora mencionado, las notas legales modificadas constituir\u00e1n los nuevos t\u00e9rminos y condiciones para acceder y navegar por el Sitio (estas notas legales, como gradualmente las \u00abNotas Legales\u00bb est\u00e1n sujetas a continua modificaci\u00f3n potencial).<\/div>\n<div> <\/div>\n<div><b>Legislaci\u00f3n aplicable<\/b><\/div>\n<div> <\/div>\n<div>Para Europa, las notas legales se rigen por la legislaci\u00f3n suiza, Tribunal de Ginebra. Para Am\u00e9rica, las notas legales se rigen por la ley de los Estados Unidos de Am\u00e9rica, el Tribunal de Miami.<\/div>\n<div> <\/div>\n<div>Para \u00c1frica, las notas legales se rigen por la legislaci\u00f3n suiza, Tribunal de Ginebra.<\/div>\n<div> <\/div>\n<div>Para Asia, las notas legales se rigen por la legislaci\u00f3n suiza, Tribunal de Ginebra.<\/div>\n<div> <\/div>\n<div>Para Australia, las notas legales se regir\u00e1n por la legislaci\u00f3n de los Estados Unidos de Am\u00e9rica, Tribunal de Miami.<\/div>\n<div> <\/div>\n<div><b>Derechos de propiedad intelectual<\/b><\/div>\n<ul>\n<li>El contenido del Sitio, a t\u00edtulo enunciativo y no limitativo, las obras, im\u00e1genes, fotograf\u00edas, di\u00e1logos, m\u00fasica, sonidos, v\u00eddeos, textos y cualquier otro material en cualquier formato, incluyendo, a t\u00edtulo enunciativo y no exhaustivo, men\u00fas, p\u00e1ginas web, gr\u00e1ficos, colores, esquemas, herramientas, caracteres, dise\u00f1o, diagramas, dise\u00f1os, m\u00e9todos, procesos, funciones y software (individual y \/ o colectivamente \u00abContenido\u00bb) y los signos y \/ o logotipos distintivos relativos son propiedad exclusiva de arpa.Trading o en su disponibilidad exclusiva, y en ning\u00fan caso pueden ser utilizados de cualquier manera y \/ o forma sin el consentimiento previo por escrito de Arpa Trading.<\/li>\n<li>Salvo que se indique expresamente lo contrario en el Sitio, los contenidos s\u00f3lo pueden verse y\/o escucharse en modo \u00abStreaming\u00bb. Por &#8216;Streaming&#8217; se entiende la modalidad de visualizaci\u00f3n y\/o escucha de los contenidos en tiempo real y sin necesidad y\/o posibilidad de reproducci\u00f3n, temporal o permanente, distribuci\u00f3n, redistribuci\u00f3n, comunicaci\u00f3n p\u00fablica u otro uso, en cualquier forma o modalidad distinta del &#8216;Streaming&#8217; aqu\u00ed definido.<\/li>\n<li>En el caso de que en el Sitio se faciliten c\u00f3digos de enlace relacionados con contenidos concretos, dichos c\u00f3digos s\u00f3lo podr\u00e1n ser utilizados por los usuarios para su uso directo, personal y privado y siempre que dicho uso no se produzca con fines tipogr\u00e1ficos directa o indirectamente.<\/li>\n<li>Cualquier uso de c\u00f3digos y \/ o contenido en violaci\u00f3n de los l\u00edmites indicados en las Notas Legales, o de otro modo contrario a la ley, es ilegal y, por tanto, ser\u00e1 sancionado por Arpa Trading.<\/li>\n<li>Las marcas registradas y los logotipos de \u00abArpa Trading\u00bb, incluido el dominio de nombre \u00abarpa.trading\u00bb, est\u00e1n disponibles exclusivamente para las empresas de Arpa Trading. Estas marcas, logotipos y dominios no pueden ser utilizados de ninguna manera sin el consentimiento previo por escrito de Arpa Trading.<\/li>\n<\/ul>\n<div><strong>Enlaces a otros sitios web<\/strong><\/div>\n<ul>\n<li>El Sitio puede contener enlaces de texto (los \u00abenlaces\u00bb) a otros sitios web que no tienen ninguna relaci\u00f3n con el Sitio. Arpa Trading no controla ni supervisa, estos sitios web, sus contenidos y sus normas.<\/li>\n<li>Cualquier enlace a otros sitios web no debe entenderse, en modo alguno, como una actividad de Arpa Trading para promoverlos y \/ o el contenido publicado en ellos.<\/li>\n<\/ul>\n<div><strong>Cookies<\/strong><\/div>\n<div> <\/div>\n<div>El Sitio puede contener cookies de sesi\u00f3n (que no se almacenan permanentemente en el ordenador del usuario y desaparecen cuando \u00e9ste cierra el navegador) para permitir a los usuarios utilizar mejor el Sitio. Para recibir cookies puede configurar su navegador con la intenci\u00f3n de ser notificado de la presencia de cookies y entonces decidir si las acepta o no.<\/div>\n<div> <\/div>\n<div>El navegador tambi\u00e9n puede configurarse para rechazar autom\u00e1ticamente todas las cookies; en este caso, sin embargo, es posible que el usuario no pueda acceder a todos los servicios disponibles en el Sitio.<\/div>\n<div> <\/div>\n<div><strong>Limitaciones de responsabilidad<\/strong><\/div>\n<div> <\/div>\n<ul>\n<li>El usuario reconoce y acepta que su acceso y navegaci\u00f3n por el Sitio se realiza por su cuenta y riesgo y bajo su exclusiva responsabilidad.<\/li>\n<li>El usuario tambi\u00e9n reconoce y acepta que el Sitio se proporciona \u00abtal cual\u00bb y \u00abseg\u00fan disponibilidad\u00bb y que puede estar temporalmente inaccesible o contener defectos o retrasos actuales.<\/li>\n<li>Arpa Trading no asume ninguna responsabilidad por el contenido, materiales y \/ o la informaci\u00f3n introducida en el Sitio por los usuarios en los espacios de los programas virtuales que Arpa Trading pone a disposici\u00f3n de los usuarios para la interacci\u00f3n con el Sitio (\u00abContenido de Usuario\u00bb).<\/li>\n<li>Arpa Trading no ser\u00e1 responsable por cualquier p\u00e9rdida o da\u00f1o derivado o relacionado de alguna manera con el uso o funcionamiento del Sitio, incluyendo, entre otros, los da\u00f1os por p\u00e9rdida de negocio, p\u00e9rdida de beneficios, interrupci\u00f3n del negocio, p\u00e9rdida de informaci\u00f3n comercial y \/ o cualquier otro tipo de p\u00e9rdida pecuniaria, salvo en los casos de mala conducta intencional o negligencia grave de Arpa Trading.<\/li>\n<\/ul>\n<div><strong>Denuncia de malos tratos<\/strong><\/div>\n<div> <\/div>\n<ul>\n<li>Los usuarios que hayan identificado cualquier Contenido de usuario que consideren ilegal, inapropiado, ofensivo o vulgar que informar Arpa Trading inmediatamente, completando el formulario de denuncia de abusos disponibles en el Sitio, en la parte inferior de la p\u00e1gina principal.<\/li>\n<li>Se invita al usuario a un uso responsable de sus informes. Las denuncias que resulten infundadas y\/o ileg\u00edtimas ser\u00e1n fuente de responsabilidad para usted.<\/li>\n<\/ul>\n<div><strong>Legislaci\u00f3n aplicable<\/strong><\/div>\n<div> <\/div>\n<div>Las notas legales se rigen por la legislaci\u00f3n suiza, Tribunal de Ginebra.<\/div>\n<div>Arpa Trading<\/div>\n<\/div>\n\t\t\t\t\t\t\t\t<\/div>\n\t\t\t\t<\/div>\n\t\t\t\t\t<\/div>\n\t\t<\/div>\n\t\t\t\t\t<\/div>\n\t\t<\/section>\n\t\t\t\t<section class=\"elementor-section elementor-top-section elementor-element elementor-element-5ed7277 elementor-section-full_width elementor-section-height-default elementor-section-height-default\" data-id=\"5ed7277\" data-element_type=\"section\" data-e-type=\"section\" data-settings=\"{&quot;background_background&quot;:&quot;classic&quot;,&quot;shape_divider_top&quot;:&quot;tilt&quot;}\">\n\t\t\t\t\t<div class=\"elementor-shape elementor-shape-top\" aria-hidden=\"true\" data-negative=\"false\">\n\t\t\t<svg xmlns=\"http:\/\/www.w3.org\/2000\/svg\" viewBox=\"0 0 1000 100\" preserveAspectRatio=\"none\">\n\t<path class=\"elementor-shape-fill\" d=\"M0,6V0h1000v100L0,6z\"\/>\n<\/svg>\t\t<\/div>\n\t\t\t\t\t<div class=\"elementor-container elementor-column-gap-default\">\n\t\t\t\t\t<div class=\"elementor-column elementor-col-100 elementor-top-column elementor-element elementor-element-07aa57d\" data-id=\"07aa57d\" data-element_type=\"column\" data-e-type=\"column\">\n\t\t\t<div class=\"elementor-widget-wrap\">\n\t\t\t\t\t\t\t<\/div>\n\t\t<\/div>\n\t\t\t\t\t<\/div>\n\t\t<\/section>\n\t\t\t\t<\/div>\n\t\t","protected":false},"excerpt":{"rendered":"<p>Responsabilidad Condiciones de uso El sitio arpa.trading es de propiedad exclusiva de Arpa Trading, (en lo sucesivo, \u00abArpa Trading\u00bb o \u00abarpa.trading\u00bb). El acceso y la navegaci\u00f3n en el sitio por parte de los usuarios individuales son gratuitos y est\u00e1n sujetos a la aceptaci\u00f3n de los t\u00e9rminos y condiciones de estos avisos legales. El usuario reconoce [&hellip;]<\/p>\n","protected":false},"author":1,"featured_media":0,"parent":0,"menu_order":0,"comment_status":"closed","ping_status":"closed","template":"","meta":{"footnotes":""},"class_list":["post-1282","page","type-page","status-publish","hentry"],"_links":{"self":[{"href":"https:\/\/arpa.trading\/es\/wp-json\/wp\/v2\/pages\/1282","targetHints":{"allow":["GET"]}}],"collection":[{"href":"https:\/\/arpa.trading\/es\/wp-json\/wp\/v2\/pages"}],"about":[{"href":"https:\/\/arpa.trading\/es\/wp-json\/wp\/v2\/types\/page"}],"author":[{"embeddable":true,"href":"https:\/\/arpa.trading\/es\/wp-json\/wp\/v2\/users\/1"}],"replies":[{"embeddable":true,"href":"https:\/\/arpa.trading\/es\/wp-json\/wp\/v2\/comments?post=1282"}],"version-history":[{"count":1,"href":"https:\/\/arpa.trading\/es\/wp-json\/wp\/v2\/pages\/1282\/revisions"}],"predecessor-version":[{"id":1283,"href":"https:\/\/arpa.trading\/es\/wp-json\/wp\/v2\/pages\/1282\/revisions\/1283"}],"wp:attachment":[{"href":"https:\/\/arpa.trading\/es\/wp-json\/wp\/v2\/media?parent=1282"}],"curies":[{"name":"wp","href":"https:\/\/api.w.org\/{rel}","templated":true}]}}