{"id":1257,"date":"2023-09-08T11:49:04","date_gmt":"2023-09-08T11:49:04","guid":{"rendered":"https:\/\/arpa.trading\/energia\/"},"modified":"2024-01-07T23:17:44","modified_gmt":"2024-01-07T23:17:44","slug":"energia","status":"publish","type":"page","link":"https:\/\/arpa.trading\/es\/energia\/","title":{"rendered":"Energ\u00eda"},"content":{"rendered":"\t\t<div data-elementor-type=\"wp-page\" data-elementor-id=\"1257\" class=\"elementor elementor-1257 elementor-19\">\n\t\t\t\t\t\t<section class=\"elementor-section elementor-top-section elementor-element elementor-element-57adec5 elementor-section-height-min-height elementor-section-boxed elementor-section-height-default elementor-section-items-middle\" data-id=\"57adec5\" data-element_type=\"section\" data-e-type=\"section\" data-settings=\"{&quot;background_background&quot;:&quot;classic&quot;,&quot;shape_divider_bottom&quot;:&quot;tilt&quot;}\">\n\t\t\t\t\t\t\t<div class=\"elementor-background-overlay\"><\/div>\n\t\t\t\t\t\t<div class=\"elementor-shape elementor-shape-bottom\" aria-hidden=\"true\" data-negative=\"false\">\n\t\t\t<svg xmlns=\"http:\/\/www.w3.org\/2000\/svg\" viewBox=\"0 0 1000 100\" preserveAspectRatio=\"none\">\n\t<path class=\"elementor-shape-fill\" d=\"M0,6V0h1000v100L0,6z\"\/>\n<\/svg>\t\t<\/div>\n\t\t\t\t\t<div class=\"elementor-container elementor-column-gap-default\">\n\t\t\t\t\t<div class=\"elementor-column elementor-col-100 elementor-top-column elementor-element elementor-element-a03cfc8 elementor-invisible\" data-id=\"a03cfc8\" data-element_type=\"column\" data-e-type=\"column\" data-settings=\"{&quot;animation&quot;:&quot;fadeInUp&quot;}\">\n\t\t\t<div class=\"elementor-widget-wrap elementor-element-populated\">\n\t\t\t\t\t\t<div class=\"elementor-element elementor-element-96be119 elementor-invisible elementor-widget elementor-widget-heading\" data-id=\"96be119\" data-element_type=\"widget\" data-e-type=\"widget\" data-settings=\"{&quot;_animation&quot;:&quot;fadeInUp&quot;}\" data-widget_type=\"heading.default\">\n\t\t\t\t<div class=\"elementor-widget-container\">\n\t\t\t\t\t<h2 class=\"elementor-heading-title elementor-size-default\">Energ\u00eda<\/h2>\t\t\t\t<\/div>\n\t\t\t\t<\/div>\n\t\t\t\t\t<\/div>\n\t\t<\/div>\n\t\t\t\t\t<\/div>\n\t\t<\/section>\n\t\t\t\t<section class=\"elementor-section elementor-top-section elementor-element elementor-element-d56bd31 elementor-section-boxed elementor-section-height-default elementor-section-height-default\" data-id=\"d56bd31\" data-element_type=\"section\" data-e-type=\"section\">\n\t\t\t\t\t\t<div class=\"elementor-container elementor-column-gap-default\">\n\t\t\t\t\t<div class=\"elementor-column elementor-col-50 elementor-top-column elementor-element elementor-element-05eae48 elementor-invisible\" data-id=\"05eae48\" data-element_type=\"column\" data-e-type=\"column\" data-settings=\"{&quot;animation&quot;:&quot;fadeInLeft&quot;,&quot;animation_mobile&quot;:&quot;fadeInUp&quot;}\">\n\t\t\t<div class=\"elementor-widget-wrap elementor-element-populated\">\n\t\t\t\t\t\t<div class=\"elementor-element elementor-element-cba9459 elementor-widget elementor-widget-image\" data-id=\"cba9459\" data-element_type=\"widget\" data-e-type=\"widget\" data-widget_type=\"image.default\">\n\t\t\t\t<div class=\"elementor-widget-container\">\n\t\t\t\t\t\t\t\t\t\t\t\t\t\t\t<img fetchpriority=\"high\" decoding=\"async\" width=\"640\" height=\"426\" src=\"https:\/\/arpa.trading\/wp-content\/uploads\/2023\/09\/hermoso-tiro-turbinas-eolicas-cielo-nublado-region-eiffel-alemania-1024x682.jpg\" class=\"attachment-large size-large wp-image-972\" alt=\"\" srcset=\"https:\/\/arpa.trading\/wp-content\/uploads\/2023\/09\/hermoso-tiro-turbinas-eolicas-cielo-nublado-region-eiffel-alemania-1024x682.jpg 1024w, https:\/\/arpa.trading\/wp-content\/uploads\/2023\/09\/hermoso-tiro-turbinas-eolicas-cielo-nublado-region-eiffel-alemania-300x200.jpg 300w, https:\/\/arpa.trading\/wp-content\/uploads\/2023\/09\/hermoso-tiro-turbinas-eolicas-cielo-nublado-region-eiffel-alemania-768x512.jpg 768w, https:\/\/arpa.trading\/wp-content\/uploads\/2023\/09\/hermoso-tiro-turbinas-eolicas-cielo-nublado-region-eiffel-alemania-1536x1024.jpg 1536w, https:\/\/arpa.trading\/wp-content\/uploads\/2023\/09\/hermoso-tiro-turbinas-eolicas-cielo-nublado-region-eiffel-alemania.jpg 2000w\" sizes=\"(max-width: 640px) 100vw, 640px\" \/>\t\t\t\t\t\t\t\t\t\t\t\t\t\t\t<\/div>\n\t\t\t\t<\/div>\n\t\t\t\t\t<\/div>\n\t\t<\/div>\n\t\t\t\t<div class=\"elementor-column elementor-col-50 elementor-top-column elementor-element elementor-element-3671094 elementor-invisible\" data-id=\"3671094\" data-element_type=\"column\" data-e-type=\"column\" data-settings=\"{&quot;animation&quot;:&quot;fadeInRight&quot;,&quot;animation_mobile&quot;:&quot;fadeInUp&quot;,&quot;animation_delay&quot;:200}\">\n\t\t\t<div class=\"elementor-widget-wrap elementor-element-populated\">\n\t\t\t\t\t\t<div class=\"elementor-element elementor-element-02f98fa elementor-widget elementor-widget-text-editor\" data-id=\"02f98fa\" data-element_type=\"widget\" data-e-type=\"widget\" data-widget_type=\"text-editor.default\">\n\t\t\t\t<div class=\"elementor-widget-container\">\n\t\t\t\t\t\t\t\t\t<p>Arpa trading &amp; Commercial Corporation naci\u00f3 con un prop\u00f3sito claro: satisfacer las necesidades de cobertura comercial mayorista y minorista global en el apasionante mundo de la energ\u00eda.<\/p>\n<p>Nuestra divisi\u00f3n de Energ\u00eda se distingue por centrarse en la comercializaci\u00f3n de una amplia gama de fuentes de energ\u00eda, tanto renovables como no renovables. Desde la solar y la e\u00f3lica hasta la biomasa, la geot\u00e9rmica, la t\u00e9rmica y el gas, nos comprometemos a ofrecer soluciones energ\u00e9ticas sostenibles para hoy y para el futuro.<\/p>\t\t\t\t\t\t\t\t<\/div>\n\t\t\t\t<\/div>\n\t\t\t\t\t<\/div>\n\t\t<\/div>\n\t\t\t\t\t<\/div>\n\t\t<\/section>\n\t\t\t\t<section class=\"elementor-section elementor-top-section elementor-element elementor-element-c37a446 elementor-section-boxed elementor-section-height-default elementor-section-height-default\" data-id=\"c37a446\" data-element_type=\"section\" data-e-type=\"section\">\n\t\t\t\t\t\t<div class=\"elementor-container elementor-column-gap-default\">\n\t\t\t\t\t<div class=\"elementor-column elementor-col-50 elementor-top-column elementor-element elementor-element-df44346 elementor-invisible\" data-id=\"df44346\" data-element_type=\"column\" data-e-type=\"column\" data-settings=\"{&quot;animation&quot;:&quot;fadeInLeft&quot;,&quot;animation_mobile&quot;:&quot;fadeInUp&quot;}\">\n\t\t\t<div class=\"elementor-widget-wrap elementor-element-populated\">\n\t\t\t\t\t\t<div class=\"elementor-element elementor-element-9e6ff57 elementor-widget elementor-widget-text-editor\" data-id=\"9e6ff57\" data-element_type=\"widget\" data-e-type=\"widget\" data-widget_type=\"text-editor.default\">\n\t\t\t\t<div class=\"elementor-widget-container\">\n\t\t\t\t\t\t\t\t\t<p>Adem\u00e1s, nuestra ambici\u00f3n es constante. No nos limitamos a las fuentes tradicionales; buscamos constantemente nuevas oportunidades y proyectos para ampliar nuestro alcance.<\/p>\n<p>En Arpa trading &amp; Commercial Corporation, no s\u00f3lo proporcionamos soluciones energ\u00e9ticas, sino que tambi\u00e9n creamos oportunidades para un mundo m\u00e1s sostenible y eficiente. Si busca un socio comprometido con la excelencia en el suministro de energ\u00eda y el desarrollo de nuevos proyectos, ha llegado al lugar adecuado. \u00danase a nosotros en nuestra misi\u00f3n de impulsar un futuro energ\u00e9tico m\u00e1s limpio y brillante.<\/p>\n\t\t\t\t\t\t\t\t<\/div>\n\t\t\t\t<\/div>\n\t\t\t\t\t<\/div>\n\t\t<\/div>\n\t\t\t\t<div class=\"elementor-column elementor-col-50 elementor-top-column elementor-element elementor-element-4460572 elementor-invisible\" data-id=\"4460572\" data-element_type=\"column\" data-e-type=\"column\" data-settings=\"{&quot;animation&quot;:&quot;fadeInRight&quot;,&quot;animation_mobile&quot;:&quot;fadeInUp&quot;,&quot;animation_delay&quot;:200}\">\n\t\t\t<div class=\"elementor-widget-wrap elementor-element-populated\">\n\t\t\t\t\t\t<div class=\"elementor-element elementor-element-789b4ee elementor-widget elementor-widget-image\" data-id=\"789b4ee\" data-element_type=\"widget\" data-e-type=\"widget\" data-widget_type=\"image.default\">\n\t\t\t\t<div class=\"elementor-widget-container\">\n\t\t\t\t\t\t\t\t\t\t\t\t\t\t\t<img decoding=\"async\" width=\"640\" height=\"427\" src=\"https:\/\/arpa.trading\/wp-content\/uploads\/2023\/09\/part-high-voltage-substation-with-switches-disconnectors-1024x683.jpg\" class=\"attachment-large size-large wp-image-1044\" alt=\"\" srcset=\"https:\/\/arpa.trading\/wp-content\/uploads\/2023\/09\/part-high-voltage-substation-with-switches-disconnectors-1024x683.jpg 1024w, https:\/\/arpa.trading\/wp-content\/uploads\/2023\/09\/part-high-voltage-substation-with-switches-disconnectors-300x200.jpg 300w, https:\/\/arpa.trading\/wp-content\/uploads\/2023\/09\/part-high-voltage-substation-with-switches-disconnectors-768x512.jpg 768w, https:\/\/arpa.trading\/wp-content\/uploads\/2023\/09\/part-high-voltage-substation-with-switches-disconnectors.jpg 1500w\" sizes=\"(max-width: 640px) 100vw, 640px\" \/>\t\t\t\t\t\t\t\t\t\t\t\t\t\t\t<\/div>\n\t\t\t\t<\/div>\n\t\t\t\t\t<\/div>\n\t\t<\/div>\n\t\t\t\t\t<\/div>\n\t\t<\/section>\n\t\t\t\t<section class=\"elementor-section elementor-top-section elementor-element elementor-element-1fd4e47 elementor-section-full_width elementor-section-height-default elementor-section-height-default\" data-id=\"1fd4e47\" data-element_type=\"section\" data-e-type=\"section\" data-settings=\"{&quot;background_background&quot;:&quot;classic&quot;,&quot;shape_divider_top&quot;:&quot;tilt&quot;}\">\n\t\t\t\t\t<div class=\"elementor-shape elementor-shape-top\" aria-hidden=\"true\" data-negative=\"false\">\n\t\t\t<svg xmlns=\"http:\/\/www.w3.org\/2000\/svg\" viewBox=\"0 0 1000 100\" preserveAspectRatio=\"none\">\n\t<path class=\"elementor-shape-fill\" d=\"M0,6V0h1000v100L0,6z\"\/>\n<\/svg>\t\t<\/div>\n\t\t\t\t\t<div class=\"elementor-container elementor-column-gap-default\">\n\t\t\t\t\t<div class=\"elementor-column elementor-col-100 elementor-top-column elementor-element elementor-element-eedcb10\" data-id=\"eedcb10\" data-element_type=\"column\" data-e-type=\"column\">\n\t\t\t<div class=\"elementor-widget-wrap\">\n\t\t\t\t\t\t\t<\/div>\n\t\t<\/div>\n\t\t\t\t\t<\/div>\n\t\t<\/section>\n\t\t\t\t<\/div>\n\t\t","protected":false},"excerpt":{"rendered":"<p>Energ\u00eda Arpa trading &amp; Commercial Corporation naci\u00f3 con un prop\u00f3sito claro: satisfacer las necesidades de cobertura comercial mayorista y minorista global en el apasionante mundo de la energ\u00eda. Nuestra divisi\u00f3n de Energ\u00eda se distingue por centrarse en la comercializaci\u00f3n de una amplia gama de fuentes de energ\u00eda, tanto renovables como no renovables. Desde la solar [&hellip;]<\/p>\n","protected":false},"author":1,"featured_media":0,"parent":0,"menu_order":0,"comment_status":"closed","ping_status":"closed","template":"","meta":{"footnotes":""},"class_list":["post-1257","page","type-page","status-publish","hentry"],"_links":{"self":[{"href":"https:\/\/arpa.trading\/es\/wp-json\/wp\/v2\/pages\/1257","targetHints":{"allow":["GET"]}}],"collection":[{"href":"https:\/\/arpa.trading\/es\/wp-json\/wp\/v2\/pages"}],"about":[{"href":"https:\/\/arpa.trading\/es\/wp-json\/wp\/v2\/types\/page"}],"author":[{"embeddable":true,"href":"https:\/\/arpa.trading\/es\/wp-json\/wp\/v2\/users\/1"}],"replies":[{"embeddable":true,"href":"https:\/\/arpa.trading\/es\/wp-json\/wp\/v2\/comments?post=1257"}],"version-history":[{"count":5,"href":"https:\/\/arpa.trading\/es\/wp-json\/wp\/v2\/pages\/1257\/revisions"}],"predecessor-version":[{"id":1476,"href":"https:\/\/arpa.trading\/es\/wp-json\/wp\/v2\/pages\/1257\/revisions\/1476"}],"wp:attachment":[{"href":"https:\/\/arpa.trading\/es\/wp-json\/wp\/v2\/media?parent=1257"}],"curies":[{"name":"wp","href":"https:\/\/api.w.org\/{rel}","templated":true}]}}