{"id":1244,"date":"2023-09-11T20:31:36","date_gmt":"2023-09-11T20:31:36","guid":{"rendered":"https:\/\/arpa.trading\/pongase-en-contacto-con\/"},"modified":"2025-09-10T20:32:15","modified_gmt":"2025-09-10T20:32:15","slug":"pongase-en-contacto-con","status":"publish","type":"page","link":"https:\/\/arpa.trading\/es\/pongase-en-contacto-con\/","title":{"rendered":"Contacto"},"content":{"rendered":"\t\t<div data-elementor-type=\"wp-page\" data-elementor-id=\"1244\" class=\"elementor elementor-1244 elementor-732\">\n\t\t\t\t\t\t<section class=\"elementor-section elementor-top-section elementor-element elementor-element-b0f61dd elementor-section-height-min-height elementor-section-boxed elementor-section-height-default elementor-section-items-middle\" data-id=\"b0f61dd\" data-element_type=\"section\" data-e-type=\"section\" data-settings=\"{&quot;background_background&quot;:&quot;classic&quot;,&quot;shape_divider_bottom&quot;:&quot;tilt&quot;}\">\n\t\t\t\t\t\t\t<div class=\"elementor-background-overlay\"><\/div>\n\t\t\t\t\t\t<div class=\"elementor-shape elementor-shape-bottom\" aria-hidden=\"true\" data-negative=\"false\">\n\t\t\t<svg xmlns=\"http:\/\/www.w3.org\/2000\/svg\" viewBox=\"0 0 1000 100\" preserveAspectRatio=\"none\">\n\t<path class=\"elementor-shape-fill\" d=\"M0,6V0h1000v100L0,6z\"\/>\n<\/svg>\t\t<\/div>\n\t\t\t\t\t<div class=\"elementor-container elementor-column-gap-default\">\n\t\t\t\t\t<div class=\"elementor-column elementor-col-100 elementor-top-column elementor-element elementor-element-21594f8\" data-id=\"21594f8\" data-element_type=\"column\" data-e-type=\"column\">\n\t\t\t<div class=\"elementor-widget-wrap elementor-element-populated\">\n\t\t\t\t\t\t<div class=\"elementor-element elementor-element-6078246 elementor-invisible elementor-widget elementor-widget-heading\" data-id=\"6078246\" data-element_type=\"widget\" data-e-type=\"widget\" data-settings=\"{&quot;_animation&quot;:&quot;fadeInUp&quot;}\" data-widget_type=\"heading.default\">\n\t\t\t\t<div class=\"elementor-widget-container\">\n\t\t\t\t\t<h2 class=\"elementor-heading-title elementor-size-default\">Contacto<\/h2>\t\t\t\t<\/div>\n\t\t\t\t<\/div>\n\t\t\t\t\t<\/div>\n\t\t<\/div>\n\t\t\t\t\t<\/div>\n\t\t<\/section>\n\t\t\t\t<section class=\"elementor-section elementor-top-section elementor-element elementor-element-b1a1144 elementor-section-boxed elementor-section-height-default elementor-section-height-default\" data-id=\"b1a1144\" data-element_type=\"section\" data-e-type=\"section\">\n\t\t\t\t\t\t<div class=\"elementor-container elementor-column-gap-default\">\n\t\t\t\t\t<div class=\"elementor-column elementor-col-66 elementor-top-column elementor-element elementor-element-c95d51c\" data-id=\"c95d51c\" data-element_type=\"column\" data-e-type=\"column\">\n\t\t\t<div class=\"elementor-widget-wrap elementor-element-populated\">\n\t\t\t\t\t\t<div class=\"elementor-element elementor-element-d7e3fd5 elementor-invisible elementor-widget elementor-widget-heading\" data-id=\"d7e3fd5\" data-element_type=\"widget\" data-e-type=\"widget\" data-settings=\"{&quot;_animation&quot;:&quot;fadeInUp&quot;}\" data-widget_type=\"heading.default\">\n\t\t\t\t<div class=\"elementor-widget-container\">\n\t\t\t\t\t<h2 class=\"elementor-heading-title elementor-size-default\">Panam\u00e1<\/h2>\t\t\t\t<\/div>\n\t\t\t\t<\/div>\n\t\t\t\t<div class=\"elementor-element elementor-element-1b28760 elementor-widget-divider--view-line elementor-invisible elementor-widget elementor-widget-divider\" data-id=\"1b28760\" data-element_type=\"widget\" data-e-type=\"widget\" data-settings=\"{&quot;_animation&quot;:&quot;fadeInUp&quot;}\" data-widget_type=\"divider.default\">\n\t\t\t\t<div class=\"elementor-widget-container\">\n\t\t\t\t\t\t\t<div class=\"elementor-divider\">\n\t\t\t<span class=\"elementor-divider-separator\">\n\t\t\t\t\t\t<\/span>\n\t\t<\/div>\n\t\t\t\t\t\t<\/div>\n\t\t\t\t<\/div>\n\t\t\t\t<div class=\"elementor-element elementor-element-401c3f1 elementor-align-start elementor-icon-list--layout-traditional elementor-list-item-link-full_width elementor-invisible elementor-widget elementor-widget-icon-list\" data-id=\"401c3f1\" data-element_type=\"widget\" data-e-type=\"widget\" data-settings=\"{&quot;_animation&quot;:&quot;fadeInUp&quot;,&quot;_animation_delay&quot;:200}\" data-widget_type=\"icon-list.default\">\n\t\t\t\t<div class=\"elementor-widget-container\">\n\t\t\t\t\t\t\t<ul class=\"elementor-icon-list-items\">\n\t\t\t\t\t\t\t<li class=\"elementor-icon-list-item\">\n\t\t\t\t\t\t\t\t\t\t\t<span class=\"elementor-icon-list-icon\">\n\t\t\t\t\t\t\t<svg xmlns=\"http:\/\/www.w3.org\/2000\/svg\" id=\"Layer_1\" viewBox=\"0 0 512 512\" data-name=\"Layer 1\"><path d=\"m256 276.5a85.926 85.926 0 1 0 -85.925-85.926 86.023 86.023 0 0 0 85.925 85.926zm0-147.851a61.926 61.926 0 1 1 -61.925 61.925 62 62 0 0 1 61.925-61.923zm-22.057 315a27.851 27.851 0 0 0 44.115 0l106.211-137.8c29.866-38.749 46.96-84.461 48.134-128.714 1.276-48.1-15.721-91.194-49.153-124.626a180.45 180.45 0 0 0 -254.5 0c-33.432 33.43-50.429 76.524-49.15 124.623 1.174 44.253 18.269 89.965 48.135 128.714zm-88.223-374.172a156.451 156.451 0 0 1 220.56 0c56.481 56.482 56.063 147.656-1.02 221.718l-106.21 137.805a3.85 3.85 0 0 1 -6.1 0l-106.21-137.8c-57.083-74.067-57.502-165.241-1.02-221.723zm-67.044 356.6c0-23.344 17.767-44.886 50.03-60.658a12 12 0 0 1 10.541 21.561c-23.242 11.362-36.571 25.613-36.571 39.1 0 29.285 62.968 61.92 153.324 61.92s153.324-32.635 153.324-61.925c0-13.484-13.329-27.735-36.571-39.1a12 12 0 0 1 10.541-21.561c32.263 15.772 50.03 37.314 50.03 60.658 0 24.763-19.719 47.217-55.524 63.227-32.734 14.64-75.99 22.701-121.8 22.701s-89.067-8.061-121.8-22.7c-35.806-16.008-55.524-38.462-55.524-63.225z\"><\/path><\/svg>\t\t\t\t\t\t<\/span>\n\t\t\t\t\t\t\t\t\t\t<span class=\"elementor-icon-list-text\">Centro Financiero BICSA, Piso 47, Unidad 4704 Avenida Balboa, Ciudad de Panam\u00e1, Rep. de Panam\u00e1<\/span>\n\t\t\t\t\t\t\t\t\t<\/li>\n\t\t\t\t\t\t\t\t<li class=\"elementor-icon-list-item\">\n\t\t\t\t\t\t\t\t\t\t\t<a href=\"tel:+5072136163\">\n\n\t\t\t\t\t\t\t\t\t\t\t\t<span class=\"elementor-icon-list-icon\">\n\t\t\t\t\t\t\t<svg xmlns=\"http:\/\/www.w3.org\/2000\/svg\" height=\"512pt\" viewBox=\"0 0 512.00068 512\" width=\"512pt\"><path d=\"m291.441406 0c-5.523437 0-10 4.476562-10 10s4.476563 10 10 10c110.589844 0 200.558594 89.972656 200.558594 200.558594 0 5.523437 4.480469 10 10 10 5.523438 0 10-4.476563 10-10 0-121.613282-98.941406-220.558594-220.558594-220.558594zm0 0\"><\/path><path d=\"m441.84375 230.5625c5.523438 0 10-4.480469 10-10 0-88.449219-71.957031-160.40625-160.402344-160.40625-5.523437 0-10 4.480469-10 10 0 5.523438 4.476563 10 10 10 77.417969 0 140.402344 62.984375 140.402344 140.40625 0 5.519531 4.476562 10 10 10zm0 0\"><\/path><path d=\"m371.675781 220.5625c0 5.519531 4.476563 10 10 10 5.523438 0 10-4.480469 10-10 0-55.269531-44.964843-100.234375-100.234375-100.234375-5.523437 0-10 4.476563-10 9.996094 0 5.523437 4.476563 10 10 10 44.242188 0 80.234375 35.992187 80.234375 80.238281zm0 0\"><\/path><path d=\"m281.441406 190.484375c0 5.519531 4.476563 9.996094 10 9.996094 11.070313 0 20.078125 9.007812 20.078125 20.082031 0 5.519531 4.476563 10 10 10 5.519531 0 10-4.480469 10-10 0-22.101562-17.980469-40.078125-40.078125-40.078125-5.523437 0-10 4.476563-10 10zm0 0\"><\/path><path d=\"m187.433594 324.679688c0 5.523437-4.476563 10-10 10-5.523438 0-10-4.476563-10-10 0-5.519532 4.476562-10 10-10 5.523437 0 10 4.480468 10 10zm0 0\"><\/path><path d=\"m274.03125 499.859375c45.535156 22.316406 100.316406 13.03125 136.324219-22.976563l20.675781-20.675781c11.226562-11.214843 11.230469-29.382812.003906-40.605469l-79.890625-79.882812c-11.207031-11.222656-29.378906-11.238281-40.597656-.003906l-33.945313 33.949218c-6.648437 6.648438-16.910156 8.003907-24.394531 3.226563-12.203125-7.800781-24.074219-16.402344-35.28125-25.566406-4.277343-3.496094-10.574219-2.863281-14.070312 1.410156-3.496094 4.277344-2.863281 10.578125 1.410156 14.070313 11.808594 9.65625 24.3125 18.71875 37.175781 26.9375 15.332032 9.792968 36.066406 7.296874 49.300782-5.9375l33.953124-33.953126c3.394532-3.398437 8.894532-3.40625 12.304688.003907l79.894531 79.886719c3.402344 3.40625 3.410157 8.914062 0 12.316406l-20.679687 20.683594c-29.996094 29.996093-75.558594 37.695312-113.382813 19.160156-138.566406-67.949219-213.957031-175.691406-252.800781-254.113282-18.582031-37.503906-10.867188-82.894531 19.199219-112.953124l20.226562-20.222657c3.390625-3.398437 8.894531-3.410156 12.300781.003907l79.902344 79.898437c3.382813 3.378906 3.417969 8.886719-.007812 12.304687l-33.945313 33.949219c-13.234375 13.234375-15.730469 33.96875-5.9375 49.304688 5.769531 9.027343 11.988281 17.933593 18.488281 26.46875 3.34375 4.394531 9.617188 5.242187 14.011719 1.898437s5.246094-9.617187 1.898438-14.015625c-6.164063-8.097656-12.070313-16.550781-17.546875-25.117187-4.777344-7.488282-3.421875-17.75 3.226562-24.398438l33.941406-33.941406c11.222657-11.207031 11.234376-29.382812.007813-40.597656l-79.894531-79.890625c-11.203125-11.222657-29.378906-11.238281-40.59375-.003907l-20.21875 20.21875c-36.140625 36.128907-45.375 90.773438-22.980469 135.972657 40.222656 81.199219 118.308594 192.769531 261.921875 263.191406zm0 0\"><\/path><\/svg>\t\t\t\t\t\t<\/span>\n\t\t\t\t\t\t\t\t\t\t<span class=\"elementor-icon-list-text\">+507 213 6163<\/span>\n\t\t\t\t\t\t\t\t\t\t\t<\/a>\n\t\t\t\t\t\t\t\t\t<\/li>\n\t\t\t\t\t\t\t\t<li class=\"elementor-icon-list-item\">\n\t\t\t\t\t\t\t\t\t\t\t<a href=\"tel:+50769859609\">\n\n\t\t\t\t\t\t\t\t\t\t\t\t<span class=\"elementor-icon-list-icon\">\n\t\t\t\t\t\t\t<svg xmlns=\"http:\/\/www.w3.org\/2000\/svg\" xmlns:xlink=\"http:\/\/www.w3.org\/1999\/xlink\" id=\"Capa_1\" x=\"0px\" y=\"0px\" viewBox=\"0 0 512 512\" style=\"enable-background:new 0 0 512 512;\" xml:space=\"preserve\"><g>\t<g>\t\t<path d=\"M366,0H146c-20.678,0-37.5,16.822-37.5,37.5v437c0,20.678,16.822,37.5,37.5,37.5h220c20.678,0,37.5-16.822,37.5-37.5v-437   C403.5,16.822,386.678,0,366,0z M388.5,407H176c-4.142,0-7.5,3.358-7.5,7.5c0,4.142,3.358,7.5,7.5,7.5h212.5v52.5   c0,12.407-10.093,22.5-22.5,22.5H146c-12.407,0-22.5-10.093-22.5-22.5V422H146c4.142,0,7.5-3.358,7.5-7.5   c0-4.142-3.358-7.5-7.5-7.5h-22.5V75h265V407z M388.5,60h-265V37.5c0-12.407,10.093-22.5,22.5-22.5h220   c12.407,0,22.5,10.093,22.5,22.5V60z\"><\/path>\t<\/g><\/g><g>\t<g>\t\t<path d=\"M286,30h-30c-4.142,0-7.5,3.358-7.5,7.5c0,4.142,3.358,7.5,7.5,7.5h30c4.142,0,7.5-3.358,7.5-7.5   C293.5,33.358,290.142,30,286,30z\"><\/path>\t<\/g><\/g><g>\t<g>\t\t<path d=\"M256,437c-12.407,0-22.5,10.093-22.5,22.5c0,12.407,10.093,22.5,22.5,22.5s22.5-10.093,22.5-22.5   C278.5,447.093,268.407,437,256,437z M256,467c-4.136,0-7.5-3.364-7.5-7.5s3.364-7.5,7.5-7.5s7.5,3.364,7.5,7.5   S260.136,467,256,467z\"><\/path>\t<\/g><\/g><g>\t<g>\t\t<circle cx=\"226\" cy=\"37.5\" r=\"7.5\"><\/circle>\t<\/g><\/g><g><\/g><g><\/g><g><\/g><g><\/g><g><\/g><g><\/g><g><\/g><g><\/g><g><\/g><g><\/g><g><\/g><g><\/g><g><\/g><g><\/g><g><\/g><\/svg>\t\t\t\t\t\t<\/span>\n\t\t\t\t\t\t\t\t\t\t<span class=\"elementor-icon-list-text\">+507 6985 9609<\/span>\n\t\t\t\t\t\t\t\t\t\t\t<\/a>\n\t\t\t\t\t\t\t\t\t<\/li>\n\t\t\t\t\t\t<\/ul>\n\t\t\t\t\t\t<\/div>\n\t\t\t\t<\/div>\n\t\t\t\t<div class=\"elementor-element elementor-element-acf078a elementor-invisible elementor-widget elementor-widget-heading\" data-id=\"acf078a\" data-element_type=\"widget\" data-e-type=\"widget\" data-settings=\"{&quot;_animation&quot;:&quot;fadeInUp&quot;}\" data-widget_type=\"heading.default\">\n\t\t\t\t<div class=\"elementor-widget-container\">\n\t\t\t\t\t<h2 class=\"elementor-heading-title elementor-size-default\"><br><\/h2>\t\t\t\t<\/div>\n\t\t\t\t<\/div>\n\t\t\t\t<div class=\"elementor-element elementor-element-1e467d0 elementor-invisible elementor-widget elementor-widget-heading\" data-id=\"1e467d0\" data-element_type=\"widget\" data-e-type=\"widget\" data-settings=\"{&quot;_animation&quot;:&quot;fadeInUp&quot;}\" data-widget_type=\"heading.default\">\n\t\t\t\t<div class=\"elementor-widget-container\">\n\t\t\t\t\t<h2 class=\"elementor-heading-title elementor-size-default\">Kosovo<\/h2>\t\t\t\t<\/div>\n\t\t\t\t<\/div>\n\t\t\t\t<div class=\"elementor-element elementor-element-c9fa7ad elementor-widget-divider--view-line elementor-invisible elementor-widget elementor-widget-divider\" data-id=\"c9fa7ad\" data-element_type=\"widget\" data-e-type=\"widget\" data-settings=\"{&quot;_animation&quot;:&quot;fadeInUp&quot;}\" data-widget_type=\"divider.default\">\n\t\t\t\t<div class=\"elementor-widget-container\">\n\t\t\t\t\t\t\t<div class=\"elementor-divider\">\n\t\t\t<span class=\"elementor-divider-separator\">\n\t\t\t\t\t\t<\/span>\n\t\t<\/div>\n\t\t\t\t\t\t<\/div>\n\t\t\t\t<\/div>\n\t\t\t\t<div class=\"elementor-element elementor-element-aa62e2f elementor-align-start elementor-icon-list--layout-traditional elementor-list-item-link-full_width elementor-invisible elementor-widget elementor-widget-icon-list\" data-id=\"aa62e2f\" data-element_type=\"widget\" data-e-type=\"widget\" data-settings=\"{&quot;_animation&quot;:&quot;fadeInUp&quot;,&quot;_animation_delay&quot;:200}\" data-widget_type=\"icon-list.default\">\n\t\t\t\t<div class=\"elementor-widget-container\">\n\t\t\t\t\t\t\t<ul class=\"elementor-icon-list-items\">\n\t\t\t\t\t\t\t<li class=\"elementor-icon-list-item\">\n\t\t\t\t\t\t\t\t\t\t\t<span class=\"elementor-icon-list-icon\">\n\t\t\t\t\t\t\t<svg xmlns=\"http:\/\/www.w3.org\/2000\/svg\" id=\"Layer_1\" viewBox=\"0 0 512 512\" data-name=\"Layer 1\"><path d=\"m256 276.5a85.926 85.926 0 1 0 -85.925-85.926 86.023 86.023 0 0 0 85.925 85.926zm0-147.851a61.926 61.926 0 1 1 -61.925 61.925 62 62 0 0 1 61.925-61.923zm-22.057 315a27.851 27.851 0 0 0 44.115 0l106.211-137.8c29.866-38.749 46.96-84.461 48.134-128.714 1.276-48.1-15.721-91.194-49.153-124.626a180.45 180.45 0 0 0 -254.5 0c-33.432 33.43-50.429 76.524-49.15 124.623 1.174 44.253 18.269 89.965 48.135 128.714zm-88.223-374.172a156.451 156.451 0 0 1 220.56 0c56.481 56.482 56.063 147.656-1.02 221.718l-106.21 137.805a3.85 3.85 0 0 1 -6.1 0l-106.21-137.8c-57.083-74.067-57.502-165.241-1.02-221.723zm-67.044 356.6c0-23.344 17.767-44.886 50.03-60.658a12 12 0 0 1 10.541 21.561c-23.242 11.362-36.571 25.613-36.571 39.1 0 29.285 62.968 61.92 153.324 61.92s153.324-32.635 153.324-61.925c0-13.484-13.329-27.735-36.571-39.1a12 12 0 0 1 10.541-21.561c32.263 15.772 50.03 37.314 50.03 60.658 0 24.763-19.719 47.217-55.524 63.227-32.734 14.64-75.99 22.701-121.8 22.701s-89.067-8.061-121.8-22.7c-35.806-16.008-55.524-38.462-55.524-63.225z\"><\/path><\/svg>\t\t\t\t\t\t<\/span>\n\t\t\t\t\t\t\t\t\t\t<span class=\"elementor-icon-list-text\">Hajvali, Rr.Brigada 153, Kompleksi Diamond Residence, Kati 1, B3 10000 Pristina \u2013 Kosovo<\/span>\n\t\t\t\t\t\t\t\t\t<\/li>\n\t\t\t\t\t\t<\/ul>\n\t\t\t\t\t\t<\/div>\n\t\t\t\t<\/div>\n\t\t\t\t\t<\/div>\n\t\t<\/div>\n\t\t\t\t<div class=\"elementor-column elementor-col-33 elementor-top-column elementor-element elementor-element-1ad1c28\" data-id=\"1ad1c28\" data-element_type=\"column\" data-e-type=\"column\">\n\t\t\t<div class=\"elementor-widget-wrap elementor-element-populated\">\n\t\t\t\t\t\t<div class=\"elementor-element elementor-element-528f621 elementor-invisible elementor-widget elementor-widget-heading\" data-id=\"528f621\" data-element_type=\"widget\" data-e-type=\"widget\" data-settings=\"{&quot;_animation&quot;:&quot;fadeInUp&quot;}\" data-widget_type=\"heading.default\">\n\t\t\t\t<div class=\"elementor-widget-container\">\n\t\t\t\t\t<h2 class=\"elementor-heading-title elementor-size-default\">Info<\/h2>\t\t\t\t<\/div>\n\t\t\t\t<\/div>\n\t\t\t\t<div class=\"elementor-element elementor-element-5015563 elementor-widget-divider--view-line elementor-invisible elementor-widget elementor-widget-divider\" data-id=\"5015563\" data-element_type=\"widget\" data-e-type=\"widget\" data-settings=\"{&quot;_animation&quot;:&quot;fadeInUp&quot;}\" data-widget_type=\"divider.default\">\n\t\t\t\t<div class=\"elementor-widget-container\">\n\t\t\t\t\t\t\t<div class=\"elementor-divider\">\n\t\t\t<span class=\"elementor-divider-separator\">\n\t\t\t\t\t\t<\/span>\n\t\t<\/div>\n\t\t\t\t\t\t<\/div>\n\t\t\t\t<\/div>\n\t\t\t\t<div class=\"elementor-element elementor-element-c5f2218 elementor-align-start elementor-icon-list--layout-traditional elementor-list-item-link-full_width elementor-invisible elementor-widget elementor-widget-icon-list\" data-id=\"c5f2218\" data-element_type=\"widget\" data-e-type=\"widget\" data-settings=\"{&quot;_animation&quot;:&quot;fadeInUp&quot;,&quot;_animation_delay&quot;:200}\" data-widget_type=\"icon-list.default\">\n\t\t\t\t<div class=\"elementor-widget-container\">\n\t\t\t\t\t\t\t<ul class=\"elementor-icon-list-items\">\n\t\t\t\t\t\t\t<li class=\"elementor-icon-list-item\">\n\t\t\t\t\t\t\t\t\t\t<span class=\"elementor-icon-list-text\"> <p>Luciano Pasqualini<\/p> <p><strong>Cel:<\/strong> +41 76 556 34 25<\/p> <p><strong>Email:<\/strong> <a href=\"mailto:l.pasqualini@arpa.trading\">l.pasqualini@arpa.trading<\/a><\/p>  <p>Francisco Onate<\/p> <p><strong>Email:<\/strong> <a href=\"mailto:f.onate@arpa.trading\">f.onate@arpa.trading<\/a><\/p> <p><strong>Cel:<\/strong> +57 304 6466 022<\/p> <p><strong>Tel:<\/strong> +507 213 6163<\/p><\/span>\n\t\t\t\t\t\t\t\t\t<\/li>\n\t\t\t\t\t\t<\/ul>\n\t\t\t\t\t\t<\/div>\n\t\t\t\t<\/div>\n\t\t\t\t\t<\/div>\n\t\t<\/div>\n\t\t\t\t\t<\/div>\n\t\t<\/section>\n\t\t\t\t<section class=\"elementor-section elementor-top-section elementor-element elementor-element-e55ac33 elementor-section-full_width elementor-section-height-default elementor-section-height-default\" data-id=\"e55ac33\" data-element_type=\"section\" data-e-type=\"section\" data-settings=\"{&quot;background_background&quot;:&quot;classic&quot;,&quot;shape_divider_top&quot;:&quot;tilt&quot;}\">\n\t\t\t\t\t<div class=\"elementor-shape elementor-shape-top\" aria-hidden=\"true\" data-negative=\"false\">\n\t\t\t<svg xmlns=\"http:\/\/www.w3.org\/2000\/svg\" viewBox=\"0 0 1000 100\" preserveAspectRatio=\"none\">\n\t<path class=\"elementor-shape-fill\" d=\"M0,6V0h1000v100L0,6z\"\/>\n<\/svg>\t\t<\/div>\n\t\t\t\t\t<div class=\"elementor-container elementor-column-gap-default\">\n\t\t\t\t\t<div class=\"elementor-column elementor-col-100 elementor-top-column elementor-element elementor-element-e4639dd\" data-id=\"e4639dd\" data-element_type=\"column\" data-e-type=\"column\">\n\t\t\t<div class=\"elementor-widget-wrap\">\n\t\t\t\t\t\t\t<\/div>\n\t\t<\/div>\n\t\t\t\t\t<\/div>\n\t\t<\/section>\n\t\t\t\t<\/div>\n\t\t","protected":false},"excerpt":{"rendered":"<p>Contacto Panam\u00e1 Centro Financiero BICSA, Piso 47, Unidad 4704 Avenida Balboa, Ciudad de Panam\u00e1, Rep. de Panam\u00e1 +507 213 6163 +507 6985 9609 Kosovo Hajvali, Rr.Brigada 153, Kompleksi Diamond Residence, Kati 1, B3 10000 Pristina \u2013 Kosovo Info Luciano Pasqualini Cel: +41 76 556 34 25 Email: l.pasqualini@arpa.trading Francisco Onate Email: f.onate@arpa.trading Cel: +57 304 [&hellip;]<\/p>\n","protected":false},"author":1,"featured_media":0,"parent":0,"menu_order":0,"comment_status":"closed","ping_status":"closed","template":"","meta":{"footnotes":""},"class_list":["post-1244","page","type-page","status-publish","hentry"],"_links":{"self":[{"href":"https:\/\/arpa.trading\/es\/wp-json\/wp\/v2\/pages\/1244","targetHints":{"allow":["GET"]}}],"collection":[{"href":"https:\/\/arpa.trading\/es\/wp-json\/wp\/v2\/pages"}],"about":[{"href":"https:\/\/arpa.trading\/es\/wp-json\/wp\/v2\/types\/page"}],"author":[{"embeddable":true,"href":"https:\/\/arpa.trading\/es\/wp-json\/wp\/v2\/users\/1"}],"replies":[{"embeddable":true,"href":"https:\/\/arpa.trading\/es\/wp-json\/wp\/v2\/comments?post=1244"}],"version-history":[{"count":5,"href":"https:\/\/arpa.trading\/es\/wp-json\/wp\/v2\/pages\/1244\/revisions"}],"predecessor-version":[{"id":1501,"href":"https:\/\/arpa.trading\/es\/wp-json\/wp\/v2\/pages\/1244\/revisions\/1501"}],"wp:attachment":[{"href":"https:\/\/arpa.trading\/es\/wp-json\/wp\/v2\/media?parent=1244"}],"curies":[{"name":"wp","href":"https:\/\/api.w.org\/{rel}","templated":true}]}}