{"id":1217,"date":"2023-09-08T11:49:19","date_gmt":"2023-09-08T11:49:19","guid":{"rendered":"https:\/\/arpa.trading\/materias-primas\/"},"modified":"2023-09-12T20:39:00","modified_gmt":"2023-09-12T20:39:00","slug":"materias-primas","status":"publish","type":"page","link":"https:\/\/arpa.trading\/es\/materias-primas\/","title":{"rendered":"Materias primas"},"content":{"rendered":"\t\t<div data-elementor-type=\"wp-page\" data-elementor-id=\"1217\" class=\"elementor elementor-1217 elementor-21\">\n\t\t\t\t\t\t<section class=\"elementor-section elementor-top-section elementor-element elementor-element-09ba2d4 elementor-section-height-min-height elementor-section-boxed elementor-section-height-default elementor-section-items-middle\" data-id=\"09ba2d4\" data-element_type=\"section\" data-e-type=\"section\" data-settings=\"{&quot;background_background&quot;:&quot;classic&quot;,&quot;shape_divider_bottom&quot;:&quot;tilt&quot;}\">\n\t\t\t\t\t\t\t<div class=\"elementor-background-overlay\"><\/div>\n\t\t\t\t\t\t<div class=\"elementor-shape elementor-shape-bottom\" aria-hidden=\"true\" data-negative=\"false\">\n\t\t\t<svg xmlns=\"http:\/\/www.w3.org\/2000\/svg\" viewBox=\"0 0 1000 100\" preserveAspectRatio=\"none\">\n\t<path class=\"elementor-shape-fill\" d=\"M0,6V0h1000v100L0,6z\"\/>\n<\/svg>\t\t<\/div>\n\t\t\t\t\t<div class=\"elementor-container elementor-column-gap-default\">\n\t\t\t\t\t<div class=\"elementor-column elementor-col-100 elementor-top-column elementor-element elementor-element-03e78a5\" data-id=\"03e78a5\" data-element_type=\"column\" data-e-type=\"column\">\n\t\t\t<div class=\"elementor-widget-wrap elementor-element-populated\">\n\t\t\t\t\t\t<div class=\"elementor-element elementor-element-86b8d27 elementor-invisible elementor-widget elementor-widget-heading\" data-id=\"86b8d27\" data-element_type=\"widget\" data-e-type=\"widget\" data-settings=\"{&quot;_animation&quot;:&quot;fadeInUp&quot;}\" data-widget_type=\"heading.default\">\n\t\t\t\t<div class=\"elementor-widget-container\">\n\t\t\t\t\t<h2 class=\"elementor-heading-title elementor-size-default\">Materias primas Minerales y metales<\/h2>\t\t\t\t<\/div>\n\t\t\t\t<\/div>\n\t\t\t\t\t<\/div>\n\t\t<\/div>\n\t\t\t\t\t<\/div>\n\t\t<\/section>\n\t\t\t\t<section class=\"elementor-section elementor-top-section elementor-element elementor-element-e071a9d elementor-section-boxed elementor-section-height-default elementor-section-height-default\" data-id=\"e071a9d\" data-element_type=\"section\" data-e-type=\"section\">\n\t\t\t\t\t\t<div class=\"elementor-container elementor-column-gap-default\">\n\t\t\t\t\t<div class=\"elementor-column elementor-col-50 elementor-top-column elementor-element elementor-element-7c4fe03 elementor-invisible\" data-id=\"7c4fe03\" data-element_type=\"column\" data-e-type=\"column\" data-settings=\"{&quot;animation&quot;:&quot;fadeInLeft&quot;,&quot;animation_mobile&quot;:&quot;fadeInUp&quot;}\">\n\t\t\t<div class=\"elementor-widget-wrap elementor-element-populated\">\n\t\t\t\t\t\t<div class=\"elementor-element elementor-element-126ef69 elementor-widget elementor-widget-image\" data-id=\"126ef69\" data-element_type=\"widget\" data-e-type=\"widget\" data-widget_type=\"image.default\">\n\t\t\t\t<div class=\"elementor-widget-container\">\n\t\t\t\t\t\t\t\t\t\t\t\t\t\t\t<img fetchpriority=\"high\" decoding=\"async\" width=\"640\" height=\"426\" src=\"https:\/\/arpa.trading\/wp-content\/uploads\/2023\/09\/iron-steel-factory-pipe-mill-located-taganrog-south-russia-1024x681.jpg\" class=\"attachment-large size-large wp-image-1080\" alt=\"\" srcset=\"https:\/\/arpa.trading\/wp-content\/uploads\/2023\/09\/iron-steel-factory-pipe-mill-located-taganrog-south-russia-1024x681.jpg 1024w, https:\/\/arpa.trading\/wp-content\/uploads\/2023\/09\/iron-steel-factory-pipe-mill-located-taganrog-south-russia-300x200.jpg 300w, https:\/\/arpa.trading\/wp-content\/uploads\/2023\/09\/iron-steel-factory-pipe-mill-located-taganrog-south-russia-768x511.jpg 768w, https:\/\/arpa.trading\/wp-content\/uploads\/2023\/09\/iron-steel-factory-pipe-mill-located-taganrog-south-russia.jpg 1500w\" sizes=\"(max-width: 640px) 100vw, 640px\" \/>\t\t\t\t\t\t\t\t\t\t\t\t\t\t\t<\/div>\n\t\t\t\t<\/div>\n\t\t\t\t\t<\/div>\n\t\t<\/div>\n\t\t\t\t<div class=\"elementor-column elementor-col-50 elementor-top-column elementor-element elementor-element-172a619 elementor-invisible\" data-id=\"172a619\" data-element_type=\"column\" data-e-type=\"column\" data-settings=\"{&quot;animation&quot;:&quot;fadeInRight&quot;,&quot;animation_mobile&quot;:&quot;fadeInUp&quot;,&quot;animation_delay&quot;:200}\">\n\t\t\t<div class=\"elementor-widget-wrap elementor-element-populated\">\n\t\t\t\t\t\t<div class=\"elementor-element elementor-element-04479ab elementor-widget elementor-widget-text-editor\" data-id=\"04479ab\" data-element_type=\"widget\" data-e-type=\"widget\" data-widget_type=\"text-editor.default\">\n\t\t\t\t<div class=\"elementor-widget-container\">\n\t\t\t\t\t\t\t\t\t<p>En el apasionante y desafiante mundo de las materias primas minerales y met\u00e1licas, Arpa trading &amp; commercial corporation se erige como estandarte de excelencia y fiabilidad. Nuestro historial de \u00e9xitos y nuestro compromiso con la calidad nos sit\u00faan a la vanguardia del sector, listos para impulsar su negocio a nuevas cotas.<\/p>\n<p>Como l\u00edder indiscutible, cubrimos un amplio espectro de minerales y metales, desde los m\u00e1s buscados y demandados hasta los menos conocidos pero igualmente esenciales. pero igualmente esencial. Nuestra experiencia abarca desde el aprovisionamiento, el transporte y la comercializaci\u00f3n hasta la gesti\u00f3n de riesgos y la satisfacci\u00f3n del cliente. gesti\u00f3n de riesgos y satisfacci\u00f3n del cliente.<\/p>\n\t\t\t\t\t\t\t\t<\/div>\n\t\t\t\t<\/div>\n\t\t\t\t\t<\/div>\n\t\t<\/div>\n\t\t\t\t\t<\/div>\n\t\t<\/section>\n\t\t\t\t<section class=\"elementor-section elementor-top-section elementor-element elementor-element-cf6ccf3 elementor-section-boxed elementor-section-height-default elementor-section-height-default\" data-id=\"cf6ccf3\" data-element_type=\"section\" data-e-type=\"section\" data-settings=\"{&quot;animation_mobile&quot;:&quot;fadeInUp&quot;}\">\n\t\t\t\t\t\t<div class=\"elementor-container elementor-column-gap-default\">\n\t\t\t\t\t<div class=\"elementor-column elementor-col-50 elementor-top-column elementor-element elementor-element-79f410a elementor-invisible\" data-id=\"79f410a\" data-element_type=\"column\" data-e-type=\"column\" data-settings=\"{&quot;animation&quot;:&quot;fadeInLeft&quot;,&quot;animation_mobile&quot;:&quot;fadeInUp&quot;}\">\n\t\t\t<div class=\"elementor-widget-wrap elementor-element-populated\">\n\t\t\t\t\t\t<div class=\"elementor-element elementor-element-943b0e0 elementor-widget elementor-widget-text-editor\" data-id=\"943b0e0\" data-element_type=\"widget\" data-e-type=\"widget\" data-widget_type=\"text-editor.default\">\n\t\t\t\t<div class=\"elementor-widget-container\">\n\t\t\t\t\t\t\t\t\t<p>En un mundo que exige recursos de calidad y entregas fiables, somos el socio en el que puede confiar. Nuestro compromiso con la sostenibilidad y la responsabilidad medioambiental es tan firme como el acero que comercializamos.<\/p>\n<p>Y exploramos constantemente nuevas oportunidades y mercados emergentes para garantizar que nuestros clientes van un paso por delante en un mundo en constante cambio. en un mundo en constante cambio.<\/p>\n<p>En Arpa trading &amp; commercial corporation, no nos limitamos a suministrar minerales y metales, sino que forjamos alianzas. y metales, forjamos asociaciones s\u00f3lidas y duraderas. Si busca un socio que comprenda sus necesidades, le ofrezca soluciones a medida y se comprometa con su \u00e9xito empresarial en el mercado mundial de minerales y metales, est\u00e1 a punto de tomar la mejor decisi\u00f3n de su carrera.<\/p>\n\t\t\t\t\t\t\t\t<\/div>\n\t\t\t\t<\/div>\n\t\t\t\t\t<\/div>\n\t\t<\/div>\n\t\t\t\t<div class=\"elementor-column elementor-col-50 elementor-top-column elementor-element elementor-element-b6a6b76 elementor-invisible\" data-id=\"b6a6b76\" data-element_type=\"column\" data-e-type=\"column\" data-settings=\"{&quot;animation&quot;:&quot;fadeInRight&quot;,&quot;animation_mobile&quot;:&quot;fadeInUp&quot;,&quot;animation_delay&quot;:200}\">\n\t\t\t<div class=\"elementor-widget-wrap elementor-element-populated\">\n\t\t\t\t\t\t<div class=\"elementor-element elementor-element-18227a3 elementor-widget elementor-widget-image\" data-id=\"18227a3\" data-element_type=\"widget\" data-e-type=\"widget\" data-widget_type=\"image.default\">\n\t\t\t\t<div class=\"elementor-widget-container\">\n\t\t\t\t\t\t\t\t\t\t\t\t\t\t\t<img decoding=\"async\" width=\"640\" height=\"426\" src=\"https:\/\/arpa.trading\/wp-content\/uploads\/2023\/09\/numerology-concept-still-life-1024x681.jpg\" class=\"attachment-large size-large wp-image-1134\" alt=\"\" srcset=\"https:\/\/arpa.trading\/wp-content\/uploads\/2023\/09\/numerology-concept-still-life-1024x681.jpg 1024w, https:\/\/arpa.trading\/wp-content\/uploads\/2023\/09\/numerology-concept-still-life-300x200.jpg 300w, https:\/\/arpa.trading\/wp-content\/uploads\/2023\/09\/numerology-concept-still-life-768x511.jpg 768w, https:\/\/arpa.trading\/wp-content\/uploads\/2023\/09\/numerology-concept-still-life.jpg 1500w\" sizes=\"(max-width: 640px) 100vw, 640px\" \/>\t\t\t\t\t\t\t\t\t\t\t\t\t\t\t<\/div>\n\t\t\t\t<\/div>\n\t\t\t\t\t<\/div>\n\t\t<\/div>\n\t\t\t\t\t<\/div>\n\t\t<\/section>\n\t\t\t\t<section class=\"elementor-section elementor-top-section elementor-element elementor-element-ea7a198 elementor-section-boxed elementor-section-height-default elementor-section-height-default elementor-invisible\" data-id=\"ea7a198\" data-element_type=\"section\" data-e-type=\"section\" data-settings=\"{&quot;animation&quot;:&quot;fadeInUp&quot;}\">\n\t\t\t\t\t\t<div class=\"elementor-container elementor-column-gap-default\">\n\t\t\t\t\t<div class=\"elementor-column elementor-col-100 elementor-top-column elementor-element elementor-element-8418b2b\" data-id=\"8418b2b\" data-element_type=\"column\" data-e-type=\"column\">\n\t\t\t<div class=\"elementor-widget-wrap elementor-element-populated\">\n\t\t\t\t\t\t<div class=\"elementor-element elementor-element-d722d64 elementor-widget elementor-widget-heading\" data-id=\"d722d64\" data-element_type=\"widget\" data-e-type=\"widget\" data-widget_type=\"heading.default\">\n\t\t\t\t<div class=\"elementor-widget-container\">\n\t\t\t\t\t<h2 class=\"elementor-heading-title elementor-size-default\">\u00danase a nosotros y experimente la excelencia en cada tonelada, el compromiso en cada entrega y el \u00e9xito en cada transacci\u00f3n. El futuro de su negocio est\u00e1 aqu\u00ed, en Arpa trading &amp; commercial corporation.<\/h2>\t\t\t\t<\/div>\n\t\t\t\t<\/div>\n\t\t\t\t\t<\/div>\n\t\t<\/div>\n\t\t\t\t\t<\/div>\n\t\t<\/section>\n\t\t\t\t<section class=\"elementor-section elementor-top-section elementor-element elementor-element-70dee3e elementor-section-full_width elementor-section-height-default elementor-section-height-default\" data-id=\"70dee3e\" data-element_type=\"section\" data-e-type=\"section\" data-settings=\"{&quot;background_background&quot;:&quot;classic&quot;,&quot;shape_divider_top&quot;:&quot;tilt&quot;}\">\n\t\t\t\t\t<div class=\"elementor-shape elementor-shape-top\" aria-hidden=\"true\" data-negative=\"false\">\n\t\t\t<svg xmlns=\"http:\/\/www.w3.org\/2000\/svg\" viewBox=\"0 0 1000 100\" preserveAspectRatio=\"none\">\n\t<path class=\"elementor-shape-fill\" d=\"M0,6V0h1000v100L0,6z\"\/>\n<\/svg>\t\t<\/div>\n\t\t\t\t\t<div class=\"elementor-container elementor-column-gap-default\">\n\t\t\t\t\t<div class=\"elementor-column elementor-col-100 elementor-top-column elementor-element elementor-element-6ac2a47\" data-id=\"6ac2a47\" data-element_type=\"column\" data-e-type=\"column\">\n\t\t\t<div class=\"elementor-widget-wrap\">\n\t\t\t\t\t\t\t<\/div>\n\t\t<\/div>\n\t\t\t\t\t<\/div>\n\t\t<\/section>\n\t\t\t\t<\/div>\n\t\t","protected":false},"excerpt":{"rendered":"<p>Materias primas Minerales y metales En el apasionante y desafiante mundo de las materias primas minerales y met\u00e1licas, Arpa trading &amp; commercial corporation se erige como estandarte de excelencia y fiabilidad. Nuestro historial de \u00e9xitos y nuestro compromiso con la calidad nos sit\u00faan a la vanguardia del sector, listos para impulsar su negocio a nuevas [&hellip;]<\/p>\n","protected":false},"author":1,"featured_media":0,"parent":0,"menu_order":0,"comment_status":"closed","ping_status":"closed","template":"","meta":{"footnotes":""},"class_list":["post-1217","page","type-page","status-publish","hentry"],"_links":{"self":[{"href":"https:\/\/arpa.trading\/es\/wp-json\/wp\/v2\/pages\/1217","targetHints":{"allow":["GET"]}}],"collection":[{"href":"https:\/\/arpa.trading\/es\/wp-json\/wp\/v2\/pages"}],"about":[{"href":"https:\/\/arpa.trading\/es\/wp-json\/wp\/v2\/types\/page"}],"author":[{"embeddable":true,"href":"https:\/\/arpa.trading\/es\/wp-json\/wp\/v2\/users\/1"}],"replies":[{"embeddable":true,"href":"https:\/\/arpa.trading\/es\/wp-json\/wp\/v2\/comments?post=1217"}],"version-history":[{"count":1,"href":"https:\/\/arpa.trading\/es\/wp-json\/wp\/v2\/pages\/1217\/revisions"}],"predecessor-version":[{"id":1218,"href":"https:\/\/arpa.trading\/es\/wp-json\/wp\/v2\/pages\/1217\/revisions\/1218"}],"wp:attachment":[{"href":"https:\/\/arpa.trading\/es\/wp-json\/wp\/v2\/media?parent=1217"}],"curies":[{"name":"wp","href":"https:\/\/api.w.org\/{rel}","templated":true}]}}