{"id":1286,"date":"2023-09-11T21:51:26","date_gmt":"2023-09-11T21:51:26","guid":{"rendered":"https:\/\/arpa.trading\/datenschutzbestimmungen\/"},"modified":"2023-09-12T20:55:31","modified_gmt":"2023-09-12T20:55:31","slug":"datenschutzbestimmungen","status":"publish","type":"page","link":"https:\/\/arpa.trading\/de\/datenschutzbestimmungen\/","title":{"rendered":"Datenschutzbestimmungen"},"content":{"rendered":"\t\t<div data-elementor-type=\"wp-page\" data-elementor-id=\"1286\" class=\"elementor elementor-1286 elementor-804\">\n\t\t\t\t\t\t<section class=\"elementor-section elementor-top-section elementor-element elementor-element-92bb70f elementor-section-boxed elementor-section-height-default elementor-section-height-default\" data-id=\"92bb70f\" data-element_type=\"section\" data-e-type=\"section\">\n\t\t\t\t\t\t<div class=\"elementor-container elementor-column-gap-default\">\n\t\t\t\t\t<div class=\"elementor-column elementor-col-100 elementor-top-column elementor-element elementor-element-41d92c0\" data-id=\"41d92c0\" data-element_type=\"column\" data-e-type=\"column\">\n\t\t\t<div class=\"elementor-widget-wrap elementor-element-populated\">\n\t\t\t\t\t\t<div class=\"elementor-element elementor-element-3a0a97a elementor-widget elementor-widget-heading\" data-id=\"3a0a97a\" data-element_type=\"widget\" data-e-type=\"widget\" data-widget_type=\"heading.default\">\n\t\t\t\t<div class=\"elementor-widget-container\">\n\t\t\t\t\t<h2 class=\"elementor-heading-title elementor-size-default\">Datenschutzbestimmungen<\/h2>\t\t\t\t<\/div>\n\t\t\t\t<\/div>\n\t\t\t\t\t<\/div>\n\t\t<\/div>\n\t\t\t\t\t<\/div>\n\t\t<\/section>\n\t\t\t\t<section class=\"elementor-section elementor-top-section elementor-element elementor-element-9544867 elementor-section-boxed elementor-section-height-default elementor-section-height-default\" data-id=\"9544867\" data-element_type=\"section\" data-e-type=\"section\">\n\t\t\t\t\t\t<div class=\"elementor-container elementor-column-gap-default\">\n\t\t\t\t\t<div class=\"elementor-column elementor-col-100 elementor-top-column elementor-element elementor-element-2e00533\" data-id=\"2e00533\" data-element_type=\"column\" data-e-type=\"column\">\n\t\t\t<div class=\"elementor-widget-wrap elementor-element-populated\">\n\t\t\t\t\t\t<div class=\"elementor-element elementor-element-3a3be94 elementor-widget elementor-widget-text-editor\" data-id=\"3a3be94\" data-element_type=\"widget\" data-e-type=\"widget\" data-widget_type=\"text-editor.default\">\n\t\t\t\t<div class=\"elementor-widget-container\">\n\t\t\t\t\t\t\t\t\t<div>\n<h3><b>DATENPOLITIK<\/b><\/h3>\n<div><strong>Objekt:<\/strong><\/div>\n<div> <\/div>\n<div>Informationen gem\u00e4\u00df Art. 13 der Verordnung (EU) 679\/2016 und der Gesetzgebung der einzelnen UE-Mitgliedstaaten. In \u00dcbereinstimmung mit Art. 13 der EU-Verordnung 2016\/679 (im Folgenden &#8222;DSGVO 2016\/679&#8220;) und der Gesetzgebung der einzelnen EU-Mitgliedsstaaten (im Folgenden &#8222;Datenschutzkodex&#8220;), die Bestimmungen zum Schutz von Personen und anderen Subjekten bei der Verarbeitung personenbezogener Daten enthalten, m\u00f6chten wir Sie dar\u00fcber informieren, dass die von Ihnen zur Verf\u00fcgung gestellten personenbezogenen Daten unter Einhaltung des oben genannten Gesetzes und der Vertraulichkeitsverpflichtungen verarbeitet werden, zu deren Einhaltung alle zu Arpa Trading geh\u00f6renden Unternehmen verpflichtet sind.<\/div>\n<div> <\/div>\n<div><strong>Welche Daten verarbeiten wir?<\/strong><\/div>\n<div> <\/div>\n<ul>\n<li>Daten, die beim Ausf\u00fcllen des Anmeldeformulars eingegeben werden (Vorname, Nachname, Adresse und E-Mail-Adresse, Telefon- und Handynummer) und die Daten zu Ihrem beruflichen Werdegang oder die Angaben, die Sie in Ihrem Lebenslauf gemacht haben, sowie zu Ihrem Gesundheitszustand;<\/li>\n<li>Daten \u00fcber die Navigation auf unserer Website, z. B. verkehrsbezogene Daten, Standort, Website-Besuche, Weblog, IP-Adresse, das Betriebssystem und den verwendeten Browser, Cookies;<\/li>\n<li>Daten, die Sie uns per E-Mail, Umfrage sowie \u00fcber unsere Kontaktmodule oder \u00fcber LinkedIn zur Verf\u00fcgung stellen.<\/li>\n<\/ul>\n<div><strong>Warum brauchen wir Ihre Daten?<\/strong><\/div>\n<div> <\/div>\n<div>Wir verwenden Ihre Daten, um Ihr eventuelles Vorstellungsgespr\u00e4ch f\u00fcr eine freie Stelle im Unternehmen weiterzuverfolgen und f\u00fcr die Verwaltung des Arbeitsverh\u00e4ltnisses sowie f\u00fcr kommerzielle Zwecke.<\/div>\n<div>Ihre Daten werden speziell f\u00fcr folgende Zwecke verarbeitet:<\/div>\n<div> <\/div>\n<ol>\n<li>Die Aktivit\u00e4ten zur Vermittlung zwischen Arbeitsangebot und -nachfrage<\/li>\n<li>Die Aktivit\u00e4ten mit kommerziellen Zwecken, die Zusendung von Informationen und Newslettern.<\/li>\n<li>Die Weitergabe Ihrer Daten an unsere Kunden in der Schweiz und in Drittl\u00e4ndern, die auf der Suche nach Personal sind, sowie an jene \u00f6ffentlichen und privaten Subjekte, von denen der Inhaber mit einer der unter Punkt 1) genannten T\u00e4tigkeiten beauftragt wurde. Dar\u00fcber hinaus werden Ihre Daten an Organisationen und Privatpersonen in der Schweiz und in Drittl\u00e4ndern weitergegeben, die den Inhaber bei der Erbringung von Dienstleistungen unterst\u00fctzen (z.B. Netzwerkdienste, Software, Werbung, usw.).<\/li>\n<li>Die Weitergabe Ihrer Daten an die Polizeibeh\u00f6rden im Falle eines festgestellten Missbrauchs. Die Rechtsgrundlage f\u00fcr diese T\u00e4tigkeiten ist die Erf\u00fcllung vorvertraglicher und vertraglicher Anforderungen im Zusammenhang mit der Dienstleistung sowie das Bestehen bestimmter rechtlicher Verpflichtungen.<\/li>\n<\/ol>\n<div><strong>Wie verarbeiten wir Ihre personenbezogenen Daten?<\/strong><\/div>\n<div> <\/div>\n<div>Die Verarbeitung Ihrer personenbezogenen Daten erfolgt digital oder auf Papier durch einige Personen, die intern dazu befugt und geschult sind. Die Verarbeitung dieser Daten umfasst keine automatisierte Entscheidungsfindung, sondern beinhaltet das Profiling f\u00fcr die Aktivit\u00e4ten im Zusammenhang mit der Navigation auf der Website durch technische Hilfsmittel wie Cookies.<\/div>\n<div> <\/div>\n<div><strong>Wie lange werden Ihre Daten gespeichert?<\/strong><\/div>\n<div> <\/div>\n<div>Ihre personenbezogenen Daten werden so lange gespeichert, wie es f\u00fcr die Erf\u00fcllung der Aufgaben im Zusammenhang mit der Vertragsverwaltung sowie der sich daraus ergebenden rechtlichen Verpflichtungen erforderlich ist. Die auf der Website des Betreibers gespeicherten Daten werden nach 60 Monaten Inaktivit\u00e4t gel\u00f6scht. 6 Monate vor Ablauf der G\u00fcltigkeit erhalten Sie eine E-Mail-Benachrichtigung.<\/div>\n<div> <\/div>\n<div>Die Daten von Personen, die keine Produkte\/Dienstleistungen kaufen oder in Anspruch nehmen, auch wenn sie zuvor mit Vertretern des Unternehmens in Kontakt standen, werden unverz\u00fcglich gel\u00f6scht oder anonym verarbeitet, sofern ihre Aufbewahrung nicht anderweitig gerechtfertigt ist, es sei denn, es wurde die informierte Zustimmung der Interessenten f\u00fcr eine sp\u00e4tere kommerzielle Werbe- oder Marktforschungsaktivit\u00e4t wirksam erworben.<\/div>\n<div> <\/div>\n<div>Die maximale Aufbewahrungsfrist f\u00fcr Daten betr\u00e4gt 10 Jahre.<\/div>\n<div> <\/div>\n<div><strong>Was passiert, wenn Sie uns Ihre Daten nicht zur Verf\u00fcgung stellen?<\/strong><\/div>\n<div> <\/div>\n<div>Die Bereitstellung der Daten ist obligatorisch f\u00fcr alle, die durch gesetzliche und vertragliche Verpflichtungen und daher jede Weigerung, sie ganz oder teilweise zu liefern kann dazu f\u00fchren, dass die Unm\u00f6glichkeit der Erbringung der Dienstleistungen durch den Eigent\u00fcmer angefordert. Das Unternehmen verarbeitet die freiwilligen Daten der Nutzer auf der Grundlage ihrer Zustimmung, die durch die ausdr\u00fcckliche Zustimmung zu dieser Datenschutzpolitik erfolgt, und in Bezug auf die unten beschriebenen Methoden und Zwecke.<\/div>\n<div> <\/div>\n<div><strong>Welche Rechte haben Sie?<\/strong><\/div>\n<div> <\/div>\n<div>Gem\u00e4\u00df der europ\u00e4ischen Verordnung 679\/2016 (GDPR) und der nationalen Gesetzgebung kann der Betroffene in \u00dcbereinstimmung mit den Verfahren und innerhalb der Grenzen der geltenden Gesetzgebung die folgenden Rechte aus\u00fcben:<\/div>\n<div> <\/div>\n<ul>\n<li>die Best\u00e4tigung der Verarbeitung Ihrer personenbezogenen Daten anfordern;<\/li>\n<li>Kennen Sie den Ursprung und den Zweck der Behandlung;<\/li>\n<li>Die M\u00f6glichkeit, Ihre Daten zu aktualisieren und zu berichtigen, um deren Richtigkeit zu gew\u00e4hrleisten;<\/li>\n<li>die M\u00f6glichkeit, Ihre personenbezogenen Daten zu l\u00f6schen, soweit dies zul\u00e4ssig ist, sowie die Verarbeitung dieser Daten einzuschr\u00e4nken<\/li>\n<li>die Aktualisierung, die Berichtigung, die Integration, die L\u00f6schung, die Umwandlung in anonyme Form oder die Sperrung von Daten zu verlangen, die unter Verletzung des Gesetzes verarbeitet wurden, einschlie\u00dflich solcher, die f\u00fcr die Verfolgung der Zwecke, f\u00fcr die sie erhoben wurden, nicht mehr erforderlich sind;<\/li>\n<li>Das Recht, eine Beschwerde bei der Aufsichtsbeh\u00f6rde einzureichen.<\/li>\n<\/ul>\n<div>Der Inhaber der Verarbeitung Ihrer pers\u00f6nlichen Daten ist Arpa Trading.<\/div>\n<div> <\/div>\n<div><strong>Wichtige rechtliche Informationen und Nutzungsbedingungen<\/strong><\/div>\n<div> <\/div>\n<div>Personen, die auf diese Website zugreifen, werden gebeten, sowohl den Inhalt dieser Seite als auch den Haftungsausschluss zu lesen. Sie erkl\u00e4ren sich mit den folgenden Nutzungsbedingungen, Einschr\u00e4nkungen und rechtlichen Beschr\u00e4nkungen einverstanden. Wer das Vorstehende nicht akzeptiert, darf weder auf die Website von Best Vision Ltd. (Best Vision) Website (nachfolgend BestVision Site genannt) noch auf eine der Seiten und deren Links zugreifen.<\/div>\n<div> <\/div>\n<div><strong>Nutzung der Best Vision Website<\/strong><\/div>\n<div> <\/div>\n<div>Die Best Vision-Website unterliegt dem Urheberrecht. Es ist m\u00f6glich, von der Website herunterzuladen oder zu drucken, solange das Copyright nicht entfernt wird. Ohne die schriftliche Zustimmung von Best Vision ist die Reproduktion (ganz oder teilweise), die Weitergabe, die \u00c4nderung, die Einrichtung von Links oder die Nutzung der Best Vision-Website f\u00fcr \u00f6ffentliche, private oder kommerzielle Zwecke untersagt. Best Vision kann von Zeit zu Zeit sowohl den Inhalt dieser Seite als auch die Bedingungen des Haftungsausschlusses \u00e4ndern. Bitte \u00fcberpr\u00fcfen Sie sie daher von Zeit zu Zeit. Ihr fortgesetzter Zugriff auf diese Website oder die Einrichtung eines Links zu dieser Website nach der Ver\u00f6ffentlichung von \u00c4nderungen an einer der beiden Seiten oder an beiden Seiten bedeutet, dass Sie diese in der ge\u00e4nderten Fassung akzeptieren. Wenn Sie zu irgendeinem Zeitpunkt weder den Inhalt dieser Seite noch den Haftungsausschluss oder beides akzeptieren wollen, m\u00fcssen Sie den Zugriff auf diese Website oder die Verkn\u00fcpfung mit ihr beenden. Sollte durch die Nutzung dieser Website ein Rechtsverh\u00e4ltnis zwischen den Nutzern dieser Website und Best Vision entstehen, so unterliegt dieses dem schweizerischen Recht.<\/div>\n<div> <\/div>\n<div><strong>Cookies-Richtlinie auf BestVision\u00ae-Seiten<\/strong><\/div>\n<div> <\/div>\n<div>Best Vision verwendet HTTP-Cookies, um die Nutzung seiner Internet-Seiten zu vereinfachen. Diese Erkl\u00e4rung soll Sie \u00fcber die Verwendung von Cookies auf unseren Internetseiten informieren.<\/div>\n<div> <\/div>\n<div><strong>Was sind Cookies?<\/strong><\/div>\n<div> <\/div>\n<div>Cookies sind kleine Daten, die von einer Website gesendet und im Webbrowser des Nutzers gespeichert werden, w\u00e4hrend der Nutzer auf der Website surft. Sie erm\u00f6glichen es, eine Reihe von Informationen zu sammeln, um die \u00fcber unsere Internetseiten zug\u00e4nglichen Dienste zu verbessern. Mit diesen Informationen ist es m\u00f6glich, den Verkehr auf unseren Internetseiten zu analysieren (Anzahl der Besuche, IP-Adressen usw.). Diese Informationen werden gesammelt, wenn Sie unsere Website besuchen, und sie erm\u00f6glichen es uns zu wissen, welche Teile unserer Seiten unsere Besucher am meisten interessieren. Auf diese Weise k\u00f6nnen wir ihre Bed\u00fcrfnisse besser kennenlernen und den Inhalt unserer Website verbessern, indem wir die am besten geeigneten Informationen liefern.<\/div>\n<div> <\/div>\n<div><strong>Wie man die Cookies verwaltet.<\/strong><\/div>\n<div> <\/div>\n<div>Die Vorgehensweise bei der Parametrisierung von Cookies h\u00e4ngt von dem von Ihnen verwendeten Internet-Browser ab. Sie k\u00f6nnen selbst entscheiden, ob unsere Website auf Ihrem Computer Cookies verwenden darf. Sie haben jederzeit die M\u00f6glichkeit, Ihre Browsereinstellungen so zu gestalten, dass kein Cookie akzeptiert und gespeichert wird. Sie haben auch die M\u00f6glichkeit, sich jedes Mal eine Warnmeldung anzeigen zu lassen, bevor ein Cookie akzeptiert wird.<\/div>\n<div> <\/div>\n<div><strong>Kann ich die Verwendung von Cookies ablehnen?<\/strong><\/div>\n<div> <\/div>\n<div>Sie k\u00f6nnen die Verwendung von Cookies durch unsere Internetseiten ablehnen, wenn Sie diese besuchen.<\/div>\n<div>Allerdings kann die Nutzung bestimmter Funktionen auf unserer Website eingeschr\u00e4nkt oder deaktiviert werden, wenn Sie die Cookies unserer Internetseite ablehnen.<\/div>\n<\/div>\n\t\t\t\t\t\t\t\t<\/div>\n\t\t\t\t<\/div>\n\t\t\t\t\t<\/div>\n\t\t<\/div>\n\t\t\t\t\t<\/div>\n\t\t<\/section>\n\t\t\t\t<section class=\"elementor-section elementor-top-section elementor-element elementor-element-9d975fd elementor-section-full_width elementor-section-height-default elementor-section-height-default\" data-id=\"9d975fd\" data-element_type=\"section\" data-e-type=\"section\" data-settings=\"{&quot;background_background&quot;:&quot;classic&quot;,&quot;shape_divider_top&quot;:&quot;tilt&quot;}\">\n\t\t\t\t\t<div class=\"elementor-shape elementor-shape-top\" aria-hidden=\"true\" data-negative=\"false\">\n\t\t\t<svg xmlns=\"http:\/\/www.w3.org\/2000\/svg\" viewBox=\"0 0 1000 100\" preserveAspectRatio=\"none\">\n\t<path class=\"elementor-shape-fill\" d=\"M0,6V0h1000v100L0,6z\"\/>\n<\/svg>\t\t<\/div>\n\t\t\t\t\t<div class=\"elementor-container elementor-column-gap-default\">\n\t\t\t\t\t<div class=\"elementor-column elementor-col-100 elementor-top-column elementor-element elementor-element-230c03a\" data-id=\"230c03a\" data-element_type=\"column\" data-e-type=\"column\">\n\t\t\t<div class=\"elementor-widget-wrap\">\n\t\t\t\t\t\t\t<\/div>\n\t\t<\/div>\n\t\t\t\t\t<\/div>\n\t\t<\/section>\n\t\t\t\t<\/div>\n\t\t","protected":false},"excerpt":{"rendered":"<p>Datenschutzbestimmungen DATENPOLITIK Objekt: Informationen gem\u00e4\u00df Art. 13 der Verordnung (EU) 679\/2016 und der Gesetzgebung der einzelnen UE-Mitgliedstaaten. In \u00dcbereinstimmung mit Art. 13 der EU-Verordnung 2016\/679 (im Folgenden &#8222;DSGVO 2016\/679&#8220;) und der Gesetzgebung der einzelnen EU-Mitgliedsstaaten (im Folgenden &#8222;Datenschutzkodex&#8220;), die Bestimmungen zum Schutz von Personen und anderen Subjekten bei der Verarbeitung personenbezogener Daten enthalten, m\u00f6chten wir [&hellip;]<\/p>\n","protected":false},"author":1,"featured_media":0,"parent":0,"menu_order":0,"comment_status":"closed","ping_status":"closed","template":"","meta":{"footnotes":""},"class_list":["post-1286","page","type-page","status-publish","hentry"],"_links":{"self":[{"href":"https:\/\/arpa.trading\/de\/wp-json\/wp\/v2\/pages\/1286","targetHints":{"allow":["GET"]}}],"collection":[{"href":"https:\/\/arpa.trading\/de\/wp-json\/wp\/v2\/pages"}],"about":[{"href":"https:\/\/arpa.trading\/de\/wp-json\/wp\/v2\/types\/page"}],"author":[{"embeddable":true,"href":"https:\/\/arpa.trading\/de\/wp-json\/wp\/v2\/users\/1"}],"replies":[{"embeddable":true,"href":"https:\/\/arpa.trading\/de\/wp-json\/wp\/v2\/comments?post=1286"}],"version-history":[{"count":1,"href":"https:\/\/arpa.trading\/de\/wp-json\/wp\/v2\/pages\/1286\/revisions"}],"predecessor-version":[{"id":1287,"href":"https:\/\/arpa.trading\/de\/wp-json\/wp\/v2\/pages\/1286\/revisions\/1287"}],"wp:attachment":[{"href":"https:\/\/arpa.trading\/de\/wp-json\/wp\/v2\/media?parent=1286"}],"curies":[{"name":"wp","href":"https:\/\/api.w.org\/{rel}","templated":true}]}}