{"id":1208,"date":"2023-09-08T11:49:19","date_gmt":"2023-09-08T11:49:19","guid":{"rendered":"https:\/\/arpa.trading\/rohstoffe\/"},"modified":"2023-09-12T20:38:38","modified_gmt":"2023-09-12T20:38:38","slug":"rohstoffe","status":"publish","type":"page","link":"https:\/\/arpa.trading\/de\/rohstoffe\/","title":{"rendered":"Rohstoffe"},"content":{"rendered":"\t\t<div data-elementor-type=\"wp-page\" data-elementor-id=\"1208\" class=\"elementor elementor-1208 elementor-21\">\n\t\t\t\t\t\t<section class=\"elementor-section elementor-top-section elementor-element elementor-element-09ba2d4 elementor-section-height-min-height elementor-section-boxed elementor-section-height-default elementor-section-items-middle\" data-id=\"09ba2d4\" data-element_type=\"section\" data-e-type=\"section\" data-settings=\"{&quot;background_background&quot;:&quot;classic&quot;,&quot;shape_divider_bottom&quot;:&quot;tilt&quot;}\">\n\t\t\t\t\t\t\t<div class=\"elementor-background-overlay\"><\/div>\n\t\t\t\t\t\t<div class=\"elementor-shape elementor-shape-bottom\" aria-hidden=\"true\" data-negative=\"false\">\n\t\t\t<svg xmlns=\"http:\/\/www.w3.org\/2000\/svg\" viewBox=\"0 0 1000 100\" preserveAspectRatio=\"none\">\n\t<path class=\"elementor-shape-fill\" d=\"M0,6V0h1000v100L0,6z\"\/>\n<\/svg>\t\t<\/div>\n\t\t\t\t\t<div class=\"elementor-container elementor-column-gap-default\">\n\t\t\t\t\t<div class=\"elementor-column elementor-col-100 elementor-top-column elementor-element elementor-element-03e78a5\" data-id=\"03e78a5\" data-element_type=\"column\" data-e-type=\"column\">\n\t\t\t<div class=\"elementor-widget-wrap elementor-element-populated\">\n\t\t\t\t\t\t<div class=\"elementor-element elementor-element-86b8d27 elementor-invisible elementor-widget elementor-widget-heading\" data-id=\"86b8d27\" data-element_type=\"widget\" data-e-type=\"widget\" data-settings=\"{&quot;_animation&quot;:&quot;fadeInUp&quot;}\" data-widget_type=\"heading.default\">\n\t\t\t\t<div class=\"elementor-widget-container\">\n\t\t\t\t\t<h2 class=\"elementor-heading-title elementor-size-default\">Rohstoffe Mineralien und Metalle<\/h2>\t\t\t\t<\/div>\n\t\t\t\t<\/div>\n\t\t\t\t\t<\/div>\n\t\t<\/div>\n\t\t\t\t\t<\/div>\n\t\t<\/section>\n\t\t\t\t<section class=\"elementor-section elementor-top-section elementor-element elementor-element-e071a9d elementor-section-boxed elementor-section-height-default elementor-section-height-default\" data-id=\"e071a9d\" data-element_type=\"section\" data-e-type=\"section\">\n\t\t\t\t\t\t<div class=\"elementor-container elementor-column-gap-default\">\n\t\t\t\t\t<div class=\"elementor-column elementor-col-50 elementor-top-column elementor-element elementor-element-7c4fe03 elementor-invisible\" data-id=\"7c4fe03\" data-element_type=\"column\" data-e-type=\"column\" data-settings=\"{&quot;animation&quot;:&quot;fadeInLeft&quot;,&quot;animation_mobile&quot;:&quot;fadeInUp&quot;}\">\n\t\t\t<div class=\"elementor-widget-wrap elementor-element-populated\">\n\t\t\t\t\t\t<div class=\"elementor-element elementor-element-126ef69 elementor-widget elementor-widget-image\" data-id=\"126ef69\" data-element_type=\"widget\" data-e-type=\"widget\" data-widget_type=\"image.default\">\n\t\t\t\t<div class=\"elementor-widget-container\">\n\t\t\t\t\t\t\t\t\t\t\t\t\t\t\t<img fetchpriority=\"high\" decoding=\"async\" width=\"640\" height=\"426\" src=\"https:\/\/arpa.trading\/wp-content\/uploads\/2023\/09\/iron-steel-factory-pipe-mill-located-taganrog-south-russia-1024x681.jpg\" class=\"attachment-large size-large wp-image-1076\" alt=\"\" srcset=\"https:\/\/arpa.trading\/wp-content\/uploads\/2023\/09\/iron-steel-factory-pipe-mill-located-taganrog-south-russia-1024x681.jpg 1024w, https:\/\/arpa.trading\/wp-content\/uploads\/2023\/09\/iron-steel-factory-pipe-mill-located-taganrog-south-russia-300x200.jpg 300w, https:\/\/arpa.trading\/wp-content\/uploads\/2023\/09\/iron-steel-factory-pipe-mill-located-taganrog-south-russia-768x511.jpg 768w, https:\/\/arpa.trading\/wp-content\/uploads\/2023\/09\/iron-steel-factory-pipe-mill-located-taganrog-south-russia.jpg 1500w\" sizes=\"(max-width: 640px) 100vw, 640px\" \/>\t\t\t\t\t\t\t\t\t\t\t\t\t\t\t<\/div>\n\t\t\t\t<\/div>\n\t\t\t\t\t<\/div>\n\t\t<\/div>\n\t\t\t\t<div class=\"elementor-column elementor-col-50 elementor-top-column elementor-element elementor-element-172a619 elementor-invisible\" data-id=\"172a619\" data-element_type=\"column\" data-e-type=\"column\" data-settings=\"{&quot;animation&quot;:&quot;fadeInRight&quot;,&quot;animation_mobile&quot;:&quot;fadeInUp&quot;,&quot;animation_delay&quot;:200}\">\n\t\t\t<div class=\"elementor-widget-wrap elementor-element-populated\">\n\t\t\t\t\t\t<div class=\"elementor-element elementor-element-04479ab elementor-widget elementor-widget-text-editor\" data-id=\"04479ab\" data-element_type=\"widget\" data-e-type=\"widget\" data-widget_type=\"text-editor.default\">\n\t\t\t\t<div class=\"elementor-widget-container\">\n\t\t\t\t\t\t\t\t\t<p>In der aufregenden und herausfordernden Welt der Mineralien und Metalle steht Arpa Trading &amp; Commercial Corporation als Ma\u00dfstab f\u00fcr Exzellenz und Zuverl\u00e4ssigkeit. Mit unserer Erfolgsbilanz und unserem Engagement f\u00fcr Qualit\u00e4t stehen wir an der Spitze der Branche und sind bereit, Ihr Unternehmen zu neuen H\u00f6henfl\u00fcgen zu verhelfen.<\/p>\n<p>Als unbestrittener Marktf\u00fchrer decken wir ein breites Spektrum an Mineralien und Metallen ab, von den begehrtesten und gefragtesten bis hin zu den weniger bekannten, aber ebenso wichtigen. aber ebenso wichtig. Unser Know-how reicht von Beschaffung, Transport und Marketing bis hin zu Risikomanagement und Kundenzufriedenheit. Risikomanagement und Kundenzufriedenheit.<\/p>\n\t\t\t\t\t\t\t\t<\/div>\n\t\t\t\t<\/div>\n\t\t\t\t\t<\/div>\n\t\t<\/div>\n\t\t\t\t\t<\/div>\n\t\t<\/section>\n\t\t\t\t<section class=\"elementor-section elementor-top-section elementor-element elementor-element-cf6ccf3 elementor-section-boxed elementor-section-height-default elementor-section-height-default\" data-id=\"cf6ccf3\" data-element_type=\"section\" data-e-type=\"section\" data-settings=\"{&quot;animation_mobile&quot;:&quot;fadeInUp&quot;}\">\n\t\t\t\t\t\t<div class=\"elementor-container elementor-column-gap-default\">\n\t\t\t\t\t<div class=\"elementor-column elementor-col-50 elementor-top-column elementor-element elementor-element-79f410a elementor-invisible\" data-id=\"79f410a\" data-element_type=\"column\" data-e-type=\"column\" data-settings=\"{&quot;animation&quot;:&quot;fadeInLeft&quot;,&quot;animation_mobile&quot;:&quot;fadeInUp&quot;}\">\n\t\t\t<div class=\"elementor-widget-wrap elementor-element-populated\">\n\t\t\t\t\t\t<div class=\"elementor-element elementor-element-943b0e0 elementor-widget elementor-widget-text-editor\" data-id=\"943b0e0\" data-element_type=\"widget\" data-e-type=\"widget\" data-widget_type=\"text-editor.default\">\n\t\t\t\t<div class=\"elementor-widget-container\">\n\t\t\t\t\t\t\t\t\t<p>In einer Welt, die nach qualitativ hochwertigen Ressourcen und zuverl\u00e4ssiger Lieferung verlangt, sind wir der Partner, dem Sie vertrauen k\u00f6nnen. Unser Engagement f\u00fcr Nachhaltigkeit und Umweltverantwortung ist so stark wie der Stahl, mit dem wir handeln.<\/p>\n<p>Und wir sind st\u00e4ndig auf der Suche nach neuen M\u00f6glichkeiten und aufstrebenden M\u00e4rkten, um sicherzustellen, dass unsere Kunden in einer sich st\u00e4ndig ver\u00e4ndernden Welt einen Schritt voraus sind. Vorsprung in einer sich st\u00e4ndig ver\u00e4ndernden Welt.<\/p>\n<p>Bei Arpa trading &amp; commercial corporation liefern wir nicht nur Mineralien und Metalle, wir schmieden auch Partnerschaften. und Metallen schmieden wir starke und dauerhafte Partnerschaften. Wenn Sie einen Partner suchen, der Ihre Bed\u00fcrfnisse versteht, ma\u00dfgeschneiderte L\u00f6sungen anbietet und sich f\u00fcr Ihren Gesch\u00e4ftserfolg auf dem globalen Mineralien- und Metallmarkt einsetzt, sind Sie dabei, die beste Entscheidung Ihrer Karriere zu treffen.<\/p>\n\t\t\t\t\t\t\t\t<\/div>\n\t\t\t\t<\/div>\n\t\t\t\t\t<\/div>\n\t\t<\/div>\n\t\t\t\t<div class=\"elementor-column elementor-col-50 elementor-top-column elementor-element elementor-element-b6a6b76 elementor-invisible\" data-id=\"b6a6b76\" data-element_type=\"column\" data-e-type=\"column\" data-settings=\"{&quot;animation&quot;:&quot;fadeInRight&quot;,&quot;animation_mobile&quot;:&quot;fadeInUp&quot;,&quot;animation_delay&quot;:200}\">\n\t\t\t<div class=\"elementor-widget-wrap elementor-element-populated\">\n\t\t\t\t\t\t<div class=\"elementor-element elementor-element-18227a3 elementor-widget elementor-widget-image\" data-id=\"18227a3\" data-element_type=\"widget\" data-e-type=\"widget\" data-widget_type=\"image.default\">\n\t\t\t\t<div class=\"elementor-widget-container\">\n\t\t\t\t\t\t\t\t\t\t\t\t\t\t\t<img decoding=\"async\" width=\"640\" height=\"426\" src=\"https:\/\/arpa.trading\/wp-content\/uploads\/2023\/09\/numerology-concept-still-life-1024x681.jpg\" class=\"attachment-large size-large wp-image-1130\" alt=\"\" srcset=\"https:\/\/arpa.trading\/wp-content\/uploads\/2023\/09\/numerology-concept-still-life-1024x681.jpg 1024w, https:\/\/arpa.trading\/wp-content\/uploads\/2023\/09\/numerology-concept-still-life-300x200.jpg 300w, https:\/\/arpa.trading\/wp-content\/uploads\/2023\/09\/numerology-concept-still-life-768x511.jpg 768w, https:\/\/arpa.trading\/wp-content\/uploads\/2023\/09\/numerology-concept-still-life.jpg 1500w\" sizes=\"(max-width: 640px) 100vw, 640px\" \/>\t\t\t\t\t\t\t\t\t\t\t\t\t\t\t<\/div>\n\t\t\t\t<\/div>\n\t\t\t\t\t<\/div>\n\t\t<\/div>\n\t\t\t\t\t<\/div>\n\t\t<\/section>\n\t\t\t\t<section class=\"elementor-section elementor-top-section elementor-element elementor-element-ea7a198 elementor-section-boxed elementor-section-height-default elementor-section-height-default elementor-invisible\" data-id=\"ea7a198\" data-element_type=\"section\" data-e-type=\"section\" data-settings=\"{&quot;animation&quot;:&quot;fadeInUp&quot;}\">\n\t\t\t\t\t\t<div class=\"elementor-container elementor-column-gap-default\">\n\t\t\t\t\t<div class=\"elementor-column elementor-col-100 elementor-top-column elementor-element elementor-element-8418b2b\" data-id=\"8418b2b\" data-element_type=\"column\" data-e-type=\"column\">\n\t\t\t<div class=\"elementor-widget-wrap elementor-element-populated\">\n\t\t\t\t\t\t<div class=\"elementor-element elementor-element-d722d64 elementor-widget elementor-widget-heading\" data-id=\"d722d64\" data-element_type=\"widget\" data-e-type=\"widget\" data-widget_type=\"heading.default\">\n\t\t\t\t<div class=\"elementor-widget-container\">\n\t\t\t\t\t<h2 class=\"elementor-heading-title elementor-size-default\">Kommen Sie zu uns und erleben Sie Spitzenleistung in jeder Tonne, Engagement in jeder Lieferung und Erfolg in jeder Transaktion. Die Zukunft Ihres Unternehmens ist hier bei Arpa trading &amp; commercial corporation.<\/h2>\t\t\t\t<\/div>\n\t\t\t\t<\/div>\n\t\t\t\t\t<\/div>\n\t\t<\/div>\n\t\t\t\t\t<\/div>\n\t\t<\/section>\n\t\t\t\t<section class=\"elementor-section elementor-top-section elementor-element elementor-element-70dee3e elementor-section-full_width elementor-section-height-default elementor-section-height-default\" data-id=\"70dee3e\" data-element_type=\"section\" data-e-type=\"section\" data-settings=\"{&quot;background_background&quot;:&quot;classic&quot;,&quot;shape_divider_top&quot;:&quot;tilt&quot;}\">\n\t\t\t\t\t<div class=\"elementor-shape elementor-shape-top\" aria-hidden=\"true\" data-negative=\"false\">\n\t\t\t<svg xmlns=\"http:\/\/www.w3.org\/2000\/svg\" viewBox=\"0 0 1000 100\" preserveAspectRatio=\"none\">\n\t<path class=\"elementor-shape-fill\" d=\"M0,6V0h1000v100L0,6z\"\/>\n<\/svg>\t\t<\/div>\n\t\t\t\t\t<div class=\"elementor-container elementor-column-gap-default\">\n\t\t\t\t\t<div class=\"elementor-column elementor-col-100 elementor-top-column elementor-element elementor-element-6ac2a47\" data-id=\"6ac2a47\" data-element_type=\"column\" data-e-type=\"column\">\n\t\t\t<div class=\"elementor-widget-wrap\">\n\t\t\t\t\t\t\t<\/div>\n\t\t<\/div>\n\t\t\t\t\t<\/div>\n\t\t<\/section>\n\t\t\t\t<\/div>\n\t\t","protected":false},"excerpt":{"rendered":"<p>Rohstoffe Mineralien und Metalle In der aufregenden und herausfordernden Welt der Mineralien und Metalle steht Arpa Trading &amp; Commercial Corporation als Ma\u00dfstab f\u00fcr Exzellenz und Zuverl\u00e4ssigkeit. Mit unserer Erfolgsbilanz und unserem Engagement f\u00fcr Qualit\u00e4t stehen wir an der Spitze der Branche und sind bereit, Ihr Unternehmen zu neuen H\u00f6henfl\u00fcgen zu verhelfen. Als unbestrittener Marktf\u00fchrer decken [&hellip;]<\/p>\n","protected":false},"author":1,"featured_media":0,"parent":0,"menu_order":0,"comment_status":"closed","ping_status":"closed","template":"","meta":{"footnotes":""},"class_list":["post-1208","page","type-page","status-publish","hentry"],"_links":{"self":[{"href":"https:\/\/arpa.trading\/de\/wp-json\/wp\/v2\/pages\/1208","targetHints":{"allow":["GET"]}}],"collection":[{"href":"https:\/\/arpa.trading\/de\/wp-json\/wp\/v2\/pages"}],"about":[{"href":"https:\/\/arpa.trading\/de\/wp-json\/wp\/v2\/types\/page"}],"author":[{"embeddable":true,"href":"https:\/\/arpa.trading\/de\/wp-json\/wp\/v2\/users\/1"}],"replies":[{"embeddable":true,"href":"https:\/\/arpa.trading\/de\/wp-json\/wp\/v2\/comments?post=1208"}],"version-history":[{"count":2,"href":"https:\/\/arpa.trading\/de\/wp-json\/wp\/v2\/pages\/1208\/revisions"}],"predecessor-version":[{"id":1211,"href":"https:\/\/arpa.trading\/de\/wp-json\/wp\/v2\/pages\/1208\/revisions\/1211"}],"wp:attachment":[{"href":"https:\/\/arpa.trading\/de\/wp-json\/wp\/v2\/media?parent=1208"}],"curies":[{"name":"wp","href":"https:\/\/api.w.org\/{rel}","templated":true}]}}