{"id":1184,"date":"2023-09-08T11:48:33","date_gmt":"2023-09-08T11:48:33","guid":{"rendered":"https:\/\/arpa.trading\/ueber-uns\/"},"modified":"2023-09-12T20:30:26","modified_gmt":"2023-09-12T20:30:26","slug":"ueber-uns","status":"publish","type":"page","link":"https:\/\/arpa.trading\/de\/ueber-uns\/","title":{"rendered":"\u00dcber uns"},"content":{"rendered":"\t\t<div data-elementor-type=\"wp-page\" data-elementor-id=\"1184\" class=\"elementor elementor-1184 elementor-15\">\n\t\t\t\t\t\t<section class=\"elementor-section elementor-top-section elementor-element elementor-element-f951357 elementor-section-height-min-height elementor-section-boxed elementor-section-height-default elementor-section-items-middle\" data-id=\"f951357\" data-element_type=\"section\" data-e-type=\"section\" data-settings=\"{&quot;background_background&quot;:&quot;classic&quot;,&quot;shape_divider_bottom&quot;:&quot;tilt&quot;}\">\n\t\t\t\t\t\t\t<div class=\"elementor-background-overlay\"><\/div>\n\t\t\t\t\t\t<div class=\"elementor-shape elementor-shape-bottom\" aria-hidden=\"true\" data-negative=\"false\">\n\t\t\t<svg xmlns=\"http:\/\/www.w3.org\/2000\/svg\" viewBox=\"0 0 1000 100\" preserveAspectRatio=\"none\">\n\t<path class=\"elementor-shape-fill\" d=\"M0,6V0h1000v100L0,6z\"\/>\n<\/svg>\t\t<\/div>\n\t\t\t\t\t<div class=\"elementor-container elementor-column-gap-default\">\n\t\t\t\t\t<div class=\"elementor-column elementor-col-100 elementor-top-column elementor-element elementor-element-94b0dea\" data-id=\"94b0dea\" data-element_type=\"column\" data-e-type=\"column\">\n\t\t\t<div class=\"elementor-widget-wrap elementor-element-populated\">\n\t\t\t\t\t\t<div class=\"elementor-element elementor-element-657570b elementor-invisible elementor-widget elementor-widget-heading\" data-id=\"657570b\" data-element_type=\"widget\" data-e-type=\"widget\" data-settings=\"{&quot;_animation&quot;:&quot;fadeInUp&quot;}\" data-widget_type=\"heading.default\">\n\t\t\t\t<div class=\"elementor-widget-container\">\n\t\t\t\t\t<h2 class=\"elementor-heading-title elementor-size-default\">\u00dcber uns<\/h2>\t\t\t\t<\/div>\n\t\t\t\t<\/div>\n\t\t\t\t\t<\/div>\n\t\t<\/div>\n\t\t\t\t\t<\/div>\n\t\t<\/section>\n\t\t\t\t<section class=\"elementor-section elementor-top-section elementor-element elementor-element-286f7f3 elementor-section-boxed elementor-section-height-default elementor-section-height-default\" data-id=\"286f7f3\" data-element_type=\"section\" data-e-type=\"section\">\n\t\t\t\t\t\t<div class=\"elementor-container elementor-column-gap-default\">\n\t\t\t\t\t<div class=\"elementor-column elementor-col-50 elementor-top-column elementor-element elementor-element-6ca185e elementor-invisible\" data-id=\"6ca185e\" data-element_type=\"column\" data-e-type=\"column\" data-settings=\"{&quot;animation&quot;:&quot;fadeInLeft&quot;,&quot;animation_mobile&quot;:&quot;fadeInUp&quot;}\">\n\t\t\t<div class=\"elementor-widget-wrap elementor-element-populated\">\n\t\t\t\t\t\t<div class=\"elementor-element elementor-element-64e1f2a elementor-widget elementor-widget-image\" data-id=\"64e1f2a\" data-element_type=\"widget\" data-e-type=\"widget\" data-widget_type=\"image.default\">\n\t\t\t\t<div class=\"elementor-widget-container\">\n\t\t\t\t\t\t\t\t\t\t\t\t\t\t\t<img fetchpriority=\"high\" decoding=\"async\" width=\"640\" height=\"384\" src=\"https:\/\/arpa.trading\/wp-content\/uploads\/2023\/09\/warehouse-indoor-view-1024x614.jpg\" class=\"attachment-large size-large wp-image-1052\" alt=\"\" srcset=\"https:\/\/arpa.trading\/wp-content\/uploads\/2023\/09\/warehouse-indoor-view-1024x614.jpg 1024w, https:\/\/arpa.trading\/wp-content\/uploads\/2023\/09\/warehouse-indoor-view-300x180.jpg 300w, https:\/\/arpa.trading\/wp-content\/uploads\/2023\/09\/warehouse-indoor-view-768x461.jpg 768w, https:\/\/arpa.trading\/wp-content\/uploads\/2023\/09\/warehouse-indoor-view.jpg 1500w\" sizes=\"(max-width: 640px) 100vw, 640px\" \/>\t\t\t\t\t\t\t\t\t\t\t\t\t\t\t<\/div>\n\t\t\t\t<\/div>\n\t\t\t\t\t<\/div>\n\t\t<\/div>\n\t\t\t\t<div class=\"elementor-column elementor-col-50 elementor-top-column elementor-element elementor-element-33defe6 elementor-invisible\" data-id=\"33defe6\" data-element_type=\"column\" data-e-type=\"column\" data-settings=\"{&quot;animation&quot;:&quot;fadeInRight&quot;,&quot;animation_mobile&quot;:&quot;fadeInUp&quot;,&quot;animation_delay&quot;:200}\">\n\t\t\t<div class=\"elementor-widget-wrap elementor-element-populated\">\n\t\t\t\t\t\t<div class=\"elementor-element elementor-element-309abd9 elementor-widget elementor-widget-text-editor\" data-id=\"309abd9\" data-element_type=\"widget\" data-e-type=\"widget\" data-widget_type=\"text-editor.default\">\n\t\t\t\t<div class=\"elementor-widget-container\">\n\t\t\t\t\t\t\t\t\t<p>Arpa trading &amp; commercial corporation ist f\u00fchrend im Bereich der privaten Maklerdienste und spezialisiert auf den Handel, den Vertrieb und die Ausf\u00fchrung von erstklassigen Nebendienstleistungen. Unsere Bandbreite und Erfahrung erstreckt sich auf eine Vielzahl von Sektoren, von Lebensmitteln \u00fcber Hardware und Software bis hin zu Rohstoffen und deren Derivaten, einschlie\u00dflich roher und verarbeiteter Mineralien, Eisen- und Nichteisenmetalle, raffinierter und roher Kohlenwasserstoffe sowie Produkte und Materialien f\u00fcr die Nutzung erneuerbarer Energien, einschlie\u00dflich Gas und Heiz\u00f6l.<\/p>\n<p>Wir sind auch ein wichtiger Akteur bei der Lieferung von Produkten und Materialien f\u00fcr die Automobilindustrie und verwalten den Handel mit Eisen- und Nichteisenschrott sowie mit allen baurelevanten Produkten.<\/p>\n\t\t\t\t\t\t\t\t<\/div>\n\t\t\t\t<\/div>\n\t\t\t\t\t<\/div>\n\t\t<\/div>\n\t\t\t\t\t<\/div>\n\t\t<\/section>\n\t\t\t\t<section class=\"elementor-section elementor-top-section elementor-element elementor-element-7779aeb elementor-section-boxed elementor-section-height-default elementor-section-height-default\" data-id=\"7779aeb\" data-element_type=\"section\" data-e-type=\"section\">\n\t\t\t\t\t\t<div class=\"elementor-container elementor-column-gap-default\">\n\t\t\t\t\t<div class=\"elementor-column elementor-col-50 elementor-top-column elementor-element elementor-element-6e0a6fd elementor-invisible\" data-id=\"6e0a6fd\" data-element_type=\"column\" data-e-type=\"column\" data-settings=\"{&quot;animation&quot;:&quot;fadeInLeft&quot;,&quot;animation_mobile&quot;:&quot;fadeInUp&quot;}\">\n\t\t\t<div class=\"elementor-widget-wrap elementor-element-populated\">\n\t\t\t\t\t\t<div class=\"elementor-element elementor-element-89bce06 elementor-widget elementor-widget-text-editor\" data-id=\"89bce06\" data-element_type=\"widget\" data-e-type=\"widget\" data-widget_type=\"text-editor.default\">\n\t\t\t\t<div class=\"elementor-widget-container\">\n\t\t\t\t\t\t\t\t\t<p>Wir schr\u00e4nken unseren Geltungsbereich nicht ein. Dar\u00fcber hinaus ist Arpa Trading &amp; Commercial Corporation in der Lage, Beteiligungen an Handels-, Finanz- und Industrieunternehmen zu erwerben und zu ver\u00e4u\u00dfern sowie eine breite Palette von Handels- und Finanztransaktionen durchzuf\u00fchren. So kann unser Unternehmen international expandieren, Tochtergesellschaften gr\u00fcnden und sich an anderen Unternehmen beteiligen, um auf den globalen M\u00e4rkten f\u00fchrend und innovativ zu sein.<\/p>\n\t\t\t\t\t\t\t\t<\/div>\n\t\t\t\t<\/div>\n\t\t\t\t\t<\/div>\n\t\t<\/div>\n\t\t\t\t<div class=\"elementor-column elementor-col-50 elementor-top-column elementor-element elementor-element-78fc30d elementor-invisible\" data-id=\"78fc30d\" data-element_type=\"column\" data-e-type=\"column\" data-settings=\"{&quot;animation&quot;:&quot;fadeInRight&quot;,&quot;animation_mobile&quot;:&quot;fadeInUp&quot;,&quot;animation_delay&quot;:200}\">\n\t\t\t<div class=\"elementor-widget-wrap elementor-element-populated\">\n\t\t\t\t\t\t<div class=\"elementor-element elementor-element-4540b4b elementor-widget elementor-widget-image\" data-id=\"4540b4b\" data-element_type=\"widget\" data-e-type=\"widget\" data-widget_type=\"image.default\">\n\t\t\t\t<div class=\"elementor-widget-container\">\n\t\t\t\t\t\t\t\t\t\t\t\t\t\t\t<img decoding=\"async\" width=\"1500\" height=\"1000\" src=\"https:\/\/arpa.trading\/wp-content\/uploads\/2023\/09\/crop-hands-tight-grip.jpg\" class=\"attachment-full size-full wp-image-1058\" alt=\"\" srcset=\"https:\/\/arpa.trading\/wp-content\/uploads\/2023\/09\/crop-hands-tight-grip.jpg 1500w, https:\/\/arpa.trading\/wp-content\/uploads\/2023\/09\/crop-hands-tight-grip-300x200.jpg 300w, https:\/\/arpa.trading\/wp-content\/uploads\/2023\/09\/crop-hands-tight-grip-1024x683.jpg 1024w, https:\/\/arpa.trading\/wp-content\/uploads\/2023\/09\/crop-hands-tight-grip-768x512.jpg 768w\" sizes=\"(max-width: 1500px) 100vw, 1500px\" \/>\t\t\t\t\t\t\t\t\t\t\t\t\t\t\t<\/div>\n\t\t\t\t<\/div>\n\t\t\t\t\t<\/div>\n\t\t<\/div>\n\t\t\t\t\t<\/div>\n\t\t<\/section>\n\t\t\t\t<section class=\"elementor-section elementor-top-section elementor-element elementor-element-ed2b3a1 elementor-section-full_width elementor-section-height-default elementor-section-height-default\" data-id=\"ed2b3a1\" data-element_type=\"section\" data-e-type=\"section\" data-settings=\"{&quot;background_background&quot;:&quot;classic&quot;,&quot;shape_divider_top&quot;:&quot;tilt&quot;}\">\n\t\t\t\t\t<div class=\"elementor-shape elementor-shape-top\" aria-hidden=\"true\" data-negative=\"false\">\n\t\t\t<svg xmlns=\"http:\/\/www.w3.org\/2000\/svg\" viewBox=\"0 0 1000 100\" preserveAspectRatio=\"none\">\n\t<path class=\"elementor-shape-fill\" d=\"M0,6V0h1000v100L0,6z\"\/>\n<\/svg>\t\t<\/div>\n\t\t\t\t\t<div class=\"elementor-container elementor-column-gap-default\">\n\t\t\t\t\t<div class=\"elementor-column elementor-col-100 elementor-top-column elementor-element elementor-element-f2cf5e8\" data-id=\"f2cf5e8\" data-element_type=\"column\" data-e-type=\"column\">\n\t\t\t<div class=\"elementor-widget-wrap\">\n\t\t\t\t\t\t\t<\/div>\n\t\t<\/div>\n\t\t\t\t\t<\/div>\n\t\t<\/section>\n\t\t\t\t<\/div>\n\t\t","protected":false},"excerpt":{"rendered":"<p>\u00dcber uns Arpa trading &amp; commercial corporation ist f\u00fchrend im Bereich der privaten Maklerdienste und spezialisiert auf den Handel, den Vertrieb und die Ausf\u00fchrung von erstklassigen Nebendienstleistungen. Unsere Bandbreite und Erfahrung erstreckt sich auf eine Vielzahl von Sektoren, von Lebensmitteln \u00fcber Hardware und Software bis hin zu Rohstoffen und deren Derivaten, einschlie\u00dflich roher und verarbeiteter [&hellip;]<\/p>\n","protected":false},"author":1,"featured_media":0,"parent":0,"menu_order":0,"comment_status":"closed","ping_status":"closed","template":"","meta":{"footnotes":""},"class_list":["post-1184","page","type-page","status-publish","hentry"],"_links":{"self":[{"href":"https:\/\/arpa.trading\/de\/wp-json\/wp\/v2\/pages\/1184","targetHints":{"allow":["GET"]}}],"collection":[{"href":"https:\/\/arpa.trading\/de\/wp-json\/wp\/v2\/pages"}],"about":[{"href":"https:\/\/arpa.trading\/de\/wp-json\/wp\/v2\/types\/page"}],"author":[{"embeddable":true,"href":"https:\/\/arpa.trading\/de\/wp-json\/wp\/v2\/users\/1"}],"replies":[{"embeddable":true,"href":"https:\/\/arpa.trading\/de\/wp-json\/wp\/v2\/comments?post=1184"}],"version-history":[{"count":1,"href":"https:\/\/arpa.trading\/de\/wp-json\/wp\/v2\/pages\/1184\/revisions"}],"predecessor-version":[{"id":1185,"href":"https:\/\/arpa.trading\/de\/wp-json\/wp\/v2\/pages\/1184\/revisions\/1185"}],"wp:attachment":[{"href":"https:\/\/arpa.trading\/de\/wp-json\/wp\/v2\/media?parent=1184"}],"curies":[{"name":"wp","href":"https:\/\/api.w.org\/{rel}","templated":true}]}}